

{"id":101,"date":"2015-06-07T16:52:15","date_gmt":"2015-06-07T19:52:15","guid":{"rendered":"http:\/\/taigafilmes.com\/wp\/?page_id=101"},"modified":"2019-06-27T10:32:40","modified_gmt":"2019-06-27T13:32:40","slug":"doces-poderes","status":"publish","type":"page","link":"http:\/\/taigafilmes.com\/site\/filmes-realizados\/doces-poderes\/","title":{"rendered":"Doces poderes"},"content":{"rendered":"<div id=\"pl-101\"  class=\"panel-layout\" ><div id=\"pg-101-0\"  class=\"panel-grid panel-no-style\" ><div id=\"pgc-101-0-0\"  class=\"panel-grid-cell\" ><div id=\"panel-101-0-0-0\" class=\"so-panel widget widget_black-studio-tinymce widget_black_studio_tinymce panel-first-child panel-last-child\" data-index=\"0\" ><div class=\"textwidget\"><p><img class=\"alignnone size-full wp-image-265\" src=\"http:\/\/taigafilmes.com\/site\/wp-content\/uploads\/2015\/06\/doces_poderes_g.jpg\" alt=\"Doces Poderes, um filme de Lucia Murat\" width=\"1099\" height=\"688\" \/><\/p>\n<p>Jornalista chega a Bras\u00edlia para assumir, durante per\u00edodo eleitoral, a chefia da sucursal da principal rede de TV do pa\u00eds. O antigo diretor est\u00e1 indo chefiar a campanha de um jovem candidato a governador, apoiado por pol\u00edticos conservadores, que utiliza um discurso entre o populista e o moderno. Metade dos profissionais est\u00e1 se retirando, sob as mais variadas desculpas, para ganhar sal\u00e1rios milion\u00e1rios nos mais diferentes estados (Rond\u00f4nia, Par\u00e1, etc.), fazendo campanha pol\u00edtica para todos os tipos de candidatos, sem qualquer crit\u00e9rio, pol\u00edtico ou \u00e9tico. Esses profissionais v\u00e3o surgir, ao longo de todo o filme, em depoimentos nas ilhas de edi\u00e7\u00e3o. Os mais variados discursos - desde a crise econ\u00f4mica at\u00e9 a falta de perspectiva desse fim de s\u00e9culo - justificam suas op\u00e7\u00f5es.<\/p>\n<p>Por meio\u00a0destes discursos, o filme mostra o desenvolvimento das campanhas e os conflitos vividos por estes personagens. A jornalista, por sua vez, est\u00e1 em crise diante do que se passa em sua profiss\u00e3o. Na reda\u00e7\u00e3o, destaca-se o novo chefe de reportagem, um rapaz eficiente, de outra gera\u00e7\u00e3o, preocupado acima de tudo com sua carreira na televis\u00e3o. A jornalista encontra um deputado ex-militante de esquerda, amor de adolescente, casado, com uma vida tradicional, com quem volta a estabelecer uma rela\u00e7\u00e3o. Forma-se, ent\u00e3o, um tri\u00e2ngulo amoroso envolvendo estes tr\u00eas personagens, onde, al\u00e9m das diferen\u00e7as de idade e de forma\u00e7\u00e3o, quest\u00f5es como o poder da m\u00eddia e o papel do jornalista no mundo de hoje v\u00e3o coloc\u00e1-los em cheque.<\/p>\n<p>Todos os personagens v\u00e3o se deparar, durante o filme, com situa\u00e7\u00f5es amb\u00edguas e eticamente discut\u00edveis. N\u00e3o existe mais preto e branco e todos se v\u00eaem diante dessa estranha realidade cinza. O deputado, para poder emplacar seu partido, faz frente em outros estados com candidatos \u00e0 direita. A jornalista v\u00ea seu trabalho manipulado pela dire\u00e7\u00e3o da emissora. E a pr\u00f3pria campanha em Bras\u00edlia vai num crescendo de apela\u00e7\u00f5es e utiliza\u00e7\u00f5es pessoais. A rea\u00e7\u00e3o a estas manipula\u00e7\u00f5es e a todas estas conting\u00eancias, entremeada por reencontros e desencontros afetivos, \u00e9 a hist\u00f3ria deste filme.<\/p>\n<h4>Nota da diretora<\/h4>\n<p>Vivemos num mundo onde \u00e0 raz\u00e3o c\u00ednica n\u00e3o se contrap\u00f5e mais a raz\u00e3o ut\u00f3pica. O filme \"Doces Poderes\" coloca a olho nu esta quest\u00e3o, de v\u00e1rios pontos de vista: o da m\u00eddia, o do poder pol\u00edtico e a \u00f3tica individual dos profissionais de comunica\u00e7\u00e3o. Sua import\u00e2ncia est\u00e1 em mostrar como esta quest\u00e3o se d\u00e1 concretamente no Brasil, um pa\u00eds onde uma democracia recente convive com um capitalismo perverso. Desnudar a forma como o poder pol\u00edtico se estabelece, mostrando todas as for\u00e7as em jogo numa elei\u00e7\u00e3o \u00e9 de extrema import\u00e2ncia para que se possa apreender o pa\u00eds em que vivemos. As altas verbas destinadas \u00e0s campanhas eleitorais tornaram natural que publicit\u00e1rios, redatores, rep\u00f3rteres, cinegrafistas e diretores aderissem a esse mercado sem que houvesse qualquer crit\u00e9rio, a n\u00e3o ser o financeiro, para a escolha dos candidatos aos quais iriam servir enquanto profissionais. Premidos na luta pela sobreviv\u00eancia, perdidos entre os sonhos que acabaram, a quest\u00e3o \u00e9tica parece ter se tornado algo do passado.A esquizofrenia e a selvageria destas rela\u00e7\u00f5es est\u00e3o \u00e0 mostra neste filme. Para o espectador, esta \u00e9 uma oportunidade de se emocionar, pensar e refletir sobre a realidade brasileira, sem manique\u00edsmos. Podres poderes ou doces poderes? Neste confuso fim de s\u00e9culo, o filme pergunta: como sobreviver a todas estas contradi\u00e7\u00f5es, se n\u00e3o existe mais um mito no fim do tunel? \"Doces Poderes\" se insere na linha dos filmes que pretendem restabelecer uma rela\u00e7\u00e3o com o espectador brasileiro, respeitando-o como algu\u00e9m que pode e deve ser cr\u00edtico. E apesar de desnudar rela\u00e7\u00f5es de poder existentes no nosso pa\u00eds, trata de quest\u00f5es que atingem o mundo todo: a monetariza\u00e7\u00e3o das rela\u00e7\u00f5es humanas, o novo papel da m\u00eddia, a crise da \u00e9tica.<\/p>\n<h4>Cr\u00edticas<\/h4>\n<p>\"Uma brilhante an\u00e1lise das rela\u00e7\u00f5es entre poder, sexo e pol\u00edtica no Brasil\" (Dar Tages Spiegel - Alemanha)<br \/> \"Uma dire\u00e7\u00e3o criativa\" (Variety - USA)<br \/> \"Divertido e ir\u00f4nico\" (Village Voice - USA)<br \/> \"Bom humor, sagacidade e coragem\" (O Estado de S\u00e3o Paulo -Brasil )<br \/> \"Humor com amargo gosto de tragicom\u00e9dia\" (Jornal do Brasil - Brasil)<br \/> \"Boa forma do cinema nacional\" (Folha de SP - Brasil )<br \/> \"Oportuno e competente\" (Isto \u00e9 - Brasil)<br \/> \"Um filme que prende o espectador\" (Revista Veja - Brasil)<\/p>\n<h4>Sele\u00e7\u00e3o internacional<\/h4>\n<p>Sundance Film Festival (USA, 1997<br \/> Festival de Berlim - Film Forum (Alemanha, 1997<br \/> New England Latin American Film Festival (USA, 1997)<br \/> Washington International Film Festival (USA, 1997)<br \/> Philadelphia World Cinema (USA - 1997)<br \/> London Latin American Film Festival (London, 1997)<br \/> Festival de Mar del Plata (Argentina, 1997)<br \/> Festival de Havana (Cuba, 1997)<br \/> Chicago Latino Film Festival (USA, 1998)<br \/> Festival de Mulheres (Turim - It\u00e1lia, - 1998)<br \/> Cruzando Fronteras (Washington - USA, 1998)<br \/> Los Angeles Latino Film Festival (USA, 1998)<br \/> Festival de Serra da Estrela (Portugal, 1998)<br \/> San Diego Latino Film Festival (USA, 1999)<\/p>\n<\/div><\/div><\/div><div id=\"pgc-101-0-1\"  class=\"panel-grid-cell\" ><div id=\"panel-101-0-1-0\" class=\"so-panel widget widget_black-studio-tinymce widget_black_studio_tinymce panel-first-child panel-last-child\" data-index=\"1\" ><div class=\"panel-widget-style panel-widget-style-for-101-0-1-0\" ><div class=\"textwidget\"><p><img class=\"alignnone size-full wp-image-62\" src=\"http:\/\/taigafilmes.com\/site\/wp-content\/uploads\/2015\/06\/cartaz_docespoderes.jpg\" alt=\"\" width=\"237\" height=\"354\" \/><\/p>\n<h4>Elenco<\/h4>\n<p>Marisa Orth<br \/>\nAnt\u00f4nio Fagundes,<br \/>\nTuca Andrada<br \/>\nS\u00e9rgio Mamberti<br \/>\nOt\u00e1vio Augusto<br \/>\nJos\u00e9 de Abreu<br \/>\nCl\u00e1udia Lira<br \/>\nLuiz Ant\u00f4nio Pilar<br \/>\nVicente Barcelos<\/p>\n<p>Participa\u00e7\u00e3o especial: Amir Hadad, Catarina Abdala, Cristina Ach\u00e9, Chico Diaz, Elias Andreato, Jonas Block, Rodrigo Pena, Stepan Necerssian e Zez\u00e9 Polessa.<br \/>\nAtor convidado : Luis Melo<\/p>\n<h4>Cr\u00e9ditos<\/h4>\n<p>Produ\u00e7\u00e3o : Taiga Filmes e V\u00eddeo<br \/>\nDire\u00e7\u00e3o e roteiro: L\u00facia Murat<br \/>\nDire\u00e7\u00e3o de fotografia: Ant\u00f4nio Luiz Mendes<br \/>\nMontagem: C\u00e9sar Migliorin e Vera Freire<br \/>\nM\u00fasica: Sacha Amback com Adriana Calcanhoto<br \/>\nCenografia: Sergio Menezes<br \/>\nFigurino: In\u00eas Salgado<br \/>\nSom direto: Heron Alencar \/ Chico Bororo<br \/>\nMixagem: Roberto Leite.<\/p>\n<p>&nbsp;<\/p>\n<\/div><\/div><\/div><\/div><\/div><\/div>","protected":false},"excerpt":{"rendered":"<p>Jornalista chega a Bras\u00edlia para assumir, durante per\u00edodo eleitoral, a chefia da sucursal da principal rede de TV do pa\u00eds. O antigo diretor est\u00e1 indo chefiar a campanha de um jovem candidato a governador, apoiado por pol\u00edticos conservadores, que utiliza um discurso entre o populista e o moderno. Metade dos profissionais est\u00e1 se retirando, sob [&hellip;]<\/p>\n","protected":false},"author":1,"featured_media":0,"parent":6,"menu_order":0,"comment_status":"closed","ping_status":"closed","template":"templates\/template-full.php","meta":[],"_links":{"self":[{"href":"http:\/\/taigafilmes.com\/site\/wp-json\/wp\/v2\/pages\/101"}],"collection":[{"href":"http:\/\/taigafilmes.com\/site\/wp-json\/wp\/v2\/pages"}],"about":[{"href":"http:\/\/taigafilmes.com\/site\/wp-json\/wp\/v2\/types\/page"}],"author":[{"embeddable":true,"href":"http:\/\/taigafilmes.com\/site\/wp-json\/wp\/v2\/users\/1"}],"replies":[{"embeddable":true,"href":"http:\/\/taigafilmes.com\/site\/wp-json\/wp\/v2\/comments?post=101"}],"version-history":[{"count":16,"href":"http:\/\/taigafilmes.com\/site\/wp-json\/wp\/v2\/pages\/101\/revisions"}],"predecessor-version":[{"id":1789,"href":"http:\/\/taigafilmes.com\/site\/wp-json\/wp\/v2\/pages\/101\/revisions\/1789"}],"up":[{"embeddable":true,"href":"http:\/\/taigafilmes.com\/site\/wp-json\/wp\/v2\/pages\/6"}],"wp:attachment":[{"href":"http:\/\/taigafilmes.com\/site\/wp-json\/wp\/v2\/media?parent=101"}],"curies":[{"name":"wp","href":"https:\/\/api.w.org\/{rel}","templated":true}]}}