

{"id":103,"date":"2015-06-07T16:52:27","date_gmt":"2015-06-07T19:52:27","guid":{"rendered":"http:\/\/taigafilmes.com\/wp\/?page_id=103"},"modified":"2017-11-08T14:20:37","modified_gmt":"2017-11-08T16:20:37","slug":"brava-gente-brasileira","status":"publish","type":"page","link":"http:\/\/taigafilmes.com\/site\/filmes-realizados\/brava-gente-brasileira\/","title":{"rendered":"Brava gente brasileira"},"content":{"rendered":"<div id=\"pl-103\"  class=\"panel-layout\" ><div id=\"pg-103-0\"  class=\"panel-grid panel-no-style\" ><div id=\"pgc-103-0-0\"  class=\"panel-grid-cell\" ><div id=\"panel-103-0-0-0\" class=\"so-panel widget widget_black-studio-tinymce widget_black_studio_tinymce panel-first-child panel-last-child\" data-index=\"0\" ><div class=\"textwidget\"><p><img class=\"alignnone size-full wp-image-138\" src=\"http:\/\/taigafilmes.com\/site\/wp-content\/uploads\/2015\/06\/brava_gente_foto_g.jpg\" alt=\"\" width=\"1100\" height=\"688\" \/><\/p>\n<p>Pantanal, 1778, regi\u00e3o do M\u00e9dio-Paraguai, um grupo de soldados acompanha Diogo, astr\u00f4nomo, naturalista e cart\u00f3grafo, rec\u00e9m-formado em Coimbra, que chega \u00e0 regi\u00e3o para fazer um levantamento topogr\u00e1fico para a Coroa Portuguesa. A coluna se encaminha para o Forte Coimbra, permanentemente assediada pelos \u00edndios cavaleiros, com quem Portugal est\u00e1 tentando um acordo de paz. No caminho do forte, um batedor descobre um grupo de mulheres \u00edndias tomando banho num rio. Em meio a alguns desencontros, os soldados estupram as mulheres. Tr\u00eas personagens se destacam: Pedro, que chefia o grupo e \u00e9 particularmente feroz, Diogo, que ter\u00e1 de confrontar sua forma\u00e7\u00e3o \"ilustrada\" com a dura realidade da col\u00f4nia, e Ant\u00f4nio, que carrega um mapa secreto com a localiza\u00e7\u00e3o de supostas minas de prata. Todos se envolvem na carnificina, at\u00e9 mesmo Diogo, a quem Pedro entrega uma \u00edndia que tinha se escondido na mata. Diogo impede Pedro de assassinar a \u00edndia e todos seguem para o forte.<\/p>\n<p>Ali, o comandante vive com uma \u00edndia de outra tribo - guan\u00e1, j\u00e1 catequizada e aculturada - os conflitos crescem. O filme vai trabalhar em torno destas rela\u00e7\u00f5es, que representam em \u00faltima inst\u00e2ncia o conflito entre os dois mundos e na pr\u00e1tica o surgimento de um terceiro, onde os conceitos dos dois lados come\u00e7am a se desintegrar. Assim \u00e9 o conflito de Diogo entre a lembran\u00e7a da noiva virgem portuguesa e a atra\u00e7\u00e3o culpada pela \u00edndia; ou as tentativas do comandante em conciliar os dois mundos; ou ainda a ferocidade de Pedro que caminha enlouquecido numa \u00e2nsia crescente de viol\u00eancia como se buscasse um limite que o Novo Mundo n\u00e3o lhe d\u00e1. Finalmente, a fantasia de Ant\u00f4nio em torno das minas de prata que lhe toma corpo e alma, deixando-o incapaz de lidar com a realidade. O per\u00edodo das chuvas e da cheia vai significar uma tr\u00e9gua na luta com os guaicuru. Quando as \u00e1guas come\u00e7am a baixar, a possibilidade de paz ressurge. Mas uma surpresa ocorre.<\/p>\n<p><a style=\"color: #ff6633;\" href=\"http:\/\/www.taigafilmes.com\/bravagente\/\">Veja mais no site do filme \u00bb<\/a><\/p>\n<\/div><\/div><\/div><div id=\"pgc-103-0-1\"  class=\"panel-grid-cell\" ><div id=\"panel-103-0-1-0\" class=\"so-panel widget widget_black-studio-tinymce widget_black_studio_tinymce panel-first-child panel-last-child\" data-index=\"1\" ><div class=\"textwidget\"><p><img class=\"alignnone wp-image-61 size-medium\" src=\"http:\/\/taigafilmes.com\/site\/wp-content\/uploads\/2015\/06\/cartaz_bravagente-201x300.jpg\" alt=\"\" width=\"201\" height=\"300\" \/><\/p>\n<h4>Cast<\/h4>\n<p>Diogo Infante<br \/> Floriano Peixoto<br \/> Luciana Rigueira<br \/> Leonardo Villar<br \/> Buza Ferraz<br \/> Murilo Grossi<br \/> Participa\u00e7\u00e3o especial: S\u00e9rgio Mamberti<\/p>\n<p>Apresentando os kadiw\u00e9u:<br \/> Adeilson da Silva<br \/> Vanessa Marcelino<br \/> Hil\u00e1rio Silva<br \/> Wiliam Soares<br \/> Comunidade Kadiweu<\/p>\n<h4>Cr\u00e9ditos<\/h4>\n<p>Produ\u00e7\u00e3o, roteiro e dire\u00e7\u00e3o: L\u00facia Murat<br \/> Produ\u00e7\u00e3o executiva: Cristina Ach\u00e9<br \/> Dire\u00e7\u00e3o de produ\u00e7\u00e3o: Ren\u00e9 Bittencourt<br \/> Dire\u00e7\u00e3o de fotografia: Antonio Luiz Mendes<br \/> Dire\u00e7\u00e3o de arte: Jos\u00e9 Joaquim Salles<br \/> Cen\u00e1rio: Shell Jr.<br \/> Figurino: In\u00eas Salgado<br \/> Montagem: Mair Tavares e Cezar Migliorin<br \/> Som direto: Heron Alencar<br \/> Edi\u00e7\u00e3o de som: Simone Petrillo e Carlos Cox<br \/> M\u00fasica: Livio Tratmberg<\/p>\n<p>\"Brava Gente Brasileira\" \u00e9 uma produ\u00e7\u00e3o apoiada pela lei do audiovisual do Minist\u00e9rio da Cultura,\u00a0com financiamento do Programa Ibermedia, uma co-produ\u00e7\u00e3o em Portugal - Costa do Castelo Filmes, distribui\u00e7\u00e3o no M\u00e9xico - Latina - e a distribui\u00e7\u00e3o da Riofilme no Brasil.<\/p>\n<\/div><\/div><\/div><\/div><\/div>","protected":false},"excerpt":{"rendered":"<p>Pantanal, 1778, regi\u00e3o do M\u00e9dio-Paraguai, um grupo de soldados acompanha Diogo, astr\u00f4nomo, naturalista e cart\u00f3grafo, rec\u00e9m-formado em Coimbra, que chega \u00e0 regi\u00e3o para fazer um levantamento topogr\u00e1fico para a Coroa Portuguesa. A coluna se encaminha para o Forte Coimbra, permanentemente assediada pelos \u00edndios cavaleiros, com quem Portugal est\u00e1 tentando um acordo de paz. No caminho [&hellip;]<\/p>\n","protected":false},"author":1,"featured_media":0,"parent":6,"menu_order":0,"comment_status":"closed","ping_status":"closed","template":"templates\/template-full.php","meta":[],"_links":{"self":[{"href":"http:\/\/taigafilmes.com\/site\/wp-json\/wp\/v2\/pages\/103"}],"collection":[{"href":"http:\/\/taigafilmes.com\/site\/wp-json\/wp\/v2\/pages"}],"about":[{"href":"http:\/\/taigafilmes.com\/site\/wp-json\/wp\/v2\/types\/page"}],"author":[{"embeddable":true,"href":"http:\/\/taigafilmes.com\/site\/wp-json\/wp\/v2\/users\/1"}],"replies":[{"embeddable":true,"href":"http:\/\/taigafilmes.com\/site\/wp-json\/wp\/v2\/comments?post=103"}],"version-history":[{"count":26,"href":"http:\/\/taigafilmes.com\/site\/wp-json\/wp\/v2\/pages\/103\/revisions"}],"predecessor-version":[{"id":1449,"href":"http:\/\/taigafilmes.com\/site\/wp-json\/wp\/v2\/pages\/103\/revisions\/1449"}],"up":[{"embeddable":true,"href":"http:\/\/taigafilmes.com\/site\/wp-json\/wp\/v2\/pages\/6"}],"wp:attachment":[{"href":"http:\/\/taigafilmes.com\/site\/wp-json\/wp\/v2\/media?parent=103"}],"curies":[{"name":"wp","href":"https:\/\/api.w.org\/{rel}","templated":true}]}}