

{"id":105,"date":"2015-06-07T16:52:52","date_gmt":"2015-06-07T19:52:52","guid":{"rendered":"http:\/\/taigafilmes.com\/wp\/?page_id=105"},"modified":"2017-11-08T14:21:49","modified_gmt":"2017-11-08T16:21:49","slug":"quase-dois-irmaos","status":"publish","type":"page","link":"http:\/\/taigafilmes.com\/site\/filmes-realizados\/quase-dois-irmaos\/","title":{"rendered":"Quase dois irm\u00e3os"},"content":{"rendered":"<div id=\"pl-105\"  class=\"panel-layout\" ><div id=\"pg-105-0\"  class=\"panel-grid panel-no-style\" ><div id=\"pgc-105-0-0\"  class=\"panel-grid-cell\" ><div id=\"panel-105-0-0-0\" class=\"so-panel widget widget_black-studio-tinymce widget_black_studio_tinymce panel-first-child panel-last-child\" data-index=\"0\" ><div class=\"textwidget\"><p><img class=\"alignnone wp-image-612 size-full\" src=\"http:\/\/taigafilmes.com\/site\/wp-content\/uploads\/2015\/06\/quase_dois_irmaos_g.jpg\" alt=\"Quase dois irm\u00e3os, um filme de Lucia Murat\" width=\"1100\" height=\"688\" \/>Nos anos 70, quando o pa\u00eds vivia sob a ditadura militar, muitos presos pol\u00edticos foram levados para a Penitenci\u00e1ria da Ilha Grande, na costa do Rio de Janeiro. Da mesma forma como os pol\u00edticos, assaltantes de bancos tamb\u00e9m estavam submetidos \u00e0 Lei de Seguran\u00e7a Nacional. Ambos cumpriam pena na mesma galeria. O encontro entre esses dois mundos \u00e9 parte importante da hist\u00f3ria da viol\u00eancia que o Pa\u00eds enfrenta hoje. \"Quase Dois Irm\u00e3os\" mostra como essa rela\u00e7\u00e3o se desenvolveu e o conflito estabelecido entre eles. Entre o conflito e o aprendizado, nasceu o Comando Vermelho, que mais tarde passou a dominar o tr\u00e1fico de drogas.<\/p>\n<p>Atrav\u00e9s de dois personagens, Miguel, um jovem intelectual de classe m\u00e9dia preso pol\u00edtico na Ilha Grande, e hoje deputado federal, e Jorge, filho de um sambista que de pequenos assaltos se transformou num dos l\u00edderes do Comando Vermelho, o filme tem como pano de fundo a hist\u00f3ria pol\u00edtica do Brasil nos \u00faltimos 50 anos, contada tamb\u00e9m atrav\u00e9s da m\u00fasica popular, o ponto de liga\u00e7\u00e3o entre esses dois mundos. Hoje, come\u00e7a um novo ciclo: Miguel tem uma filha adolescente, que fascinada pelas favelas e pela transgress\u00e3o, se envolve com um jovem traficante.<\/p>\n<p><a style=\"color: #ff6633;\" href=\"http:\/\/www.taigafilmes.com\/quase\/o_filme.html\">Veja mais no site do filme \u00bb<\/a><\/p>\n<h4>Premia\u00e7\u00f5es<\/h4>\n<p>Festival do Rio 2004<br \/> Melhor Diretor \u2013 L\u00facia Murat<br \/> Melhor Ator \u2013 Fl\u00e1vio Bauraqui<br \/> Fipresci Award (Federa\u00e7\u00e3o Internacional de Cr\u00edticos) \u2013 Best Latin American Film<\/p>\n<p>Amazonas film festival 2004<br \/> Melhor Filme<\/p>\n<p>Festival de Havana 2004<br \/> Melhor Edi\u00e7\u00e3o<br \/> Melhor Trilha Sonora<\/p>\n<p>Festival de Marseille 2005<br \/> Melhor filme do p\u00fablico<br \/> Pr\u00eamio especial do J\u00fari<\/p>\n<p>Festival Mar Del Plata 2005<br \/> Melhor filme do juri popular<br \/> Melhor filme ibero-americano do juri<\/p>\n<p>Festival Brasileiro de Paris 2005<br \/> Melhor filme do P\u00fablico<\/p>\n<p>Festival de Bel\u00e9m 2005<br \/> Melhor roteiro \u2013 Lucia Murat e Paulo Lins<br \/> Melhor ator coadjuvante \u2013 Babu Santana<br \/> Melhor atriz coadjuvante \u2013 Maria Flor<\/p>\n<p>Brasilian Miami film festival 2005<br \/> Melhor som \u2013 Nan\u00e1 Vasconcelos<\/p>\n<p>Festival de Huelva 2005<br \/> Pr\u00eamio Radio de Espa\u00f1a<br \/> Pr\u00eamios Especial do Jurados<\/p>\n<p>Associa\u00e7\u00e3o Paulista dos cr\u00edticos de Arte 2005<br \/> Melhor roteiro \u2013 Lucia Murat e Paulo Lins<\/p>\n<p>Associa\u00e7\u00e3o dos Correspondentes Estrangeiros 2005<br \/> Indicado para melhor filme, melhor diretor, melhor roteiro e melhor ator<\/p>\n<h4>Participa\u00e7\u00f5es internacionais<\/h4>\n<p>Toronto Film Festival - 2004<br \/> Montreal Film festival - 2004<br \/> Festival do Rio - 2004<br \/> Mostra de S\u00e3o Paulo - 2004<br \/> Festival de Biarritz - 2004<br \/> Festial de Havana - 2004<br \/> Festival de Palm Springs - 2005<br \/> Festival de Cr\u00e9teil - 2005<br \/> San Francisco International Film Festival - 2005<br \/> Seattle International Film Festival - 2005Festival de Lima \u2013 2005<br \/> Festival de Valdivia- 2005<br \/> Festival de Quito \u2013 2005<br \/> London Film Festival \u2013 2005<br \/> Helsink Film Festival \u2013 2005<br \/> Meinheim Film Festival -2005<br \/> Haifa Film Festival<br \/> Melbourne film Festival<\/p>\n<\/div><\/div><\/div><div id=\"pgc-105-0-1\"  class=\"panel-grid-cell\" ><div id=\"panel-105-0-1-0\" class=\"so-panel widget widget_black-studio-tinymce widget_black_studio_tinymce panel-first-child panel-last-child\" data-index=\"1\" ><div class=\"textwidget\"><p><img class=\"alignnone wp-image-530 size-full\" src=\"http:\/\/taigafilmes.com\/site\/wp-content\/uploads\/2015\/06\/cartaz_quasedoisirmaos1.jpg\" alt=\"\" width=\"228\" height=\"341\" \/><\/p>\n<h4>Cr\u00e9ditos<\/h4>\n<p>Elenco por ordem de entrada em cena<\/p>\n<p>Brunno Abrah\u00e3o<br \/>\nSilvia Buarque<br \/>\nWerner Sh\u00fcnemann<br \/>\nLuiz Melodia<br \/>\nFernando Eiras<br \/>\nAnt\u00f4nio Pomp\u00eao<br \/>\nCaco Ciocler<br \/>\nFernando Alves Pinto<br \/>\nPaulo Hamiltonn<br \/>\nBruce Gomlevsky<br \/>\nFl\u00e1vio Bauraqui<br \/>\nMaria Flor<br \/>\nMarieta Severo<br \/>\nJerusa Franco<br \/>\nCharles Fricks<br \/>\nJandir Ferrari<br \/>\nTonico Pereira<br \/>\nLucia Alves<br \/>\nRenato de Souza<br \/>\nErick Oliveira<br \/>\nBabu Santana<\/p>\n<p>Argumento, produ\u00e7\u00e3o e dire\u00e7\u00e3o: Lucia Murat<br \/>\nProdu\u00e7\u00e3o: Taiga Filmes<br \/>\nCo-produ\u00e7\u00e3o: Ceneca Producciones (Chile) e TS Productions (Fran\u00e7a)<br \/>\nDiretor de fotografia: Jacob SoliTrenick<br \/>\nProdu\u00e7\u00e3o executiva: Ailton Franco Jr. e Branca Murat<br \/>\nRoteiro: Lucia Murat e Paulo Lins<br \/>\nMontagem: Mair Tavares<br \/>\nEdi\u00e7\u00e3o de som: Simone Petrillo<br \/>\nSom direto: Silvio Da-Rin<br \/>\nMixagem: Emanuek Croset<br \/>\nM\u00fasica: Nan\u00e1 Vasconcelos<br \/>\nCo-produtores: Adrian S\u00f3lar, Milena Polyo, Giles Sacuto<br \/>\nDire\u00e7\u00e3o de Produ\u00e7\u00e3o: Ren\u00e9 Bittencourt<br \/>\nDiretor de arte: Luiz Henrique Pinto<br \/>\nFigurino: In\u00eas Salgado<br \/>\nEdi\u00e7\u00e3o de som: Simone Petrillo, Jose Moreau Louzeiro<\/p>\n<p>&nbsp;<\/p>\n<\/div><\/div><\/div><\/div><\/div>","protected":false},"excerpt":{"rendered":"<p>Nos anos 70, quando o pa\u00eds vivia sob a ditadura militar, muitos presos pol\u00edticos foram levados para a Penitenci\u00e1ria da Ilha Grande, na costa do Rio de Janeiro. Da mesma forma como os pol\u00edticos, assaltantes de bancos tamb\u00e9m estavam submetidos \u00e0 Lei de Seguran\u00e7a Nacional. Ambos cumpriam pena na mesma galeria. O encontro entre esses [&hellip;]<\/p>\n","protected":false},"author":1,"featured_media":0,"parent":6,"menu_order":0,"comment_status":"closed","ping_status":"closed","template":"templates\/template-full.php","meta":[],"_links":{"self":[{"href":"http:\/\/taigafilmes.com\/site\/wp-json\/wp\/v2\/pages\/105"}],"collection":[{"href":"http:\/\/taigafilmes.com\/site\/wp-json\/wp\/v2\/pages"}],"about":[{"href":"http:\/\/taigafilmes.com\/site\/wp-json\/wp\/v2\/types\/page"}],"author":[{"embeddable":true,"href":"http:\/\/taigafilmes.com\/site\/wp-json\/wp\/v2\/users\/1"}],"replies":[{"embeddable":true,"href":"http:\/\/taigafilmes.com\/site\/wp-json\/wp\/v2\/comments?post=105"}],"version-history":[{"count":15,"href":"http:\/\/taigafilmes.com\/site\/wp-json\/wp\/v2\/pages\/105\/revisions"}],"predecessor-version":[{"id":1451,"href":"http:\/\/taigafilmes.com\/site\/wp-json\/wp\/v2\/pages\/105\/revisions\/1451"}],"up":[{"embeddable":true,"href":"http:\/\/taigafilmes.com\/site\/wp-json\/wp\/v2\/pages\/6"}],"wp:attachment":[{"href":"http:\/\/taigafilmes.com\/site\/wp-json\/wp\/v2\/media?parent=105"}],"curies":[{"name":"wp","href":"https:\/\/api.w.org\/{rel}","templated":true}]}}