

{"id":115,"date":"2015-06-07T16:54:57","date_gmt":"2015-06-07T19:54:57","guid":{"rendered":"http:\/\/taigafilmes.com\/wp\/?page_id=115"},"modified":"2017-11-08T14:27:56","modified_gmt":"2017-11-08T16:27:56","slug":"historias-que-so-existem-quando-contadas","status":"publish","type":"page","link":"http:\/\/taigafilmes.com\/site\/filmes-realizados\/historias-que-so-existem-quando-contadas\/","title":{"rendered":"Hist\u00f3rias que s\u00f3 existem quando contadas"},"content":{"rendered":"<div id=\"pl-115\"  class=\"panel-layout\" ><div id=\"pg-115-0\"  class=\"panel-grid panel-no-style\" ><div id=\"pgc-115-0-0\"  class=\"panel-grid-cell\" ><div id=\"panel-115-0-0-0\" class=\"so-panel widget widget_black-studio-tinymce widget_black_studio_tinymce panel-first-child panel-last-child\" data-index=\"0\" ><div class=\"textwidget\"><p><img class=\"size-full wp-image-204\" src=\"http:\/\/taigafilmes.com\/site\/wp-content\/uploads\/2015\/06\/historias_g-e1434310832757.jpg\" alt=\"Hist\u00f3rias que s\u00f3 existem quando contadas, um filme de Julia Murat\" width=\"1100\" height=\"688\" \/><br \/>\nJotuamba \u00e9 uma cidade fict\u00edcia, ambientada no Vale do Para\u00edba, onde, nos anos 1930, grandes fazendas de caf\u00e9 faliram, e cidades antes ricas se tornaram quase fantasmas. L\u00e1\u00a0vive Madalena, a velha padeira, presa \u00e0 mem\u00f3ria de seu marido morto e enterrado no \u00fanico cemit\u00e9rio da cidade, hoje trancado.<\/p>\n<p>Rita, uma jovem fot\u00f3grafa, chega \u00e0 procura de trens abandonados, e pouco a pouco, modifica o cotidiano de Madalena e da vila.<\/p>\n<p><a style=\"color: #ff6633;\" href=\"http:\/\/www.taigafilmes.com\/historias\/index.html\">Veja mais no site do filme \u00bb<\/a><\/p>\n<\/div><\/div><\/div><div id=\"pgc-115-0-1\"  class=\"panel-grid-cell\" ><div id=\"panel-115-0-1-0\" class=\"so-panel widget widget_black-studio-tinymce widget_black_studio_tinymce panel-first-child panel-last-child\" data-index=\"1\" ><div class=\"textwidget\"><p><img class=\"alignnone wp-image-52 size-medium\" src=\"http:\/\/taigafilmes.com\/site\/wp-content\/uploads\/2015\/06\/cartaz_historias-201x300.jpg\" alt=\"\" width=\"201\" height=\"300\" \/><\/p>\n<h4>Cr\u00e9ditos<\/h4>\n<p>Produtora: Taiga Filmes e Video<br \/>\nDire\u00e7\u00e3o: Julia Murat<br \/>\nProdutora executiva: Lucia Murat \/ Mar\u00edlia Nogueira<br \/>\nRoteiro: Julia Murat \/ Maria Clara Escobar<br \/>\nDi\u00e1logos: Felipe Sholl<\/p>\n<\/div><\/div><\/div><\/div><\/div>","protected":false},"excerpt":{"rendered":"<p>Jotuamba \u00e9 uma cidade fict\u00edcia, ambientada no Vale do Para\u00edba, onde, nos anos 1930, grandes fazendas de caf\u00e9 faliram, e cidades antes ricas se tornaram quase fantasmas. L\u00e1\u00a0vive Madalena, a velha padeira, presa \u00e0 mem\u00f3ria de seu marido morto e enterrado no \u00fanico cemit\u00e9rio da cidade, hoje trancado. Rita, uma jovem fot\u00f3grafa, chega \u00e0 procura [&hellip;]<\/p>\n","protected":false},"author":1,"featured_media":0,"parent":6,"menu_order":0,"comment_status":"closed","ping_status":"closed","template":"templates\/template-full.php","meta":[],"_links":{"self":[{"href":"http:\/\/taigafilmes.com\/site\/wp-json\/wp\/v2\/pages\/115"}],"collection":[{"href":"http:\/\/taigafilmes.com\/site\/wp-json\/wp\/v2\/pages"}],"about":[{"href":"http:\/\/taigafilmes.com\/site\/wp-json\/wp\/v2\/types\/page"}],"author":[{"embeddable":true,"href":"http:\/\/taigafilmes.com\/site\/wp-json\/wp\/v2\/users\/1"}],"replies":[{"embeddable":true,"href":"http:\/\/taigafilmes.com\/site\/wp-json\/wp\/v2\/comments?post=115"}],"version-history":[{"count":20,"href":"http:\/\/taigafilmes.com\/site\/wp-json\/wp\/v2\/pages\/115\/revisions"}],"predecessor-version":[{"id":1459,"href":"http:\/\/taigafilmes.com\/site\/wp-json\/wp\/v2\/pages\/115\/revisions\/1459"}],"up":[{"embeddable":true,"href":"http:\/\/taigafilmes.com\/site\/wp-json\/wp\/v2\/pages\/6"}],"wp:attachment":[{"href":"http:\/\/taigafilmes.com\/site\/wp-json\/wp\/v2\/media?parent=115"}],"curies":[{"name":"wp","href":"https:\/\/api.w.org\/{rel}","templated":true}]}}