

{"id":119,"date":"2015-06-07T16:55:29","date_gmt":"2015-06-07T19:55:29","guid":{"rendered":"http:\/\/taigafilmes.com\/wp\/?page_id=119"},"modified":"2018-02-28T12:19:05","modified_gmt":"2018-02-28T15:19:05","slug":"a-nacao-que-nao-esperou-por-deus","status":"publish","type":"page","link":"http:\/\/taigafilmes.com\/site\/filmes-realizados\/a-nacao-que-nao-esperou-por-deus\/","title":{"rendered":"A na\u00e7\u00e3o que n\u00e3o esperou por Deus"},"content":{"rendered":"<div id=\"pl-119\"  class=\"panel-layout\" ><div id=\"pg-119-0\"  class=\"panel-grid panel-no-style\" ><div id=\"pgc-119-0-0\"  class=\"panel-grid-cell\" ><div id=\"panel-119-0-0-0\" class=\"so-panel widget widget_black-studio-tinymce widget_black_studio_tinymce panel-first-child panel-last-child\" data-index=\"0\" ><div class=\"textwidget\"><p><img class=\"alignnone size-full wp-image-541\" src=\"http:\/\/taigafilmes.com\/site\/wp-content\/uploads\/2015\/06\/anacao_g1.jpg\" alt=\"A na\u00e7\u00e3o que n\u00e3o esperou por Deus, um filme de Lucia Murat\" width=\"1100\" height=\"619\" \/><\/p>\n<p>Em 1999, Lucia Murat filmou \"Brava Gente Brasileira\", um filme de \u00e9poca que contou com a participa\u00e7\u00e3o dos \u00edndios Kadiw\u00e9u, que vivem no Mato Grosso do Sul. \"A Na\u00e7\u00e3o Que N\u00e3o Esperou Por Deus\" \u00e9 um document\u00e1rio sobre essa tribo, feito em 2013\/2014 pela mesma diretora, com a co-dire\u00e7\u00e3o de Rodrigo Hinrichsen, assistente de dire\u00e7\u00e3o de \"Brava Gente Brasileira\". Nesses 15 anos, a luz el\u00e9trica chegou \u00e0 aldeia, e com ela a televis\u00e3o, as novelas e todo o mundo do entretenimento. Cinco diferentes igrejas evang\u00e9licas se estabeleceram na reserva, todas liderados por pastores \u00edndios. Ao mesmo tempo, os Kadiw\u00e9u voltaram a lutar pela demarca\u00e7\u00e3o de suas terras, retomando \u00e1reas em m\u00e3os de pecuaristas. O document\u00e1rio procura mostrar esses diferentes caminhos.<\/p>\n<p><a style=\"color: #ff6633;\" href=\"http:\/\/www.taigafilmes.com\/anacao\/\">Veja mais no site do filme \u00bb<\/a><\/p>\n<h4>Nota da diretora<\/h4>\n<p>Os Kadiw\u00e9u foram estudados pelos antrop\u00f3logos Levi Strauss e Darcy Ribeiro nos anos 30, contando portanto com um farto material iconogr\u00e1fico no mundo branco, o que foi importante para a realiza\u00e7\u00e3o de Brava Gente Brasileira. Levi Strauss disse que era um privil\u00e9gio poder ter acesso a uma outra cultura. E foi exatamente assim que me senti, em 1999, quando terminei de rodar \"Brava Gente Brasileira\". E por essa sensa\u00e7\u00e3o, nunca me desliguei da aldeia, acompanhando as transforma\u00e7\u00f5es que ocorreram e o crescimento dos \"personagens\/atores\" com quem convivemos mais. Assim, vi um menino \u00edndio se tornar um adulto \"branco\" na capital e um jovem t\u00edmido se transformar numa lideran\u00e7a carism\u00e1tica e importante na reserva.<\/p>\n<p>As reuni\u00f5es que filmamos entre os Kadiw\u00e9u e os pecuaristas sobre a quest\u00e3o das terras e que est\u00e3o apresentadas no document\u00e1rio s\u00e3o reveladoras n\u00e3o somente da situa\u00e7\u00e3o atual, mas dos preconceitos que se acumularam na hist\u00f3ria da conquista.<\/p>\n<p>A singularidade do projeto est\u00e1 no fato de termos o material filmado em tr\u00eas momentos diferentes, ao longo de 17 anos. Com isso, podemos acompanhar a hist\u00f3ria da tribo durante um per\u00edodo de grande transforma\u00e7\u00e3o, quando o contato com a sociedade branca se intensifica. E ao mesmo tempo, atrav\u00e9s de \"Brava Gente Brasileira\", ter um pouco da sua hist\u00f3ria desde o s\u00e9culo XVIII, material realizado a partir do cruzamento do depoimento dos antigos com a literatura branca.<\/p>\n<p>&nbsp;<\/p>\n<\/div><\/div><\/div><div id=\"pgc-119-0-1\"  class=\"panel-grid-cell\" ><div id=\"panel-119-0-1-0\" class=\"so-panel widget widget_black-studio-tinymce widget_black_studio_tinymce panel-first-child panel-last-child\" data-index=\"1\" ><div class=\"textwidget\"><p><img class=\"alignnone size-medium wp-image-46\" src=\"http:\/\/taigafilmes.com\/site\/wp-content\/uploads\/2015\/06\/cartaz_anacao-204x300.jpg\" alt=\"A na\u00e7\u00e3o que n\u00e3o esperou por Deus, um filme de Lucia Murat\" width=\"204\" height=\"300\" \/><\/p>\n<h4>Cr\u00e9ditos<\/h4>\n<p>Dire\u00e7\u00e3o: Lucia Murat e Rodrigo Hinrichsen<br \/>\nProdu\u00e7\u00e3o: Lucia Murat e Paulo Trancoso<br \/>\nRoteiro: Lucia Murat<br \/>\nC\u00e2mera e fotografia: Leonardo Bittencourt<br \/>\nDire\u00e7\u00e3o de produ\u00e7\u00e3o: Tiago Salom\u00e9 e Rita Saloio<br \/>\nMontagem: Mair Tavares edt e Lucas Ces\u00e1rio edt<br \/>\nM\u00fasica: Livio Tragtenberg<br \/>\nSom direto: Marcos Manna<br \/>\nEdi\u00e7\u00e3o de som: Simone Petrillo<br \/>\nMixagem: Blanko Neskov c.a.s.<br \/>\nFoley: Loudness Films<br \/>\nColorista: Fabio Souza<br \/>\nCoprodu\u00e7\u00e3o: Bonfilm<\/p>\n<\/div><\/div><\/div><\/div><\/div>","protected":false},"excerpt":{"rendered":"<p>Em 1999, Lucia Murat filmou &#8220;Brava Gente Brasileira&#8221;, um filme de \u00e9poca que contou com a participa\u00e7\u00e3o dos \u00edndios Kadiw\u00e9u, que vivem no Mato Grosso do Sul. &#8220;A Na\u00e7\u00e3o Que N\u00e3o Esperou Por Deus&#8221; \u00e9 um document\u00e1rio sobre essa tribo, feito em 2013\/2014 pela mesma diretora, com a co-dire\u00e7\u00e3o de Rodrigo Hinrichsen, assistente de dire\u00e7\u00e3o [&hellip;]<\/p>\n","protected":false},"author":1,"featured_media":0,"parent":6,"menu_order":0,"comment_status":"closed","ping_status":"closed","template":"templates\/template-full.php","meta":[],"_links":{"self":[{"href":"http:\/\/taigafilmes.com\/site\/wp-json\/wp\/v2\/pages\/119"}],"collection":[{"href":"http:\/\/taigafilmes.com\/site\/wp-json\/wp\/v2\/pages"}],"about":[{"href":"http:\/\/taigafilmes.com\/site\/wp-json\/wp\/v2\/types\/page"}],"author":[{"embeddable":true,"href":"http:\/\/taigafilmes.com\/site\/wp-json\/wp\/v2\/users\/1"}],"replies":[{"embeddable":true,"href":"http:\/\/taigafilmes.com\/site\/wp-json\/wp\/v2\/comments?post=119"}],"version-history":[{"count":15,"href":"http:\/\/taigafilmes.com\/site\/wp-json\/wp\/v2\/pages\/119\/revisions"}],"predecessor-version":[{"id":1593,"href":"http:\/\/taigafilmes.com\/site\/wp-json\/wp\/v2\/pages\/119\/revisions\/1593"}],"up":[{"embeddable":true,"href":"http:\/\/taigafilmes.com\/site\/wp-json\/wp\/v2\/pages\/6"}],"wp:attachment":[{"href":"http:\/\/taigafilmes.com\/site\/wp-json\/wp\/v2\/media?parent=119"}],"curies":[{"name":"wp","href":"https:\/\/api.w.org\/{rel}","templated":true}]}}