

{"id":122,"date":"2015-06-07T17:00:26","date_gmt":"2015-06-07T20:00:26","guid":{"rendered":"http:\/\/taigafilmes.com\/wp\/?page_id=122"},"modified":"2017-11-08T14:28:50","modified_gmt":"2017-11-08T16:28:50","slug":"uma-longa-viagem","status":"publish","type":"page","link":"http:\/\/taigafilmes.com\/site\/filmes-realizados\/uma-longa-viagem\/","title":{"rendered":"Uma longa viagem"},"content":{"rendered":"<div id=\"pl-122\"  class=\"panel-layout\" ><div id=\"pg-122-0\"  class=\"panel-grid panel-no-style\" ><div id=\"pgc-122-0-0\"  class=\"panel-grid-cell\" ><div id=\"panel-122-0-0-0\" class=\"so-panel widget widget_black-studio-tinymce widget_black_studio_tinymce panel-first-child panel-last-child\" data-index=\"0\" ><div class=\"textwidget\"><p><img class=\"alignnone size-full wp-image-222\" src=\"http:\/\/taigafilmes.com\/site\/wp-content\/uploads\/2015\/06\/longaViagem_g.jpg\" alt=\"Uma longa viagem, um filme de Lucia Murat\" width=\"1500\" height=\"938\" \/><\/p>\n<p>A hist\u00f3ria de tr\u00eas irm\u00e3os, com a linha dram\u00e1tica dada pela hist\u00f3ria do ca\u00e7ula, que vai para Londres em 1969, enviado pela fam\u00edlia para n\u00e3o entrar na luta armada contra a ditadura no Brasil, seguindo os passos da irm\u00e3. Durante os nove anos em que viaja pelo mundo, ele escreve cartas. Contrapondo-se \u00e0 entrevista e \u00e0s cartas, os coment\u00e1rios em off da irm\u00e3, presa pol\u00edtica que virou cineasta e viaja pelo mundo, num processo inverso ao do irm\u00e3o que, de viajante livre, foi obrigado a enfrentar diversos problemas. Um document\u00e1rio que trabalha sobre a mem\u00f3ria, n\u00e3o s\u00f3 pela forma como \u00e9 feita a investiga\u00e7\u00e3o, mas tamb\u00e9m sobre o motivo do filme: a morte do terceiro irm\u00e3o.<\/p>\n<p><a style=\"color: #ff6633;\" href=\"http:\/\/www.taigafilmes.com\/longaviagem\/\">Veja mais no site do filme \u00bb<\/a><\/p>\n<h4>Argumento<\/h4>\n<p>Hist\u00f3ria de tr\u00eas irm\u00e3os que chegaram \u00e0 adolesc\u00eancia no final dos anos 60. \u00c9 uma vis\u00e3o pessoal de uma \u00e9poca que viveu radicalmente a pol\u00edtica, a luta armada e as drogas. A linha dram\u00e1tica do document\u00e1rio vai ser dada pela hist\u00f3ria do irm\u00e3o mais novo, Heitor, que vai para Londres em 1969, mandado pela fam\u00edlia preocupada para que ele n\u00e3o entrasse na luta armada contra a ditadura no Brasil, seguindo os passos da irm\u00e3. Ironicamente, l\u00e1 ele entra de cabe\u00e7a na Swinging London e, como a juventude europ\u00e9ia e americana da \u00e9poca experimenta as drogas e vive o encanto m\u00edstico da \u00cdndia. Isso significou uma vida cheia de experi\u00eancias viscerais, que v\u00e3o desde uma pris\u00e3o na Holanda, nos anos 70 por tr\u00e1fico de drogas, at\u00e9 ter feito duas vezes a volta ao mundo, viajando como hippie, para finalmente ser internado numa casa de sa\u00fade na \u00cdndia pela Embaixada Brasileira. Nesse momento, final de 1978, a Embaixada americana tinha mais ou menos 80 rapazes na mesma situa\u00e7\u00e3o, perdidos e enlouquecidos (segundo os padr\u00f5es ocidentais) pelo mergulho de cabe\u00e7a numa cultura completamente distinta.<\/p>\n<p>O Embaixador do Brasil decide ent\u00e3o avisar \u00e0 fam\u00edlia e a m\u00e3e dos irm\u00e3os viaja a Nova Dheli para traz\u00ea-lo de volta. Durante os pr\u00f3ximos anos, Heitor resiste aos tratamentos tradicionais . Finalmente, acompanhado de perto pelos dois irm\u00e3os, passa a se tratar regularmente. Durante os 9 anos em que viaja pelo mundo, de 1969 at\u00e9 1978, Heitor escreve regularmente para a fam\u00edlia. S\u00e3o centenas de cartas em que suas impress\u00f5es retratam o universo hippie da \u00e9poca e pa\u00edses ent\u00e3o desconhecidos, como as ilhas dos Mares do Sul, Indon\u00e9sia, Tail\u00e2ndia, Afeganist\u00e3o entre muitos outros.<\/p>\n<p>O document\u00e1rio apresenta cronologicamente as mais significativas dessas cartas, entrecortado por entrevistas realizada com Heitor hoje na qual conta aquilo que n\u00e3o podia contar nas cartas: o excesso de drogas, as pris\u00f5es, tudo aquilo que era ilegal e incapaz de ser aceito pela fam\u00edlia de classe m\u00e9dia para a qual escrevia. Nesse sentido, o document\u00e1rio \u00e9 a realidade vivida por ele e aquilo que ele podia escrever. Ambos s\u00e3o reais, como se fossem duas camadas, a que a fam\u00edlia podia absorver e a outra. Essas entrevistas com Heitor, posteriormente editadas no document\u00e1rio, foram feitas durante cerca de um ano e meio, tendo como base as cartas que escrevera.<\/p>\n<p>Em contraponto \u00e0s entrevistas e \u00e0s cartas, os coment\u00e1rios em off da irm\u00e3 e diretora do document\u00e1rio, que foi presa pol\u00edtica durante a ditadura brasileira e depois se torna uma cineasta que viaja pelo mundo, quase num processo inverso ao vivido pelo irm\u00e3o. Finalmente, a hist\u00f3ria do terceiro irm\u00e3o, Miguel, que viveu e apoiou os outros dois em toda a sua vida, e transforma-se num importante cientista.<\/p>\n<p>A proposta do document\u00e1rio \u00e9 ent\u00e3o tratar de quest\u00f5es cruciais como a loucura, a pol\u00edtica, o fundamentalismo a partir de viv\u00eancias concretas, ressaltando a ironia de determinadas situa\u00e7\u00f5es, como por exemplo a carta que Heitor escreve do Afeganist\u00e3o em 1973 em que encantado fala de uma sociedade que lhe parecia o para\u00edso, longe do consumo, perto da natureza, destacando a hospitalidade daquelas pessoas.<\/p>\n<p>Uma longa viagem retrata uma \u00e9poca e trabalha sobre a mem\u00f3ria. N\u00e3o somente pela forma como \u00e9 feita a investiga\u00e7\u00e3o, mas tamb\u00e9m sobre o que motivou Heitor a dar as entrevistas e a L\u00facia a reunir as cartas que a m\u00e3e tinha juntado durante toda a sua vida. Miguel, o terceiro irm\u00e3o, morreu. E a \u00fanica coisa que eles conseguem fazer diante da perda \u00e9 resgatar a mem\u00f3ria da \u00e9poca em que viveram juntos.<\/p>\n<p>\u00a0<\/p>\n<\/div><\/div><\/div><div id=\"pgc-122-0-1\"  class=\"panel-grid-cell\" ><div id=\"panel-122-0-1-0\" class=\"so-panel widget widget_black-studio-tinymce widget_black_studio_tinymce panel-first-child panel-last-child\" data-index=\"1\" ><div class=\"textwidget\"><p><img class=\"alignnone size-medium wp-image-54\" src=\"http:\/\/taigafilmes.com\/site\/wp-content\/uploads\/2015\/06\/cartas_longaViagem-203x300.jpg\" alt=\"cartas_longaViagem\" width=\"203\" height=\"300\" \/><\/p>\n<h4>Elenco<\/h4>\n<p>Heitor jovem: Caio Blat<\/p>\n<h4>Cr\u00e9ditos<\/h4>\n<p>Roteiro, dire\u00e7\u00e3o e produ\u00e7\u00e3o: Lucia Murat<br \/>\nDire\u00e7\u00e3o de fotografia: Dudu Miranda<br \/>\nFotografia adicional: Rodrigo Monte<br \/>\nMontagem: Mair Tavares<br \/>\nSom: Jos\u00e9 Moreau Louzeiro<br \/>\nEdi\u00e7\u00e3o de som: Maria Muricy e Simone Petrillo<br \/>\nMixagem: Roberto Leite<br \/>\nTrilha sonora: Lucas Marcier e Fabiano Krieger<br \/>\nDire\u00e7\u00e3o de produ\u00e7\u00e3o: Tain\u00e1 Prado<br \/>\nPesquisa e primeiro assistente de dire\u00e7\u00e3o: Leo Bittencourt<br \/>\nEdi\u00e7\u00e3o, arte e concep\u00e7\u00e3o das proje\u00e7\u00f5es: Julia Murat<br \/>\nDire\u00e7\u00e3o de arte (cen\u00e1rio das cartas): M\u00f4nica Costa<br \/>\nAssistente de arte: Cedric Aveline<br \/>\nFigurino (Caio Blat): In\u00eas Salgado<br \/>\nAssistente de figurino: Natalia Silveira<br \/>\nC\u00e2mera adicional e entrevistas Heitor: Leo Bittencourt<br \/>\nC\u00e2mera suplementar: Julia Murat e Andr\u00e9 Markwald<br \/>\nOperador de steady cam: Fabr\u00edcio Tadeu<br \/>\nFinaliza\u00e7\u00e3o e p\u00f3s-produ\u00e7\u00e3o: Bernardo Varela<br \/>\nEst\u00fadio de finaliza\u00e7\u00e3o: ComDom\u00ednio<br \/>\nAbertura e videografismo: Chapa Est\u00fadio (Patricia Chueke e Phil)<br \/>\nAssistente de montagem: Marih Oliveira<br \/>\nPesquisa em arquivo de imagens: Ant\u00f4nio Ven\u00e2ncio<br \/>\nCoordenadora de finaliza\u00e7\u00e3o: Luciana Motta<br \/>\nAssistente de produ\u00e7\u00e3o: Tatiana Ostrower<br \/>\nAssistente de c\u00e2mera: Tom\u00e1s Camargo<br \/>\nAssistente de steady cam: Fabr\u00edcio Jota<br \/>\nAssistente de som: R\u00f4mulo Hughes Drumond<\/p>\n<\/div><\/div><\/div><\/div><\/div>","protected":false},"excerpt":{"rendered":"<p>A hist\u00f3ria de tr\u00eas irm\u00e3os, com a linha dram\u00e1tica dada pela hist\u00f3ria do ca\u00e7ula, que vai para Londres em 1969, enviado pela fam\u00edlia para n\u00e3o entrar na luta armada contra a ditadura no Brasil, seguindo os passos da irm\u00e3. Durante os nove anos em que viaja pelo mundo, ele escreve cartas. Contrapondo-se \u00e0 entrevista e [&hellip;]<\/p>\n","protected":false},"author":1,"featured_media":0,"parent":6,"menu_order":0,"comment_status":"closed","ping_status":"closed","template":"templates\/template-full.php","meta":[],"_links":{"self":[{"href":"http:\/\/taigafilmes.com\/site\/wp-json\/wp\/v2\/pages\/122"}],"collection":[{"href":"http:\/\/taigafilmes.com\/site\/wp-json\/wp\/v2\/pages"}],"about":[{"href":"http:\/\/taigafilmes.com\/site\/wp-json\/wp\/v2\/types\/page"}],"author":[{"embeddable":true,"href":"http:\/\/taigafilmes.com\/site\/wp-json\/wp\/v2\/users\/1"}],"replies":[{"embeddable":true,"href":"http:\/\/taigafilmes.com\/site\/wp-json\/wp\/v2\/comments?post=122"}],"version-history":[{"count":13,"href":"http:\/\/taigafilmes.com\/site\/wp-json\/wp\/v2\/pages\/122\/revisions"}],"predecessor-version":[{"id":1461,"href":"http:\/\/taigafilmes.com\/site\/wp-json\/wp\/v2\/pages\/122\/revisions\/1461"}],"up":[{"embeddable":true,"href":"http:\/\/taigafilmes.com\/site\/wp-json\/wp\/v2\/pages\/6"}],"wp:attachment":[{"href":"http:\/\/taigafilmes.com\/site\/wp-json\/wp\/v2\/media?parent=122"}],"curies":[{"name":"wp","href":"https:\/\/api.w.org\/{rel}","templated":true}]}}