

{"id":1282,"date":"2017-09-27T15:44:48","date_gmt":"2017-09-27T18:44:48","guid":{"rendered":"http:\/\/taigafilmes.com\/wp\/?page_id=1282"},"modified":"2020-07-06T18:58:21","modified_gmt":"2020-07-06T21:58:21","slug":"pracaparis","status":"publish","type":"page","link":"http:\/\/taigafilmes.com\/site\/pracaparis\/","title":{"rendered":"Pra\u00e7a Paris (2018)"},"content":{"rendered":"<div id=\"pl-1282\"  class=\"panel-layout\" ><div id=\"pg-1282-0\"  class=\"panel-grid panel-no-style\" ><div id=\"pgc-1282-0-0\"  class=\"panel-grid-cell\" ><div id=\"panel-1282-0-0-0\" class=\"so-panel widget widget_black-studio-tinymce widget_black_studio_tinymce panel-first-child panel-last-child\" data-index=\"0\" ><div class=\"textwidget\"><p><img class=\"alignnone wp-image-1259 size-full\" src=\"http:\/\/taigafilmes.com\/site\/wp-content\/uploads\/2017\/09\/pracaParis_pagina.jpg\" alt=\"Pra\u00e7a Paris, um filme de Lucia Murat\" width=\"1050\" height=\"785\" \/><\/p>\n<p><strong>Sinopse:<\/strong><br \/>\nPra\u00e7a Paris \u00e9 um thriller que mostra o conflito entre uma psicanalista portuguesa, Camila (Joana de Verona), que veio ao Brasil desenvolver uma pesquisa sobre viol\u00eancia, e sua paciente, Gl\u00f3ria (Grace Pass\u00f4), em um Centro de Terapia de uma universidade brasileira (UERJ). Gl\u00f3ria \u00e9 ascensorista na universidade e tem uma hist\u00f3ria de viol\u00eancia muito dif\u00edcil: estuprada pelo pai, tem apenas no irm\u00e3o, Jonas (Alex Brasil), traficante do morro, a prote\u00e7\u00e3o que procura. O filme mostra uma rela\u00e7\u00e3o de transfer\u00eancia ao inverso, onde o medo do outro acaba dominando a trama.<\/p>\n<p><strong>Pr\u00eamios e Sele\u00e7\u00f5es:<\/strong><\/p>\n<p>- Festival do Rio 2017 (Premi\u00e8re Mundial) - Melhor Dire\u00e7\u00e3o e Melhor Atriz (Grace Pass\u00f4)<\/p>\n<p>- Festival Internacional de Chicago 2017 (Premi\u00e8re Internacional)<\/p>\n<p>- Mostra Internacional de SP 2017<\/p>\n<p>- Tallin Black Nights Film Festival (Premi\u00e8re Europeia)<\/p>\n<p>- Festival de Havana 2017 - Menci\u00f3n de SIGNIS e Premio Don Quijote<\/p>\n<p>- Festival de Cinema de L\u00edngua Portuguesa 2018 - Melhor Atriz<\/p>\n<p>- Festival Cinematogr\u00e1fico Internacional do Uruguai 2018 - Melhor Filme Ibero-Americano e Melhor Filme da Cr\u00edtica (Fipresci)<\/p>\n<p>- Festival Brasileiro de Paris 2018<\/p>\n<p>- Festival de Granada Cines del Sur 2018 \u2013 Melhor Filme do P\u00fablico<\/p>\n<p>- Festival Brasileiro de Mil\u00e3o 2018<\/p>\n<p><strong>\u00a0<\/strong><a href=\"praca-paris-fotos\">Veja imagens do filme &gt;&gt;<\/a><\/p>\n<p><a href=\"http:\/\/taigafilmes.com\/pracaparis\/\">Veja o site do filme &gt;&gt;<\/a><\/p>\n<\/div><\/div><\/div><div id=\"pgc-1282-0-1\"  class=\"panel-grid-cell\" ><div id=\"panel-1282-0-1-0\" class=\"so-panel widget widget_black-studio-tinymce widget_black_studio_tinymce panel-first-child panel-last-child\" data-index=\"1\" ><div class=\"textwidget\"><h4>Cr\u00e9ditos<\/h4>\n<p>Elenco:<br \/>\nGrace Pass\u00f4, Joana de Verona, Alex Brasil, Marco Antonio Caponi, Dig\u00e3o Ribeiro, Babu Santana e Angelo Flavio<br \/>\nEquipe:<br \/>\nDire\u00e7\u00e3o e argumento: Lucia Murat<br \/>\nRoteiro : Lucia Murat e Raphael Montes<br \/>\nProdu\u00e7\u00e3o: Felicitas Raffo, Luis Galv\u00e3o Telles e Lucia Murat<br \/>\nProdu\u00e7\u00e3o executiva: Gabriela Amadei, Jo\u00e3o Pessoa e Joana Nin (verificar argentina)<br \/>\nDire\u00e7\u00e3o de Fotografia: Guillermo Nieto<br \/>\nMusica original: Andr\u00e9 Abunjanra e Marcio Nigro<br \/>\nDire\u00e7\u00e3o de arte: Dina Salem Levy<br \/>\nFigurino: Ana Carolina Lopes<br \/>\nSom direto: Carlos Alberto Lopes<br \/>\nEdi\u00e7\u00e3o de som: Simone Petrillo<br \/>\nMixagem: Branko Neskov<br \/>\nPrepara\u00e7\u00e3o de elenco: Amanda Gabriel<br \/>\nProdu\u00e7\u00e3o de elenco: Gabriel Bortolini<\/p>\n<\/div><\/div><\/div><\/div><\/div>","protected":false},"excerpt":{"rendered":"<p>Sinopse: Pra\u00e7a Paris \u00e9 um thriller que mostra o conflito entre uma psicanalista portuguesa, Camila (Joana de Verona), que veio ao Brasil desenvolver uma pesquisa sobre viol\u00eancia, e sua paciente, Gl\u00f3ria (Grace Pass\u00f4), em um Centro de Terapia de uma universidade brasileira (UERJ). Gl\u00f3ria \u00e9 ascensorista na universidade e tem uma hist\u00f3ria de viol\u00eancia muito [&hellip;]<\/p>\n","protected":false},"author":1,"featured_media":0,"parent":0,"menu_order":0,"comment_status":"closed","ping_status":"closed","template":"templates\/template-full.php","meta":[],"_links":{"self":[{"href":"http:\/\/taigafilmes.com\/site\/wp-json\/wp\/v2\/pages\/1282"}],"collection":[{"href":"http:\/\/taigafilmes.com\/site\/wp-json\/wp\/v2\/pages"}],"about":[{"href":"http:\/\/taigafilmes.com\/site\/wp-json\/wp\/v2\/types\/page"}],"author":[{"embeddable":true,"href":"http:\/\/taigafilmes.com\/site\/wp-json\/wp\/v2\/users\/1"}],"replies":[{"embeddable":true,"href":"http:\/\/taigafilmes.com\/site\/wp-json\/wp\/v2\/comments?post=1282"}],"version-history":[{"count":36,"href":"http:\/\/taigafilmes.com\/site\/wp-json\/wp\/v2\/pages\/1282\/revisions"}],"predecessor-version":[{"id":1896,"href":"http:\/\/taigafilmes.com\/site\/wp-json\/wp\/v2\/pages\/1282\/revisions\/1896"}],"wp:attachment":[{"href":"http:\/\/taigafilmes.com\/site\/wp-json\/wp\/v2\/media?parent=1282"}],"curies":[{"name":"wp","href":"https:\/\/api.w.org\/{rel}","templated":true}]}}