

{"id":1838,"date":"2020-01-22T14:58:11","date_gmt":"2020-01-22T17:58:11","guid":{"rendered":"http:\/\/taigafilmes.com\/site\/?page_id=1838"},"modified":"2022-12-28T16:26:28","modified_gmt":"2022-12-28T19:26:28","slug":"ana","status":"publish","type":"page","link":"http:\/\/taigafilmes.com\/site\/ana\/","title":{"rendered":"Ana"},"content":{"rendered":"<div id=\"pl-1838\"  class=\"panel-layout\" ><div id=\"pg-1838-0\"  class=\"panel-grid panel-no-style\" ><div id=\"pgc-1838-0-0\"  class=\"panel-grid-cell\" ><div id=\"panel-1838-0-0-0\" class=\"so-panel widget widget_text panel-first-child panel-last-child\" data-index=\"0\" >\t\t\t<div class=\"textwidget\"><p><img decoding=\"async\" loading=\"lazy\" class=\"alignnone size-full wp-image-1846\" src=\"http:\/\/taigafilmes.com\/site\/wp-content\/uploads\/2020\/01\/Ana_emproducao_LUCIA-E-STELLA.jpg\" alt=\"\" width=\"1500\" height=\"844\" data-mce-src=\"http:\/\/taigafilmes.com\/site\/wp-content\/uploads\/2020\/01\/Ana_emproducao_LUCIA-E-STELLA.jpg\" srcset=\"http:\/\/taigafilmes.com\/site\/wp-content\/uploads\/2020\/01\/Ana_emproducao_LUCIA-E-STELLA.jpg 1500w, http:\/\/taigafilmes.com\/site\/wp-content\/uploads\/2020\/01\/Ana_emproducao_LUCIA-E-STELLA-300x169.jpg 300w, http:\/\/taigafilmes.com\/site\/wp-content\/uploads\/2020\/01\/Ana_emproducao_LUCIA-E-STELLA-1024x576.jpg 1024w, http:\/\/taigafilmes.com\/site\/wp-content\/uploads\/2020\/01\/Ana_emproducao_LUCIA-E-STELLA-768x432.jpg 768w\" sizes=\"(max-width: 1500px) 100vw, 1500px\" \/><\/p>\n<h5>Visite o website: <strong><a href=\"http:\/\/taigafilmes.com\/ana\/index.html\" data-mce-href=\"http:\/\/taigafilmes.com\/ana\/index.html\">http:\/\/taigafilmes.com\/ana\/index.html<\/a><\/strong><\/h5>\n<h5>Sinopse (portugu\u00eas)<\/h5>\n<p>Stela, uma jovem atriz brasileira, decide fazer um trabalho sobre as cartas trocadas entre artistas pl\u00e1sticas latino-americanas nos anos 1970 e 1980. Viaja para Cuba, M\u00e9xico, Argentina e Chile \u00e0 procura de seus trabalhos e de depoimentos sobre a realidade que elas viveram durante as ditaduras que a maior parte desses pa\u00edses enfrentaram na \u00e9poca.&nbsp; Em meio \u00e0 investiga\u00e7\u00e3o, Stela descobre a exist\u00eancia de Ana, uma jovem brasileira que fez parte desse mundo, mas desapareceu. Em 1968, Ana foi do sul do Brasil, de uma pequena cidade do interior, para a efervescente Buenos Aires, que vivia um momento de mudan\u00e7a nas artes pl\u00e1sticas e no comportamento. Obcecada pela personagem, Stela resolve encontr\u00e1-la e descobrir o que aconteceu com ela.<\/p>\n<p><\/p>\n<h5>Nota da diretora (portugu\u00eas)<\/h5>\n<p>\u201cAna\u201d pode ser chamado de um \u201cfakedocumentary\u201d, em que se mistura fic\u00e7\u00e3o e realidade. O filme parte do conceito expresso por Virginia Woolf em seu livro \u201cUm teto todo seu\u201d, de que a fic\u00e7\u00e3o pode conter mais verdade do que os fatos.<\/p>\n<p>O filme pretende fazer um panorama das mulheres artistas latino-americanas nos anos 70 e 80 e, atrav\u00e9s de Stela, estabelecer uma liga\u00e7\u00e3o com o mundo de hoje. \u201cAna\u201d poderia ser chamado de h\u00edbrido, pois ao mesmo tempo em que se apresenta na proposta est\u00e9tica como um document\u00e1rio, e tem em todas as artistas dos anos 70 e 80 figuras reais bastante conhecidas e importantes em seus pa\u00edses, tamb\u00e9m prop\u00f5e uma narrativa ficcional.&nbsp; Essa narrativa se expressa por meio de Stela, que ser\u00e1 representada por uma atriz. Essa proposta, apesar de trabalhar com algumas refer\u00eancias (obras como Sweet and Lowdown (1999), de Woody Allen, com Sean Penn, Incidentat Loch Ness (2004), com Werner Herzog, Forgotten Silver (1995), de Peter Jackson, entre outras), aposta numa linguagem pr\u00f3pria e na busca de refer\u00eancias latino-americanas. Trabalha com drama, e traz quest\u00f5es como o papel da mulher, a realidade pol\u00edtica do continente, a situa\u00e7\u00e3o das artes pl\u00e1sticas, o que o distingue desses filmes de refer\u00eancia, que em geral apostam na com\u00e9dia. Pode ainda ser pensado como um road-movie (mesmo que a estrada seja a\u00e9rea), pois Stela vai \u00e0 procura de suas obsess\u00f5es em v\u00e1rios pa\u00edses.<\/p>\n<p>No que diz respeito \u00e0s obras de arte da personagem fict\u00edcia Ana, estamos trabalhando com uma jovem artista brasileira. Quanto \u00e0s entrevistas, vamos tanto usar personagens reais que falem de suas \u00e9pocas assim como atrizes representando personagens que possam estabelecer conex\u00e3o com a parte ficcional do filme.<\/p>\n<\/div>\n\t\t<\/div><\/div><div id=\"pgc-1838-0-1\"  class=\"panel-grid-cell\" ><div id=\"panel-1838-0-1-0\" class=\"so-panel widget widget_text panel-first-child panel-last-child\" data-index=\"1\" >\t\t\t<div class=\"textwidget\"><p>Dire\u00e7\u00e3o e argumento: Lucia Murat<br \/>Roteiro: Lucia Murat e Tatiana Salem Levy<br \/>Produ\u00e7\u00e3o: Lucia Murat e Felicitas Raffo<br \/>Dire\u00e7\u00e3o de fotografia: L\u00e9o Bittencourt<br \/>Montagem: Mair Tavares e Marih Oliveira<br \/>Som direto: Andressa Clain Neves<br \/>Edi\u00e7\u00e3o de som: Simone Petrillo e Ney Fernandes<br \/>Trilha sonora: LivioTragtenberg<br \/>Mixagem: Emmanuel Croset<\/p>\n<\/div>\n\t\t<\/div><\/div><\/div><\/div>","protected":false},"excerpt":{"rendered":"<p>Visite o website: http:\/\/taigafilmes.com\/ana\/index.htmlSinopse (portugu\u00eas)Stela, uma jovem atriz brasileira, decide fazer um trabalho sobre as cartas trocadas entre artistas pl\u00e1sticas latino-americanas nos anos 1970 e 1980. Viaja para Cuba, M\u00e9xico, Argentina e Chile \u00e0 procura de seus trabalhos e de depoimentos sobre a realidade que elas viveram durante as ditaduras que a maior parte desses [&hellip;]<\/p>\n","protected":false},"author":1,"featured_media":0,"parent":0,"menu_order":0,"comment_status":"closed","ping_status":"closed","template":"templates\/template-full.php","meta":[],"_links":{"self":[{"href":"http:\/\/taigafilmes.com\/site\/wp-json\/wp\/v2\/pages\/1838"}],"collection":[{"href":"http:\/\/taigafilmes.com\/site\/wp-json\/wp\/v2\/pages"}],"about":[{"href":"http:\/\/taigafilmes.com\/site\/wp-json\/wp\/v2\/types\/page"}],"author":[{"embeddable":true,"href":"http:\/\/taigafilmes.com\/site\/wp-json\/wp\/v2\/users\/1"}],"replies":[{"embeddable":true,"href":"http:\/\/taigafilmes.com\/site\/wp-json\/wp\/v2\/comments?post=1838"}],"version-history":[{"count":12,"href":"http:\/\/taigafilmes.com\/site\/wp-json\/wp\/v2\/pages\/1838\/revisions"}],"predecessor-version":[{"id":2006,"href":"http:\/\/taigafilmes.com\/site\/wp-json\/wp\/v2\/pages\/1838\/revisions\/2006"}],"wp:attachment":[{"href":"http:\/\/taigafilmes.com\/site\/wp-json\/wp\/v2\/media?parent=1838"}],"curies":[{"name":"wp","href":"https:\/\/api.w.org\/{rel}","templated":true}]}}