

{"id":1881,"date":"2020-03-03T15:33:40","date_gmt":"2020-03-03T18:33:40","guid":{"rendered":"http:\/\/taigafilmes.com\/site\/?page_id=1881"},"modified":"2020-07-06T18:56:43","modified_gmt":"2020-07-06T21:56:43","slug":"1881-2","status":"publish","type":"page","link":"http:\/\/taigafilmes.com\/site\/1881-2\/","title":{"rendered":""},"content":{"rendered":"<div id=\"pl-1881\"  class=\"panel-layout\" ><div id=\"pg-1881-0\"  class=\"panel-grid panel-no-style\" ><div id=\"pgc-1881-0-0\"  class=\"panel-grid-cell\" ><div id=\"panel-1881-0-0-0\" class=\"so-panel widget widget_black-studio-tinymce widget_black_studio_tinymce panel-first-child panel-last-child\" data-index=\"0\" ><div class=\"textwidget\"><p><img class=\"alignnone wp-image-1259 size-full\" src=\"http:\/\/taigafilmes.com\/site\/wp-content\/uploads\/2017\/09\/pracaParis_pagina.jpg\" alt=\"Pra\u00e7a Paris, um filme de Lucia Murat\" width=\"1050\" height=\"785\" \/><\/p>\n<p><strong>Sinopse:<\/strong><br \/>\nPra\u00e7a Paris is a thriller that shows the conflict between a Portuguese psychoanalyst, Camila (Joana de Verona), who came to Brazil to develop research on violence, and her patient, Gl\u00f3ria (Grace Pass\u00f4), in a Therapy Center of a Brazilian university (UERJ). Gl\u00f3ria is a lift attendant at the university and has a very difficult history of violence: raped by her father, she has only the brother, Jonas (Alex Brasil), a drug dealer on the hill, the protection she seeks. The film shows a transfer relationship in reverse, where the fear of the other ends up dominating the plot.<\/p>\n<p><strong>Prizes and nominations:<\/strong><\/p>\n<p>- Festival do Rio 2017 (Premi\u00e8re Mundial) - Melhor Dire\u00e7\u00e3o e Melhor Atriz (Grace Pass\u00f4)<\/p>\n<p>- Chicago International Festival 2017 (Premi\u00e8re Internacional)<\/p>\n<p>- Mostra Internacional de SP 2017<\/p>\n<p>- Tallin Black Nights Film Festival (Premi\u00e8re Europeia)<\/p>\n<p>- Festival de Havana 2017 - Menci\u00f3n de SIGNIS e Premio Don Quijote<\/p>\n<p>- Festival de Cinema de L\u00edngua Portuguesa 2018 - Melhor Atriz<\/p>\n<p>- Festival Cinematogr\u00e1fico Internacional do Uruguai 2018 - Melhor Filme Ibero-Americano e Melhor Filme da Cr\u00edtica (Fipresci)<\/p>\n<p>- Festival Brasileiro de Paris 2018<\/p>\n<p>- Festival de Granada Cines del Sur 2018 \u2013 Melhor Filme do P\u00fablico<\/p>\n<p>- Festival Brasileiro de Mil\u00e3o 2018<\/p>\n<p><strong>\u00a0<\/strong><a href=\"http:\/\/taigafilmes.com\/site\/pt\/praca-paris-fotos\/\">Veja imagens do filme &gt;&gt;<\/a><\/p>\n<p><a href=\"http:\/\/www.taigafilmes.com\/pracaparis\/index_en.html\">Visit the movie's website &gt;&gt;<\/a><\/p>\n<\/div><\/div><\/div><div id=\"pgc-1881-0-1\"  class=\"panel-grid-cell\" ><div id=\"panel-1881-0-1-0\" class=\"so-panel widget widget_black-studio-tinymce widget_black_studio_tinymce panel-first-child panel-last-child\" data-index=\"1\" ><div class=\"textwidget\"><h4>Credits<\/h4>\n<p>Cast:<br \/>\nGrace Pass\u00f4, Joana de Verona, Alex Brasil, Marco Antonio Caponi, Dig\u00e3o Ribeiro, Babu Santana and Angelo Flavio<\/p>\n<p>Team:<br \/>\nDirection and argument: Lucia Murat<br \/>\nScreenplay: Lucia Murat and Raphael Montes<br \/>\nProduction: Felicitas Raffo, Luis Galv\u00e3o Telles and Lucia Murat<br \/>\nExecutive production: Gabriela Amadei, Jo\u00e3o Pessoa and Joana Nin (check argentina)<br \/>\nDirector of Photography: Guillermo Nieto<br \/>\nOriginal music: Andr\u00e9 Abunjanra and Marcio Nigro<br \/>\nArt direction: Dina Salem Levy<br \/>\nCostume design: Ana Carolina Lopes<br \/>\nDirect sound: Carlos Alberto Lopes<\/p>\n<\/div><\/div><\/div><\/div><\/div>","protected":false},"excerpt":{"rendered":"<p>Sinopse: Pra\u00e7a Paris is a thriller that shows the conflict between a Portuguese psychoanalyst, Camila (Joana de Verona), who came to Brazil to develop research on violence, and her patient, Gl\u00f3ria (Grace Pass\u00f4), in a Therapy Center of a Brazilian university (UERJ). Gl\u00f3ria is a lift attendant at the university and has a very difficult [&hellip;]<\/p>\n","protected":false},"author":1,"featured_media":0,"parent":0,"menu_order":0,"comment_status":"closed","ping_status":"closed","template":"templates\/template-full.php","meta":[],"_links":{"self":[{"href":"http:\/\/taigafilmes.com\/site\/wp-json\/wp\/v2\/pages\/1881"}],"collection":[{"href":"http:\/\/taigafilmes.com\/site\/wp-json\/wp\/v2\/pages"}],"about":[{"href":"http:\/\/taigafilmes.com\/site\/wp-json\/wp\/v2\/types\/page"}],"author":[{"embeddable":true,"href":"http:\/\/taigafilmes.com\/site\/wp-json\/wp\/v2\/users\/1"}],"replies":[{"embeddable":true,"href":"http:\/\/taigafilmes.com\/site\/wp-json\/wp\/v2\/comments?post=1881"}],"version-history":[{"count":10,"href":"http:\/\/taigafilmes.com\/site\/wp-json\/wp\/v2\/pages\/1881\/revisions"}],"predecessor-version":[{"id":1895,"href":"http:\/\/taigafilmes.com\/site\/wp-json\/wp\/v2\/pages\/1881\/revisions\/1895"}],"wp:attachment":[{"href":"http:\/\/taigafilmes.com\/site\/wp-json\/wp\/v2\/media?parent=1881"}],"curies":[{"name":"wp","href":"https:\/\/api.w.org\/{rel}","templated":true}]}}