

{"id":2008,"date":"2022-12-28T16:34:06","date_gmt":"2022-12-28T19:34:06","guid":{"rendered":"http:\/\/taigafilmes.com\/site\/?page_id=2008"},"modified":"2023-05-23T16:20:48","modified_gmt":"2023-05-23T19:20:48","slug":"o-mensageiro","status":"publish","type":"page","link":"http:\/\/taigafilmes.com\/site\/o-mensageiro\/","title":{"rendered":"O mensageiro"},"content":{"rendered":"<div id=\"pl-2008\"  class=\"panel-layout\" ><div id=\"pg-2008-0\"  class=\"panel-grid panel-no-style\" ><div id=\"pgc-2008-0-0\"  class=\"panel-grid-cell\" ><div id=\"panel-2008-0-0-0\" class=\"so-panel widget widget_text panel-first-child panel-last-child\" data-index=\"0\" >\t\t\t<div class=\"textwidget\"><p><img decoding=\"async\" loading=\"lazy\" class=\"alignnone size-full wp-image-2009\" src=\"http:\/\/taigafilmes.com\/site\/wp-content\/uploads\/2022\/12\/pag_omensageiro_alto.jpg\" alt=\"\" width=\"823\" height=\"463\" srcset=\"http:\/\/taigafilmes.com\/site\/wp-content\/uploads\/2022\/12\/pag_omensageiro_alto.jpg 823w, http:\/\/taigafilmes.com\/site\/wp-content\/uploads\/2022\/12\/pag_omensageiro_alto-300x169.jpg 300w, http:\/\/taigafilmes.com\/site\/wp-content\/uploads\/2022\/12\/pag_omensageiro_alto-768x432.jpg 768w\" sizes=\"(max-width: 823px) 100vw, 823px\" \/><\/p>\n<p><strong>Visite o website: <a href=\"http:\/\/taigafilmes.com\/omensageiro\/index.html\">http:\/\/taigafilmes.com\/omensageiro\/index.html<\/a><\/strong><\/p>\n<p><strong>Sinopse<\/strong><\/p>\n<p>Vera, presa numa fortaleza militar durante a ditadura, em 1969, conhece um soldado, Armando, que, diante da tortura decide levar uma mensagem para a fam\u00edlia de Vera. Assim, ele estabelece uma rela\u00e7\u00e3o afetiva com D. Maria, m\u00e3e de Vera.<\/p>\n<p>Apesar dos horrores do tempo, o filme trabalha sobre a possibilidade de um di\u00e1logo entre duas pessoas solit\u00e1rias e perdidas, uma senhora de alta classe m\u00e9dia e um jovem de origem rural que veio do sul para servir o ex\u00e9rcito.<\/p>\n<p>Hoje, Vera, aos 70, e uma professora na universidade que debate com seus alunos sobre pol\u00edtica, perd\u00e3o e Hannah Arendt.<\/p>\n<p><strong>Nota da diretora<\/strong><\/p>\n<p>Acho que a import\u00e2ncia de \u201cO mensageiro\u201d est\u00e1 na atualidade do que prop\u00f5e. Apesar de ser um filme de \u00e9poca, discute quest\u00f5es contempor\u00e2neas, como polariza\u00e7\u00e3o e justi\u00e7a. E tamb\u00e9m mostra que mesmo no meio do horror existem seres humanos que se sensibilizam.N\u00e3o \u00e9 \u00e0 toa que a professora Vera quer conversar com seus alunos sobre Hannah Arendt, a fil\u00f3sofa que viveu os horrores do nazismo, e que assistiu e escreveu sobre o julgamento e a condena\u00e7\u00e3o, em Tel Aviv, do alem\u00e3o Adolf Eichmmann, membro da SS nazista e um dos principais organizadores do Holocausto. Arendt n\u00e3o deixou de concordar com sua condena\u00e7\u00e3o, mas quis aprofundar a quest\u00e3o da banalidade do mal em que todo o povo alem\u00e3o estava envolvido porque foi c\u00famplice do nazismo.<\/p>\n<p>Para a personagem Vera, Arendt \u00e9 importante por isso, por pensar no futuro desse povo quando escreveu: \u201cSe n\u00e3o formos perdoados, n\u00f3s n\u00e3o somos liberados das consequ\u00eancias e das coisas que n\u00f3s fizemos, nossa capacidade de agir estaria restrita, limitada a um \u00fanico ato, do qual seria imposs\u00edvel nos recuperarmos.\u201d O que n\u00e3o significa que n\u00e3o existem culpados que devem ser julgados. No Brasil, at\u00e9 hoje, 38 anos ap\u00f3s o fim da ditadura, nenhum torturador foi levado a julgamento.<\/p>\n<p>O filme traz tamb\u00e9m a discuss\u00e3o sobre o impacto da viol\u00eancia para quem a vivenciou de perto. \u00c9 poss\u00edvel a Armando escapar da perversidade que vivenciou como ser humano?<\/p>\n<\/div>\n\t\t<\/div><\/div><div id=\"pgc-2008-0-1\"  class=\"panel-grid-cell\" ><div id=\"panel-2008-0-1-0\" class=\"so-panel widget widget_text panel-first-child panel-last-child\" data-index=\"1\" >\t\t\t<div class=\"textwidget\"><p>Dire\u00e7\u00e3o e argumento: Lucia Murat<br \/>\nRoteiro: Lucia Murat e Tunico Amancio<br \/>\nProdu\u00e7\u00e3o: Felicitas Raffo r Lucia Murat<br \/>\nDire\u00e7\u00e3o de fotografia: Jacob Solitenick, ABC<br \/>\nMontagem: Mair Tavares e Marih Oliveira<br \/>\nT\u00e9cnico de som: Roberto Oliveira<br \/>\nEdi\u00e7\u00e3o de som: Simone Petrillo<br \/>\nTrilha sonora: Ezequiel Menalled<br \/>\nMixagem: Diego Martinez (ASA)<\/p>\n<\/div>\n\t\t<\/div><\/div><\/div><\/div>","protected":false},"excerpt":{"rendered":"<p>Visite o website: http:\/\/taigafilmes.com\/omensageiro\/index.html Sinopse Vera, presa numa fortaleza militar durante a ditadura, em 1969, conhece um soldado, Armando, que, diante da tortura decide levar uma mensagem para a fam\u00edlia de Vera. Assim, ele estabelece uma rela\u00e7\u00e3o afetiva com D. Maria, m\u00e3e de Vera. Apesar dos horrores do tempo, o filme trabalha sobre a possibilidade [&hellip;]<\/p>\n","protected":false},"author":1,"featured_media":0,"parent":0,"menu_order":0,"comment_status":"closed","ping_status":"closed","template":"templates\/template-full.php","meta":[],"_links":{"self":[{"href":"http:\/\/taigafilmes.com\/site\/wp-json\/wp\/v2\/pages\/2008"}],"collection":[{"href":"http:\/\/taigafilmes.com\/site\/wp-json\/wp\/v2\/pages"}],"about":[{"href":"http:\/\/taigafilmes.com\/site\/wp-json\/wp\/v2\/types\/page"}],"author":[{"embeddable":true,"href":"http:\/\/taigafilmes.com\/site\/wp-json\/wp\/v2\/users\/1"}],"replies":[{"embeddable":true,"href":"http:\/\/taigafilmes.com\/site\/wp-json\/wp\/v2\/comments?post=2008"}],"version-history":[{"count":7,"href":"http:\/\/taigafilmes.com\/site\/wp-json\/wp\/v2\/pages\/2008\/revisions"}],"predecessor-version":[{"id":2029,"href":"http:\/\/taigafilmes.com\/site\/wp-json\/wp\/v2\/pages\/2008\/revisions\/2029"}],"wp:attachment":[{"href":"http:\/\/taigafilmes.com\/site\/wp-json\/wp\/v2\/media?parent=2008"}],"curies":[{"name":"wp","href":"https:\/\/api.w.org\/{rel}","templated":true}]}}