

{"id":2082,"date":"2025-01-29T15:59:12","date_gmt":"2025-01-29T18:59:12","guid":{"rendered":"http:\/\/taigafilmes.com\/site\/?page_id=2082"},"modified":"2025-01-29T16:08:41","modified_gmt":"2025-01-29T19:08:41","slug":"hora-do-recreio-2","status":"publish","type":"page","link":"http:\/\/taigafilmes.com\/site\/hora-do-recreio-2\/","title":{"rendered":"Hora do recreio"},"content":{"rendered":"<div id=\"pl-2082\"  class=\"panel-layout\" ><div id=\"pg-2082-0\"  class=\"panel-grid panel-no-style\" ><div id=\"pgc-2082-0-0\"  class=\"panel-grid-cell\" ><div id=\"panel-2082-0-0-0\" class=\"so-panel widget widget_text panel-first-child panel-last-child\" data-index=\"0\" >\t\t\t<div class=\"textwidget\"><p><img decoding=\"async\" loading=\"lazy\" class=\"alignnone size-full wp-image-2084\" src=\"http:\/\/taigafilmes.com\/site\/wp-content\/uploads\/2025\/01\/ESCOLA3_1_filme.jpg\" alt=\"\" width=\"823\" height=\"463\" srcset=\"http:\/\/taigafilmes.com\/site\/wp-content\/uploads\/2025\/01\/ESCOLA3_1_filme.jpg 1920w, http:\/\/taigafilmes.com\/site\/wp-content\/uploads\/2025\/01\/ESCOLA3_1_filme-300x169.jpg 300w, http:\/\/taigafilmes.com\/site\/wp-content\/uploads\/2025\/01\/ESCOLA3_1_filme-1024x576.jpg 1024w, http:\/\/taigafilmes.com\/site\/wp-content\/uploads\/2025\/01\/ESCOLA3_1_filme-768x432.jpg 768w, http:\/\/taigafilmes.com\/site\/wp-content\/uploads\/2025\/01\/ESCOLA3_1_filme-1536x864.jpg 1536w\" sizes=\"(max-width: 823px) 100vw, 823px\" \/><\/p>\n<p>Site do filme: <a href=\"http:\/\/www.taigafilmes.com\/horadorecreio\/\">http:\/\/www.taigafilmes.com\/horadorecreio\/<\/a><\/p>\n<p><strong>Sinopse<\/strong><\/p>\n<p><strong>Hora do recreio<\/strong>\u00a0trata a quest\u00e3o da educa\u00e7\u00e3o no Brasil, tanto atrav\u00e9s de uma abordagem documental quanto ficcional. Os alunos falam de problemas que os atingem como a viol\u00eancia, o racismo e o feminic\u00eddio, citando experi\u00eancias de suas fam\u00edlias. Al\u00e9m disso, diante da impossibilidade de se filmar em escolas cercadas por opera\u00e7\u00f5es policiais, eles criam performances representando a situa\u00e7\u00e3o. Em outra escola, encenam uma pe\u00e7a baseada no livro\u00a0<em>Clara dos Anjos<\/em>, de Lima Barreto, escrito no in\u00edcio do s\u00e9culo XX, que mostra o abuso sofrido por uma jovem negra suburbana. A partir dessa dramatiza\u00e7\u00e3o, discutem a hist\u00f3ria de Clara com suas viv\u00eancias hoje.<\/p>\n<p>O document\u00e1rio partiu de uma pesquisa que realizamos junto a professores da rede p\u00fablica do ensino fundamental e m\u00e9dio. A partir da\u00ed, procuramos escolas representativas de diferentes bairros e comunidades do Rio de Janeiro.<\/p>\n<p>A parte documental foi desenvolvida por meio de debates realizados em sala de aula com os temas levantados na pesquisa: evas\u00e3o escolar, racismo, tr\u00e1fico de drogas, a bala perdida, a gravidez precoce. Tamb\u00e9m inclu\u00edmos no filme os acontecimentos que enfrentamos \u2013 a opera\u00e7\u00e3o policial e a dificuldade, ou a impossibilidade, de conseguir uma autoriza\u00e7\u00e3o de filmagem.<\/p>\n<p>O objetivo do document\u00e1rio \u00e9 tratar as discuss\u00f5es te\u00f3ricas sobre educa\u00e7\u00e3o, que geralmente s\u00e3o apontadas por meio de estat\u00edsticas, atrav\u00e9s dos personagens que vivem essas quest\u00f5es. Assim, pretendemos mostrar radicalmente as dores, as dificuldades e as poss\u00edveis sa\u00eddas dos jovens brasileiros.<\/p>\n<\/div>\n\t\t<\/div><\/div><div id=\"pgc-2082-0-1\"  class=\"panel-grid-cell\" ><div id=\"panel-2082-0-1-0\" class=\"so-panel widget widget_text panel-first-child panel-last-child\" data-index=\"1\" >\t\t\t<div class=\"textwidget\"><p>Roteiro, produ\u00e7\u00e3o e dire\u00e7\u00e3o: Lucia Murat<br \/>\nProdu\u00e7\u00e3o executiva: Julia Levy<br \/>\nDire\u00e7\u00e3o de produ\u00e7\u00e3o: Luna Mancini<br \/>\nDire\u00e7\u00e3o de fotografia: Bacco Andrade<br \/>\nProdu\u00e7\u00e3o e prepara\u00e7\u00e3o de elenco: Luciana Bezerra<br \/>\nEdi\u00e7\u00e3o: Mair Tavares e Marih Oliveira<br \/>\nSom direto: Heron Alencar<br \/>\nEdi\u00e7\u00e3o de som: Mino Alencar<br \/>\nM\u00fasica original e mixagem: Bernado Uzeda<br \/>\nDistribui\u00e7\u00e3o: Imovision<\/p>\n<\/div>\n\t\t<\/div><\/div><\/div><\/div>","protected":false},"excerpt":{"rendered":"<p>Site do filme: http:\/\/www.taigafilmes.com\/horadorecreio\/ Sinopse Hora do recreio\u00a0trata a quest\u00e3o da educa\u00e7\u00e3o no Brasil, tanto atrav\u00e9s de uma abordagem documental quanto ficcional. Os alunos falam de problemas que os atingem como a viol\u00eancia, o racismo e o feminic\u00eddio, citando experi\u00eancias de suas fam\u00edlias. Al\u00e9m disso, diante da impossibilidade de se filmar em escolas cercadas por [&hellip;]<\/p>\n","protected":false},"author":1,"featured_media":0,"parent":0,"menu_order":0,"comment_status":"closed","ping_status":"closed","template":"templates\/template-full.php","meta":[],"_links":{"self":[{"href":"http:\/\/taigafilmes.com\/site\/wp-json\/wp\/v2\/pages\/2082"}],"collection":[{"href":"http:\/\/taigafilmes.com\/site\/wp-json\/wp\/v2\/pages"}],"about":[{"href":"http:\/\/taigafilmes.com\/site\/wp-json\/wp\/v2\/types\/page"}],"author":[{"embeddable":true,"href":"http:\/\/taigafilmes.com\/site\/wp-json\/wp\/v2\/users\/1"}],"replies":[{"embeddable":true,"href":"http:\/\/taigafilmes.com\/site\/wp-json\/wp\/v2\/comments?post=2082"}],"version-history":[{"count":8,"href":"http:\/\/taigafilmes.com\/site\/wp-json\/wp\/v2\/pages\/2082\/revisions"}],"predecessor-version":[{"id":2092,"href":"http:\/\/taigafilmes.com\/site\/wp-json\/wp\/v2\/pages\/2082\/revisions\/2092"}],"wp:attachment":[{"href":"http:\/\/taigafilmes.com\/site\/wp-json\/wp\/v2\/media?parent=2082"}],"curies":[{"name":"wp","href":"https:\/\/api.w.org\/{rel}","templated":true}]}}