

{"id":2118,"date":"2025-06-30T14:04:38","date_gmt":"2025-06-30T17:04:38","guid":{"rendered":"http:\/\/taigafilmes.com\/site\/?page_id=2118"},"modified":"2025-10-30T17:10:13","modified_gmt":"2025-10-30T20:10:13","slug":"mostra-cinema-de-resistencia-videos","status":"publish","type":"page","link":"http:\/\/taigafilmes.com\/site\/mostra-cinema-de-resistencia-videos\/","title":{"rendered":"Mostra Cinema de Resist\u00eancia &#8211; v\u00eddeos"},"content":{"rendered":"<div id=\"pl-2118\"  class=\"panel-layout\" ><div id=\"pg-2118-0\"  class=\"panel-grid panel-no-style\" ><div id=\"pgc-2118-0-0\"  class=\"panel-grid-cell\" ><div id=\"panel-2118-0-0-0\" class=\"so-panel widget widget_media_image panel-first-child\" data-index=\"0\" ><img width=\"210\" height=\"300\" src=\"http:\/\/taigafilmes.com\/site\/wp-content\/uploads\/2025\/06\/CartazMostra-210x300.jpg\" class=\"image wp-image-2119  attachment-medium size-medium\" alt=\"\" decoding=\"async\" loading=\"lazy\" style=\"max-width: 100%; height: auto;\" srcset=\"http:\/\/taigafilmes.com\/site\/wp-content\/uploads\/2025\/06\/CartazMostra-210x300.jpg 210w, http:\/\/taigafilmes.com\/site\/wp-content\/uploads\/2025\/06\/CartazMostra.jpg 298w\" sizes=\"(max-width: 210px) 100vw, 210px\" \/><\/div><div id=\"panel-2118-0-0-1\" class=\"so-panel widget widget_text panel-last-child\" data-index=\"1\" >\t\t\t<div class=\"textwidget\"><p><a href=\"http:\/\/taigafilmes.com\/site\/wp-content\/uploads\/2025\/06\/Taiga_Catalogo_Cinema-de-resistencia_versao-digital.pdf\">Cat\u00e1logo_Cinema de resist\u00eancia<\/a><\/p>\n<\/div>\n\t\t<\/div><\/div><div id=\"pgc-2118-0-1\"  class=\"panel-grid-cell\" ><div id=\"panel-2118-0-1-0\" class=\"so-panel widget widget_text panel-first-child panel-last-child\" data-index=\"2\" >\t\t\t<div class=\"textwidget\"><p>Banco do Brasil apresentou e patrocinou em junho de 2025 a mostra <strong>CINEMA DE RESIST\u00caNCIA \u2013 Um olhar sobre o Brasil invis\u00edvel<\/strong>, que destacou a for\u00e7a est\u00e9tica e pol\u00edtica da obra de L\u00facia Murat. A mostra prop\u00f4s um convite \u00e0 reflex\u00e3o por meio de uma linguagem que dialoga com o teatro, a dan\u00e7a e as artes visuais, e entrela\u00e7a mem\u00f3rias, viv\u00eancias, fic\u00e7\u00e3o e realidade hist\u00f3rica. Foram realizados 4 debates no Rio e 4 em S\u00e3o Paulo, veja abaixo os links do Youtube para os debates.<\/p>\n<p><strong>ABERTURA RJ<\/strong><br \/>\n<a href=\"https:\/\/www.youtube.com\/watch?v=E_HvS0UqvMY\" target=\"_blank\" rel=\"noopener noreferrer\" data-saferedirecturl=\"https:\/\/www.google.com\/url?q=https:\/\/youtu.be\/E_HvS0UqvMY&amp;source=gmail&amp;ust=1751378210619000&amp;usg=AOvVaw0VBO6c-y4ahigJMkLNwpyg\">https:\/\/youtu.be\/E_HvS0UqvMY<\/a><br \/>\n<strong>28\/05 \u2013\u00a0<\/strong>Debate de abertura da mostra <strong>CINEMA DE RESIST\u00caNCIA \u2013 Um olhar sobre o Brasil invis\u00edvel<\/strong> no CCBB do Rio de Janeiro, no dia 28 de maio,\u00a0 tema <strong>Ditadura e Mem\u00f3ria<\/strong>. Participaram da mesa a cineasta Lucia Murat, as historiadoras Jessie Jane e Dulce Pandolfi e a curadora da mostra, Denise Lopes. Debate mediado pelo jornalista Ancelmo G\u00f3is.<\/p>\n<p><strong>ABERTURA SP<\/strong><br \/>\n<a href=\"https:\/\/www.youtube.com\/watch?v=1QsB48mn7RU\" target=\"_blank\" rel=\"noopener noreferrer\" data-saferedirecturl=\"https:\/\/www.google.com\/url?q=https:\/\/youtu.be\/1QsB48mn7RU&amp;source=gmail&amp;ust=1751378210619000&amp;usg=AOvVaw1Tf3NJ5-5W0R-PaUxJOohZ\">https:\/\/youtu.be\/1QsB48mn7RU<\/a><br \/>\n<strong>04\/06 \u2013\u00a0<\/strong>No CCBB de S\u00e3o Paulo o debate de abertura aconteceu no dia 4 de junho, com o tema do primeiro m\u00f3dulo da mostra: <strong>Ditadura e Mem\u00f3ria<\/strong>. Participaram a cineasta Lucia Murat, a jornalista, escritora e ativista Amelinha Teles e a cineasta Tata Amaral. O jornalista e cr\u00edtico de cinema Luiz Carlos Merten mediou o debate.<\/p>\n<p><strong>QUEST\u00d5ES FEMININAS RJ<\/strong><br \/>\n<a href=\"https:\/\/www.youtube.com\/watch?v=mJ0YxNyCRUg&amp;t=207s\">https:\/\/www.youtube.com\/watch?v=mJ0YxNyCRUg&amp;t=207s<\/a><br \/>\n<strong>15\/06 \u2013<\/strong>No CCBB do Rio de Janeiro. Participaram da mesa a montadora Marih Oliveira, a cineasta Luciana Bezerra e da soci\u00f3loga e cientista pol\u00edtica Jacqueline Pitanguy, com media\u00e7\u00e3o da curadora, Denise Lopes.<\/p>\n<p><strong>QUEST\u00d5ES FEMININAS SP<\/strong><br \/>\n<a href=\"https:\/\/www.youtube.com\/watch?v=CRztkjs6OKQ\">https:\/\/www.youtube.com\/watch?v=CRztkjs6OKQ<\/a><br \/>\n<strong>22\/06 \u2013<\/strong>No CCBB de S\u00e3o Paulo. Participaram da mesa a escritora Beatriz Bracher, a professora de filosofia da Unicamp Yara Frateschi, com media\u00e7\u00e3o da cineasta Lucia Murat.<\/p>\n<p><strong>POVOS ORIGIN\u00c1RIOS RJ<\/strong><br \/>\n<a href=\"https:\/\/www.youtube.com\/watch?v=9T5pEydfx1Y&amp;t=1s\">https:\/\/www.youtube.com\/watch?v=9T5pEydfx1Y&amp;t=1s<\/a><br \/>\n<strong>15\/06 \u2013<\/strong>No CCBB do Rio de Janeiro, participaram da mesa a cineasta Lucia Murat, o fil\u00f3sofo e ativista Dilmar Puri, o professor, tradutor e escritor Adalberto Muller, jornalista e roteirista Renata Tupinamb\u00e1, com media\u00e7\u00e3o da curadora da mostra, Denise Lopes.<\/p>\n<p><strong>POVOS ORIGIN\u00c1RIOS SP<\/strong><br \/>\n<a href=\"https:\/\/www.youtube.com\/watch?v=cwEu3a0vdaM&amp;t=2s\">https:\/\/www.youtube.com\/watch?v=cwEu3a0vdaM&amp;t=2s<\/a><br \/>\n<strong>15\/06 \u2013<\/strong>No CCBB de S\u00e3o Paulo Participaram da mesa fil\u00f3sofo e ativista Dilmar Puri e o antrop\u00f3logo Andr\u00e9 Lopes.<\/p>\n<p><strong>DESIGUALDADES RJ<\/strong><br \/>\n<a href=\"https:\/\/www.youtube.com\/watch?v=VvYjz3ix3uo\">https:\/\/www.youtube.com\/watch?v=VvYjz3ix3uo<\/a><br \/>\n<strong>21\/06 \u2013 <\/strong>No CCBB do Rio de Janeiro, participaram da mesa a cineasta Lucia Murat, psicanalista e cr\u00edtico de cinema Luiz Fernando Gallego, a professora e atriz Leandra Miranda, com media\u00e7\u00e3o de Denise Lopes.<\/p>\n<p><strong>DESIGUALDADES SP<\/strong><br \/>\n<a href=\"https:\/\/www.youtube.com\/watch?v=BOH2TRUe8n8\">https:\/\/www.youtube.com\/watch?v=BOH2TRUe8n8<\/a><br \/>\n<strong>29\/06 \u2013<\/strong>No CCBB de S\u00e3o Paulo, participaram a mesa a atriz Marisa Orth, a historiadora e professora Lucilene Reginaldo, com media\u00e7\u00e3o da cineasta Lucia Murat.<\/p>\n<\/div>\n\t\t<\/div><\/div><\/div><\/div>","protected":false},"excerpt":{"rendered":"<p>Cat\u00e1logo_Cinema de resist\u00eancia Banco do Brasil apresentou e patrocinou em junho de 2025 a mostra CINEMA DE RESIST\u00caNCIA \u2013 Um olhar sobre o Brasil invis\u00edvel, que destacou a for\u00e7a est\u00e9tica e pol\u00edtica da obra de L\u00facia Murat. A mostra prop\u00f4s um convite \u00e0 reflex\u00e3o por meio de uma linguagem que dialoga com o teatro, a [&hellip;]<\/p>\n","protected":false},"author":1,"featured_media":0,"parent":0,"menu_order":0,"comment_status":"closed","ping_status":"closed","template":"templates\/template-full.php","meta":[],"_links":{"self":[{"href":"http:\/\/taigafilmes.com\/site\/wp-json\/wp\/v2\/pages\/2118"}],"collection":[{"href":"http:\/\/taigafilmes.com\/site\/wp-json\/wp\/v2\/pages"}],"about":[{"href":"http:\/\/taigafilmes.com\/site\/wp-json\/wp\/v2\/types\/page"}],"author":[{"embeddable":true,"href":"http:\/\/taigafilmes.com\/site\/wp-json\/wp\/v2\/users\/1"}],"replies":[{"embeddable":true,"href":"http:\/\/taigafilmes.com\/site\/wp-json\/wp\/v2\/comments?post=2118"}],"version-history":[{"count":62,"href":"http:\/\/taigafilmes.com\/site\/wp-json\/wp\/v2\/pages\/2118\/revisions"}],"predecessor-version":[{"id":2218,"href":"http:\/\/taigafilmes.com\/site\/wp-json\/wp\/v2\/pages\/2118\/revisions\/2218"}],"wp:attachment":[{"href":"http:\/\/taigafilmes.com\/site\/wp-json\/wp\/v2\/media?parent=2118"}],"curies":[{"name":"wp","href":"https:\/\/api.w.org\/{rel}","templated":true}]}}