

{"id":233,"date":"2015-06-14T22:05:47","date_gmt":"2015-06-15T01:05:47","guid":{"rendered":"http:\/\/taigafilmes.com\/wp\/?page_id=233"},"modified":"2015-06-25T20:24:43","modified_gmt":"2015-06-25T23:24:43","slug":"participacoes-internacionais","status":"publish","type":"page","link":"http:\/\/taigafilmes.com\/site\/a-produtora\/participacoes-internacionais\/","title":{"rendered":"Participa\u00e7\u00f5es internacionais"},"content":{"rendered":"<h5><em><a href=\"http:\/\/taigafilmes.com\/wp\/wp-content\/uploads\/2015\/05\/Lucia5_br.jpg\"><img decoding=\"async\" loading=\"lazy\" class=\" size-medium wp-image-488 alignright\" src=\"http:\/\/taigafilmes.com\/wp\/wp-content\/uploads\/2015\/05\/Lucia5_br-300x194.jpg\" alt=\"Lucia5_br\" width=\"300\" height=\"194\" srcset=\"http:\/\/taigafilmes.com\/site\/wp-content\/uploads\/2015\/05\/Lucia5_br-300x194.jpg 300w, http:\/\/taigafilmes.com\/site\/wp-content\/uploads\/2015\/05\/Lucia5_br.jpg 800w\" sizes=\"(max-width: 300px) 100vw, 300px\" \/><\/a>Dia dos Pais<\/em><\/h5>\n<p>\u2022 Cin\u00e9ma du R\u00e9el Festival Internacional de Document\u00e1rio (Fran\u00e7a) \u2013 2008<br \/>\n\u2022 \u00c9 Tudo Verdade Festival Internacional de Document\u00e1rio \u2013 2008<br \/>\n\u2022 Docknema Festival do Filme Document\u00e1rio de Mo\u00e7ambique \u2013 2008<\/p>\n<h5><em>Mar\u00e9, Nossa Hist\u00f3ria de Amor<\/em><\/h5>\n<p>\u2022 Festival do Rio \u2013 2007<br \/>\n\u2022 Mostra de S\u00e3o Paulo \u2013 2007<br \/>\n\u2022 Festival de Berlim \u2013 2008 (Panorama)<br \/>\n\u2022 Festival de Guadalajara \u2013 2008<br \/>\n\u2022 Festival Open Doek (B\u00e9lgica) \u2013 2008<br \/>\n\u2022 Festival de Toulouse (Filme de Abertura) \u2013 2008<br \/>\n\u2022 Festival de Cannes \u2013 2008 (Pavillon de Sud)<br \/>\n\u2022 Festival de Granada \u2013 2008<br \/>\n\u2022 Festival de Shangai \u2013 2008<br \/>\n\u2022 Open Doors Festival (Holanda) \u2013 2008<br \/>\n\u2022 Los Angeles Latino Film Festival \u2013 2008<br \/>\n\u2022 Barbican Centre, Londres \u2013 2008<br \/>\n\u2022 Festival Oslo Films from the South \u2013 2008<br \/>\n\u2022 Festival Filmar em Am\u00e9rica Latina (Sui\u00e7a) \u2013 2008<br \/>\n\u2022 International Latino Film Festival \u2013 San Francisco Bay Area \u2013 2008<\/p>\n<h5><em><img decoding=\"async\" loading=\"lazy\" class=\"margin-right: 10px; alignleft wp-image-486 size-medium\" src=\"http:\/\/taigafilmes.com\/wp\/wp-content\/uploads\/2015\/05\/Lucia0_br-208x300.jpg\" alt=\"Lucia0_br\" width=\"208\" height=\"300\" srcset=\"http:\/\/taigafilmes.com\/site\/wp-content\/uploads\/2015\/05\/Lucia0_br-208x300.jpg 208w, http:\/\/taigafilmes.com\/site\/wp-content\/uploads\/2015\/05\/Lucia0_br.jpg 554w\" sizes=\"(max-width: 208px) 100vw, 208px\" \/>Olhar Estrangeiro<\/em><\/h5>\n<p>\u2022 Festival Internacional do Rio de Janeiro 2005<br \/>\n\u2022 Mostra Internacional de S\u00e3o Paulo 2005<br \/>\n\u2022 Festival Latino Americano de Los Angeles (EUA) 2006<br \/>\n\u2022 Brasil Plural (Alemanha) 2006<br \/>\n\u2022 Festival du Film Br\u00e9silien de Paris (Fran\u00e7a) 2006<br \/>\n\u2022 Cine Las Am\u00e9ricas (EUA) 2007<br \/>\n\u2022 Hot Docs (Canad\u00e1) 2007<br \/>\n\u2022 Festival du Film Br\u00e9silien de Montreal (Canad\u00e1) 2007<br \/>\n\u2022 Toronto Brazil Film Fest (Canad\u00e1) 2007<br \/>\n\u2022 Focus Brasil (Espanha) 2007<\/p>\n<h5><em>Quase Dois Irm\u00e3os<\/em><\/h5>\n<p>\u2022 Festival de Toronto \u2013 2004<br \/>\n\u2022 Festival de Montreal \u2013 2004<br \/>\n\u2022 Festival do Rio \u2013 2004<br \/>\n\u2022 Mostra de S\u00e3o Paulo \u2013 2004<br \/>\n\u2022 Festival de Biarritz \u2013 2004<br \/>\n\u2022 Festival de Havana \u2013 2004<br \/>\n\u2022 Festival de Palm Springs \u2013 2005<br \/>\n\u2022 Festival de Cr\u00e9teil \u2013 2005<br \/>\n\u2022 Festival de Marseille \u2013 2005<br \/>\n\u2022 Festival de Mar Del Plata \u2013 2005<br \/>\n\u2022 Festival de Huelva \u2013 2005<br \/>\n\u2022 San Francisco Intl Film Festival \u2013 2005<br \/>\n\u2022 Seattle Intl Film Festival \u2013 2005<br \/>\n\u2022 Festival de Lima \u2013 2005<br \/>\n\u2022 Festival de Valdivia \u2013 2005<br \/>\n\u2022 Festival de Quito \u2013 2005<br \/>\n\u2022 London Film Festival \u2013 2005<br \/>\n\u2022 Helsink Film Festival \u2013 2005<br \/>\n\u2022 Meinheim Film Festival \u2013 2005<br \/>\n\u2022 Haifa Film Festival \u2013 2005<br \/>\n\u2022 Melbourne Film Festival \u2013 2005<\/p>\n<h5><em>Brava Gente Brasileira<\/em><\/h5>\n<p>\u2022 Toronto International Film Festival \u2013 2000<br \/>\n\u2022 Mostra BR do Rio \u2013 2000<br \/>\n\u2022 Mostra Internacional de S\u00e3o Paulo \u2013 2000<br \/>\n\u2022 Palm Springs International Film Festival \u2013 2001<br \/>\n\u2022 Festival Internacional de Mar del Plata \u2013 2001<br \/>\n\u2022 Encontros em Toulouse \u2013 Fran\u00e7a \u2013 2001<br \/>\n\u2022 Festival Bresilienne \u2013 Paris, Fran\u00e7a \u2013 2001<br \/>\n\u2022 Flaherty Seminar \u2013 NY \u2013 2001<br \/>\n\u2022 Taos Talking Ideas \u2013 New Mexico \u2013 EUA \u2013 2001<br \/>\n\u2022 Hong Kong International Film Festival \u2013 2001<br \/>\n\u2022 Chicago Latino Film Festival \u2013 2001<br \/>\n\u2022 Seattle International Film Festival \u2013 2001<br \/>\n\u2022 Calgary International Film Festival \u2013 Canada \u2013 2001<br \/>\n\u2022 London Latino Film Festival \u2013 2001<br \/>\n\u2022 Festival da OEA \u2013 Washington \u2013 2001<br \/>\n\u2022 Museu Guggenheim, NY \u2013 2001 \u2013 Abertura da Mostra Brasileira<br \/>\n\u2022 San Diego Latino Film Festival \u2013 2002<br \/>\n\u2022 Festival de Femmes de Creteil \u2013 2002 \u2013 Soir\u00e9e de Gala<br \/>\n\u2022 Festival Brasileiro de Estocolmo \u2013 2002<br \/>\n\u2022 San Francisco Latino Film Festival \u2013 2002<\/p>\n<h5><em>Doces Poderes<\/em><\/h5>\n<p>\u2022 Sundance Film Festival \u2013 1997<br \/>\n\u2022 Film Forum \u2013 Festival de Berlim \u2013 1997<br \/>\n\u2022 Washington International Film Festival (USA \u2013 1997)<br \/>\n\u2022 Philadelphia World Cinema (USA \u2013 1997)<br \/>\n\u2022 Brazilian Miami Festival (USA \u2013 1997)<br \/>\n\u2022 New England Latin American Film Festival ( Boston \u2013 USA \u2013 1997)<br \/>\n\u2022 London Latin Film Festival (Inglaterra \u2013 1997)<br \/>\n\u2022 Festival Internacional de Cine de Mar del Plata (Argentina \u2013 1997)<br \/>\n\u2022 Festival de Havana(Cuba \u20131997)<br \/>\n\u2022 Festival de Mulheres \u2013 Turim (It\u00e1lia) \u2013 1998<br \/>\n\u2022 Chicago Latino Film Festival ( USA \u2013 1998)<br \/>\n\u2022 Cruzando Fronteiras (Washington \u2013 1998)<br \/>\n\u2022 Festival da Serra da Estrela (Portugal \u2013 1998)<br \/>\n\u2022 Los Angeles Latino Film Festival (1998)<br \/>\n\u2022 San Diego Latino Film Festival (1999)<\/p>\n<h5><em>Que Bom Te Ver Viva<\/em><\/h5>\n<p>\u2022 Festival of Festivals (Toronto, 1989)<br \/>\n\u2022 Festival de Mujeres (Buenos Aires, 1990)<br \/>\n\u2022 San Francisco Film Festival (1990)<br \/>\n\u2022 Muestra Internacional del Nuevo Cine (Pesaro, It\u00e1lia, 1990)<br \/>\n\u2022 Manheim Festival (Alemanha, 1990)<br \/>\n\u2022 Human Rights Festival (NY, EUA, 1991)<br \/>\n\u2022 Yamagata Film Festival (Jap\u00e3o, 1991)<\/p>\n<h5><\/h5>\n<h5><\/h5>\n<h5><\/h5>\n","protected":false},"excerpt":{"rendered":"<p>Dia dos Pais \u2022 Cin\u00e9ma du R\u00e9el Festival Internacional de Document\u00e1rio (Fran\u00e7a) \u2013 2008 \u2022 \u00c9 Tudo Verdade Festival Internacional de Document\u00e1rio \u2013 2008 \u2022 Docknema Festival do Filme Document\u00e1rio de Mo\u00e7ambique \u2013 2008 Mar\u00e9, Nossa Hist\u00f3ria de Amor \u2022 Festival do Rio \u2013 2007 \u2022 Mostra de S\u00e3o Paulo \u2013 2007 \u2022 Festival de [&hellip;]<\/p>\n","protected":false},"author":1,"featured_media":0,"parent":4,"menu_order":0,"comment_status":"closed","ping_status":"closed","template":"","meta":[],"_links":{"self":[{"href":"http:\/\/taigafilmes.com\/site\/wp-json\/wp\/v2\/pages\/233"}],"collection":[{"href":"http:\/\/taigafilmes.com\/site\/wp-json\/wp\/v2\/pages"}],"about":[{"href":"http:\/\/taigafilmes.com\/site\/wp-json\/wp\/v2\/types\/page"}],"author":[{"embeddable":true,"href":"http:\/\/taigafilmes.com\/site\/wp-json\/wp\/v2\/users\/1"}],"replies":[{"embeddable":true,"href":"http:\/\/taigafilmes.com\/site\/wp-json\/wp\/v2\/comments?post=233"}],"version-history":[{"count":5,"href":"http:\/\/taigafilmes.com\/site\/wp-json\/wp\/v2\/pages\/233\/revisions"}],"predecessor-version":[{"id":513,"href":"http:\/\/taigafilmes.com\/site\/wp-json\/wp\/v2\/pages\/233\/revisions\/513"}],"up":[{"embeddable":true,"href":"http:\/\/taigafilmes.com\/site\/wp-json\/wp\/v2\/pages\/4"}],"wp:attachment":[{"href":"http:\/\/taigafilmes.com\/site\/wp-json\/wp\/v2\/media?parent=233"}],"curies":[{"name":"wp","href":"https:\/\/api.w.org\/{rel}","templated":true}]}}