

{"id":24,"date":"2015-05-27T16:23:42","date_gmt":"2015-05-27T19:23:42","guid":{"rendered":"http:\/\/taigafilmes.com\/wp\/?page_id=24"},"modified":"2018-02-28T16:17:40","modified_gmt":"2018-02-28T19:17:40","slug":"em-tres-atos","status":"publish","type":"page","link":"http:\/\/taigafilmes.com\/site\/filmes-realizados\/em-tres-atos\/","title":{"rendered":"Em tr\u00eas atos"},"content":{"rendered":"<div id=\"pl-24\"  class=\"panel-layout\" ><div id=\"pg-24-0\"  class=\"panel-grid panel-no-style\" ><div id=\"pgc-24-0-0\"  class=\"panel-grid-cell\" ><div id=\"panel-24-0-0-0\" class=\"so-panel widget widget_black-studio-tinymce widget_black_studio_tinymce panel-first-child panel-last-child\" data-index=\"0\" ><div class=\"textwidget\"><p><img class=\"alignnone size-full wp-image-180\" src=\"http:\/\/taigafilmes.com\/site\/wp-content\/uploads\/2015\/05\/EmTresAtos_AngelViana1.jpg\" alt=\"\" width=\"1100\" height=\"619\" \/><\/p>\n<p>\u201cEm tr\u00eas atos\u201d se insere no quadro de um filme entre a fic\u00e7\u00e3o e a n\u00e3o fic\u00e7\u00e3o, uma proposta de ensaio po\u00e9tico que vem explodindo no cinema mundial. O limite cada vez mais t\u00eanue entre fic\u00e7\u00e3o e document\u00e1rio vem permitindo que se trabalhe sem enquadramentos preconcebidos.<\/p>\n<p>O filme trata de finitude e continuidade, velhice e juventude trabalhando com o corpo, atrav\u00e9s da dan\u00e7a contempor\u00e2nea e com a palavra, em textos de Simone de Beauvoir.<\/p>\n<p>A dan\u00e7a, coreografada por Jo\u00e3o Saldanha, \u00e9 ao mesmo tempo uma homenagem a Angel Vianna, um \u00edcone da dan\u00e7a contempor\u00e2nea brasileira, que participou do filme aos 85 anos.<\/p>\n<p>Angel dan\u00e7a com Maria Alice Poppe, sua ex-aluna, que est\u00e1 no auge do seu vigor. A esse espet\u00e1culo de dan\u00e7a, que faz um contraponto sem clich\u00eas entre esses dois corpos, se agrega os textos de Simone de Beauvoir interpretados por Nathalia Timberg e Andrea Beltr\u00e3o. Esses textos s\u00e3o livremente inspirados em entrevistas da autora, nos livros \u201cA velhice\u201d e \u201cUma morte muito doce\u201d, em que a escritora escreveu sobre a morte da m\u00e3e.<\/p>\n<p>Realizado em parceria com a TSProductions, com quem a Taiga j\u00e1 co-produziu \u201cQuase Dois Irm\u00e3os\u201d, o filme conta com o apoio franc\u00eas de Milena Poylo e Gilles Sacoud, respons\u00e1veis pela negocia\u00e7\u00e3o com a Editora Gallimard, detentora dos direitos de Simone de Beauvoir.<\/p>\n<p><a href=\"http:\/\/www.taigafilmes.com\/emtresatos\/\">Veja mais no site do filme \u00bb<\/a><\/p>\n<\/div><\/div><\/div><div id=\"pgc-24-0-1\"  class=\"panel-grid-cell\" ><div id=\"panel-24-0-1-0\" class=\"so-panel widget widget_black-studio-tinymce widget_black_studio_tinymce panel-first-child panel-last-child\" data-index=\"1\" ><div class=\"textwidget\"><h4>Cr\u00e9ditos<\/h4>\n<p>Com Angel Vianna, Nathalia Tilmberg, Maria Alice Poppe e Andr\u00e9a Beltr\u00e3o<\/p>\n<p>Dire\u00e7\u00e3o e roteiro: Lucia Murat<br \/>\nBaseado em textos de Simone de Beauvoir<br \/>\nE no espet\u00e1culo \u201cQualquer coisa a gente muda\u201d<br \/>\nCoreografia: Jo\u00e3o Saldanha<br \/>\nProdu\u00e7\u00e3o: Lucia Murat, Milena Poylo, Gilles Sacuto, Celine Loiseau<br \/>\nDiretor de fotografia: Dudu Miranda<br \/>\nDiretor de arte: Cedric Aveline<br \/>\nMontagem: Mair Tavares e Marih Oliveira<br \/>\nTrilha Sonora: Sacha Amback<br \/>\nEdi\u00e7\u00e3o de som: Simone Petrillo<br \/>\nSom direto: Jose Moreau Louzeiro<br \/>\nMixagem: Emmanuel Croset<br \/>\nColorista: Fabio Souza<br \/>\nCoprodu\u00e7\u00e3o: TS Productions<\/p>\n<\/div><\/div><\/div><\/div><\/div>","protected":false},"excerpt":{"rendered":"<p>\u201cEm tr\u00eas atos\u201d se insere no quadro de um filme entre a fic\u00e7\u00e3o e a n\u00e3o fic\u00e7\u00e3o, uma proposta de ensaio po\u00e9tico que vem explodindo no cinema mundial. O limite cada vez mais t\u00eanue entre fic\u00e7\u00e3o e document\u00e1rio vem permitindo que se trabalhe sem enquadramentos preconcebidos. O filme trata de finitude e continuidade, velhice e [&hellip;]<\/p>\n","protected":false},"author":1,"featured_media":0,"parent":6,"menu_order":0,"comment_status":"closed","ping_status":"closed","template":"templates\/template-full.php","meta":[],"_links":{"self":[{"href":"http:\/\/taigafilmes.com\/site\/wp-json\/wp\/v2\/pages\/24"}],"collection":[{"href":"http:\/\/taigafilmes.com\/site\/wp-json\/wp\/v2\/pages"}],"about":[{"href":"http:\/\/taigafilmes.com\/site\/wp-json\/wp\/v2\/types\/page"}],"author":[{"embeddable":true,"href":"http:\/\/taigafilmes.com\/site\/wp-json\/wp\/v2\/users\/1"}],"replies":[{"embeddable":true,"href":"http:\/\/taigafilmes.com\/site\/wp-json\/wp\/v2\/comments?post=24"}],"version-history":[{"count":18,"href":"http:\/\/taigafilmes.com\/site\/wp-json\/wp\/v2\/pages\/24\/revisions"}],"predecessor-version":[{"id":1631,"href":"http:\/\/taigafilmes.com\/site\/wp-json\/wp\/v2\/pages\/24\/revisions\/1631"}],"up":[{"embeddable":true,"href":"http:\/\/taigafilmes.com\/site\/wp-json\/wp\/v2\/pages\/6"}],"wp:attachment":[{"href":"http:\/\/taigafilmes.com\/site\/wp-json\/wp\/v2\/media?parent=24"}],"curies":[{"name":"wp","href":"https:\/\/api.w.org\/{rel}","templated":true}]}}