

{"id":26,"date":"2015-05-27T16:24:16","date_gmt":"2015-05-27T19:24:16","guid":{"rendered":"http:\/\/taigafilmes.com\/wp\/?page_id=26"},"modified":"2025-10-31T12:27:06","modified_gmt":"2025-10-31T15:27:06","slug":"premios-e-festivais","status":"publish","type":"page","link":"http:\/\/taigafilmes.com\/site\/a-produtora\/premios-e-festivais\/","title":{"rendered":"Pr\u00eamios e festivais"},"content":{"rendered":"\n<figure class=\"wp-block-image size-large\"><a href=\"http:\/\/taigafilmes.com\/site\/wp-content\/uploads\/2017\/03\/12JUN_PRACA_PARIS_STILL-22.jpg\"><img decoding=\"async\" loading=\"lazy\" width=\"1024\" height=\"682\" src=\"http:\/\/taigafilmes.com\/site\/wp-content\/uploads\/2017\/03\/12JUN_PRACA_PARIS_STILL-22-1024x682.jpg\" alt=\"\" class=\"wp-image-1068\" srcset=\"http:\/\/taigafilmes.com\/site\/wp-content\/uploads\/2017\/03\/12JUN_PRACA_PARIS_STILL-22-1024x682.jpg 1024w, http:\/\/taigafilmes.com\/site\/wp-content\/uploads\/2017\/03\/12JUN_PRACA_PARIS_STILL-22-300x200.jpg 300w, http:\/\/taigafilmes.com\/site\/wp-content\/uploads\/2017\/03\/12JUN_PRACA_PARIS_STILL-22-768x512.jpg 768w, http:\/\/taigafilmes.com\/site\/wp-content\/uploads\/2017\/03\/12JUN_PRACA_PARIS_STILL-22-272x182.jpg 272w, http:\/\/taigafilmes.com\/site\/wp-content\/uploads\/2017\/03\/12JUN_PRACA_PARIS_STILL-22.jpg 1400w\" sizes=\"(max-width: 1024px) 100vw, 1024px\" \/><\/a><\/figure>\n\n\n\n<h5 class=\"wp-block-heading\"><em><strong>Lucia Murat<\/strong><\/em><\/h5>\n\n\n\n<p>\u2022&nbsp;&nbsp;Pr\u00eamio Leila Diniz \u2013 Festival de Bras\u00edlia do Cinema Brasileiro (2025). Pr\u00eamio concedido a mulheres que marcaram a hist\u00f3ria do cinema nacional com coragem, sensibilidade e pot\u00eancia criativa.<\/p>\n\n\n\n<p>\u2022&nbsp;<em>Chevalier des Arts et des Lettres<\/em> (Cavaleiro das Artes e das Letras, 2012) \u2013 Condecora\u00e7\u00e3o concedida pelo Minist\u00e9rio da Cultura da Fran\u00e7a a pessoas que se destacam na cria\u00e7\u00e3o art\u00edstica ou liter\u00e1ria, ou por sua contribui\u00e7\u00e3o para a difus\u00e3o das artes e das letras na Fran\u00e7a e no mundo.<\/p>\n\n\n\n<h5 class=\"wp-block-heading\"><\/h5>\n\n\n\n<h5 class=\"wp-block-heading\"><strong><em>Hora do Recreio<\/em> <\/strong><em><strong>(2025<\/strong>)<\/em><\/h5>\n\n\n\n<p>\u2022&nbsp;Men\u00e7\u00e3o Especial \u2013 J\u00fari Jovem \u2013 Mostra Competitiva Generation 14Plus &#8211; 75th Berlin International Film Festival (Alemanha), 2025<\/p>\n\n\n\n<p>\u2022&nbsp;Exibido no \u00c9 Tudo Verdade \u2013 Festival Internacional de Document\u00e1rios (Brasil), 2025<\/p>\n\n\n\n<p>\u2022&nbsp;&nbsp;Exibido no Cine a la Vista! (Argentina), 2025<\/p>\n\n\n\n<p>\u2022&nbsp;Exibido no Festival Biarritz Am\u00e9rique Latine (Fran\u00e7a), 2025<\/p>\n\n\n\n<p>\u2022&nbsp;&nbsp;Exibido no Job Film Days (Italia), 2025<\/p>\n\n\n\n<p>\u2022&nbsp;Exibido no 40th Filmfest Osnabr\u00fcck (Alemanha), 2025<\/p>\n\n\n\n<p>\u2022&nbsp;Exibido no Nuremberg International Human Rights Film Festival (Alemanha), 2025<\/p>\n\n\n\n<h5 class=\"wp-block-heading\"><em><a href=\"http:\/\/taigafilmes.com\/wp\/wp-content\/uploads\/2015\/05\/Lucia3_br.jpg\"><\/a><\/em><\/h5>\n\n\n\n<h5 class=\"wp-block-heading\"><em><strong>O Mensageiro<\/strong><\/em> <strong>(2023)<\/strong><\/h5>\n\n\n\n<p>\u2022&nbsp;\u00danico longa-metragem premiado pelo Edital de Cultura de Niter\u00f3i de 2020<\/p>\n\n\n\n<p>\u2022&nbsp;&nbsp;Gui\u00f5es (Portugal) \u2013 Melhor roteiro pelo j\u00fari internacional, 2021<\/p>\n\n\n\n<p>\u2022&nbsp;Projeto Paradiso \u2013 selecionado para apoio no mercado internacional, 2022<\/p>\n\n\n\n<p>\u2022&nbsp;Guadalajara Construye \u2013 pr\u00eamio de p\u00f3s-produ\u00e7\u00e3o do WIP, 2022<\/p>\n\n\n\n<p>\u2022&nbsp;Exibido no Festival do Rio \u2013 Mostra Competitiva Premi\u00e8re Brasil, 2023<\/p>\n\n\n\n<p>\u2022&nbsp;Festival de Paraty 2024: o filme recebeu 8 pr\u00eamios: Melhor filme; Melhor dire\u00e7\u00e3o; Melhor ator; Melhor atriz coadjuvante; Melhor roteiro; Melhor montagem; Melhor figurino.<\/p>\n\n\n\n<h5 class=\"wp-block-heading\"><em><a href=\"http:\/\/taigafilmes.com\/wp\/wp-content\/uploads\/2015\/05\/Lucia3_br.jpg\"><\/a><\/em><\/h5>\n\n\n\n<h5 class=\"wp-block-heading\"><em><strong> Ana sem T\u00edtulo (2021)<\/strong><\/em><\/h5>\n\n\n\n<p>\u2022&nbsp;&nbsp;Primavera de Vigo &#8211; Espanha &#8211; Pr\u00eamio de melhor filme do p\u00fablico<\/p>\n\n\n\n<p>\u2022&nbsp;Infinito Film festival &#8211; EUA &#8211; Pr\u00eamio especial do j\u00fari<\/p>\n\n\n\n<p>\u2022&nbsp;Festival de Havana &#8211; Pr\u00eamio Caminos do Centro Martin Luther King<\/p>\n\n\n\n<p>\u2022&nbsp;Festival Brics &#8211; \u00cdndia &#8211; Pr\u00eamio de melhor dire\u00e7\u00e3o<\/p>\n\n\n\n<h5 class=\"wp-block-heading\"><em><strong>Pra\u00e7a Paris<\/strong> <strong>(2018)<\/strong><\/em><\/h5>\n\n\n\n<p>\u2022&nbsp;Festival do Rio 2017 (Premi\u00e8re Mundial) &#8211; Melhor Dire\u00e7\u00e3o e Melhor Atriz (Grace Pass\u00f4)<\/p>\n\n\n\n<p>\u2022&nbsp;Festival Internacional de Chicago 2017 (Premi\u00e8re Internacional)<\/p>\n\n\n\n<p>\u2022&nbsp;Mostra Internacional de SP 2017<\/p>\n\n\n\n<p>\u2022&nbsp;Tallin Black Nights Film Festival (Premi\u00e8re Europeia)<\/p>\n\n\n\n<p>\u2022&nbsp;Festival de Havana 2017 &#8211; Menci\u00f3n de SIGNIS e Pr\u00eamio Don Quijote<\/p>\n\n\n\n<p>\u2022&nbsp;Festival de Cinema de L\u00edngua Portuguesa 2018 &#8211; Melhor Atriz<\/p>\n\n\n\n<p>\u2022&nbsp;Festival Cinematogr\u00e1fico Internacional do Uruguai 2018 &#8211; Melhor Filme Ibero-Americano e Melhor Filme da Cr\u00edtica (Fipresci)<\/p>\n\n\n\n<p>\u2022&nbsp;Festival Brasileiro de Paris 2018<\/p>\n\n\n\n<p>\u2022&nbsp;Festival de Granada Cines del Sur 2018 \u2013 Melhor Filme do P\u00fablico<\/p>\n\n\n\n<p>\u2022&nbsp;Festival Brasileiro de Mil\u00e3o 2018<\/p>\n\n\n\n<h5 class=\"wp-block-heading\"><em><strong>O<\/strong> <strong>esquecimento imposs\u00edve<\/strong>l <strong>(2016)<\/strong><\/em><\/h5>\n\n\n\n<p>\u2022&nbsp;Premio Sur \u2013 premia\u00e7\u00e3o da Academia de las Artes y Ciencias Cinematogr\u00e1ficas da Argentina \u2013 indicado ao pr\u00eamio de melhor filme documental na na XII edi\u00e7\u00e3o (2016)<\/p>\n\n\n\n<p>\u2022&nbsp;Exibido no Festival \u00c9 Tudo Verdade &#8211; Competi\u00e7\u00e3o Latino-Americana<\/p>\n\n\n\n<p>\u2022&nbsp;Exibido no Festival de Mar Del Plata<\/p>\n\n\n\n<h5 class=\"wp-block-heading\"><em><strong>Em <\/strong>t<strong>r\u00eas atos<\/strong> <strong>(2015)<\/strong><\/em><\/h5>\n\n\n\n<p>\u2022 Indica\u00e7\u00f5es ao Pr\u00eamio Guarani de Cinema Brasileiro (2016): Melhor Atriz: Andrea Beltr\u00e3o; Roteiro Adaptado: L\u00facia Murat<\/p>\n\n\n\n<h5 class=\"wp-block-heading\"><em><em><strong>A na\u00e7\u00e3o que n\u00e3o <strong>esperou por Deus (2015)<\/strong><\/em><\/h5>\n\n\n\n<p>\u2022 Pr\u00eamio \u00c9 Tudo Verdade 2015, Brasil<\/p>\n\n\n\n<p>\u2022 Pr\u00eamio Planeta.Doc2015, Brasil<\/p>\n\n\n\n<p>\u2022 Pr\u00eamio Festival Internacional Pachamama \u2013 Cinema de Fronteira Acre, Brasil<\/p>\n\n\n\n<h5 class=\"wp-block-heading\"><em><strong>A mem\u00f3ria que me contam (2012)<\/strong><\/em><\/h5>\n\n\n\n<p>\u2022 Pr\u00eamio Fipresci (melhor filme da cr\u00edtica) \u2013 Moscow International Film Festival (2013)<\/p>\n\n\n\n<h5 class=\"wp-block-heading\"><em><strong>Uma longa viagem (2011)<\/strong><\/em><\/h5>\n\n\n\n<p>\u2022 Pr\u00eamio da Cr\u00edtica de Melhor Document\u00e1rio, Festival de Paul\u00ednia, Brasil<br>\u2022 Pr\u00eamio de Melhor Filme, Melhor Ator, Melhor Dire\u00e7\u00e3o de Arte, Pr\u00eamio do J\u00fari Popular e Pr\u00eamio Estudantil, Festival de Gramado, Brasil<br>\u2022 Pr\u00eamio do P\u00fablico blico, Festival de M\u00e1laga, Espanha<\/p>\n\n\n\n<h5 class=\"wp-block-heading\"><strong><em>Hist\u00f3rias que s\u00f3 existem quando <\/em><\/strong><strong><em>lembradas (2011)<\/em><\/strong><\/h5>\n\n\n\n<p>\u2022 Men\u00e7\u00e3o no Cine en Construcci\u00f3n em Toulouse<br>\u2022 Pr\u00eamio Cine Cinema no Cine en Construcci\u00f3n em Toulouse<br>\u2022 Men\u00e7\u00e3o especial no Festival de San Sebastian<br>\u2022 Pr\u00eamio da igreja da Isl\u00e2ndia no Festival de Reykjavik IFF<br>\u2022 Melhor filme no Festival de Abu Dhabi<br>\u2022 Melhor atriz no Festival de Abu Dhabi<br>\u2022 Pr\u00eamio FIPRESCI no festival de Ljubljana, Eslov\u00eania<br>\u2022 Pr\u00eamio de p\u00fablico no festival de Warsaw, Pol\u00f4nia<br>\u2022 Pr\u00eamio de p\u00fablico no Festival de Santa Maria da Feira<br>\u2022 Melhor filme do j\u00fari cineclubista Festival de Santa Maria da Feira<br>\u2022 Melhor atriz no Festival de Santa Maria da Feira<br>\u2022 Pr\u00eamio Nueva Vision de filmes latinos no festival Santa B\u00e1rbara IFF<br>\u2022 Pr\u00eamio de p\u00fablico no IFFR Groningen<br>\u2022 Pr\u00eamio Ecum\u00eanico no Festival de Cartagena<br>\u2022 Melhor filme Festival de Sofia<br>\u2022 Talent Tape Award Friburg<br>\u2022 Pr\u00eamio Ecum\u00eanico Friburg<br>\u2022 Melhor filme J\u00fari cineclubista Friburg<br>\u2022 Melhor filme J\u00fari Jovem Friburg<br>\u2022 Pr\u00eamio da associa\u00e7\u00e3o CCAS, Festival de Toulouse<br>\u2022 Pr\u00eamio Ceux du Rail d&#8217;Oc, Festival de Toulouse<br>\u2022 Melhor Filme festival de RiverRun<br>\u2022 Peter Brunette Award para melhor diretor, Festival de RiverRun<br>\u2022 Melhor Fotografia, Festival de RiverRun<br>\u2022 Men\u00e7\u00e3o especial para S\u00f4nia Guedes, Festival de RiverRun<br>\u2022 Men\u00e7\u00e3o Especial no Festival Latino LAFF, Holanda<br>\u2022 Melhor filme, pr\u00eamio de p\u00fablico, Festival de cinema brasileiro em Paris<br>\u2022 Melhor roteiro, Festival du Cin\u00e9ma d&#8217;Auteur de Rabat, Marrocos, 2012<br>\u2022 Melhor filme pelo j\u00fari, Festival de Lima, 2012<br>\u2022 Premio APC \u2013 Asociaci\u00f3n Peruana de Comunicadores \u2013 Monse\u00f1or Luciano Metzinger&nbsp;\u2013 Festival de Lima<br>\u2022 Melhor filme (pr\u00eamio de p\u00fablico) no festival Latinamerika i Fokus, Su\u00e9cia<br>\u2022 Men\u00e7\u00e3o Especial Ourense film Festival<br>\u2022 Melhor fotografia Ourense film Festival<\/p>\n\n\n\n<h5 class=\"wp-block-heading\"><strong><em>Dia dos pais (2008)<\/em><\/strong><\/h5>\n\n\n\n<p>\u2022 Estreia mundial no Festival Cin\u00e9ma du R\u00e9el;<\/p>\n\n\n\n<p>\u2022 Exibido na Mostra competitiva do Festival \u00c9 tudo verdade.<\/p>\n\n\n\n<p><\/p>\n\n\n\n<h5 class=\"wp-block-heading\"><em><strong>Mar\u00e9, nossa hist\u00f3ria de amor (estreia em2008, estreia em festivais 2007)<\/strong><\/em><\/h5>\n\n\n\n<p>\u2022 Pr\u00eamio Especial do J\u00fari de melhor ator para Babu Santana \u2013 Festival do Rio, 2007<\/p>\n\n\n\n<p>\u2022 Pr\u00eamio Behind The Scenes \u2013 Film Festival Open Doek, 2008<\/p>\n\n\n\n<p>\u2022 Exibido no Festival de Berlim 2008 \u2013 Mostra Panorama<\/p>\n\n\n\n<h5 class=\"wp-block-heading\"><strong><em>Olhar estrangeiro(2006)<\/em><\/strong><\/h5>\n\n\n\n<p>\u2022 Melhor edi\u00e7\u00e3o \u2013 J\u00falia Murat \u2013 Festival de Goi\u00e2nia, 2006<\/p>\n\n\n\n<h5 class=\"wp-block-heading\"><em><strong>Quase Dois Irm\u00e3os (2005)<\/strong><\/em><\/h5>\n\n\n\n<p>\u2022 Pr\u00eamio para desenvolvimento de projeto do Minc, 1999<br>\u2022 Sele\u00e7\u00e3o Laborat\u00f3rio Sundance, 2002<br>\u2022 Melhor Diretor \u2013 L\u00facia Murat \u2013 Festival do Rio, 2004<br>\u2022 Melhor Ator \u2013 Fl\u00e1vio Bauraqui \u2013 Festival do Rio, 2004<br>\u2022 Melhor Filme Latino Americano \u2013 Pr\u00eamio Fipresci (Federa\u00e7\u00e3o Internacional de Cr\u00edticos), 2004<br>\u2022 Melhor Filme \u2013 Amazonas Film Festival, 2004<br>\u2022 Melhor Edi\u00e7\u00e3o \u2013 Festival de Havana, 2004<br>\u2022 Melhor Trilha Sonora \u2013 Festival de Havana, 2004<br>\u2022 Pr\u00eamio especial do J\u00fari \u2013 Festival de Marseille, 2005<br>\u2022 Melhor filme do juri popular \u2013 Festival Mar Del Plata, 2005<br>\u2022 Melhor filme ibero-americano do juri \u2013 Festival Mar Del Plata, 2005<br>\u2022 Melhor filme do P\u00fablico \u2013 Festival Brasileiro de Paris, 2005<br>\u2022 Melhor roteiro \u2013 Lucia Murat e Paulo Lins \u2013 Festival de Bel\u00e9m, 2005<br>\u2022 Melhor ator coadjuvante \u2013 Babu Santana \u2013 Festival de Bel\u00e9m, 2005<br>\u2022 Melhor som \u2013 Festival de Bel\u00e9m, 2005<br>\u2022 Melhor atriz coadjuvante \u2013 Maria Flor \u2013 Festival de Bel\u00e9m, 2005<br>\u2022 Melhor som \u2013 Brazilian Miami Film Festival, 2005<br>\u2022 \u201cPremio da Radio de Espa\u00f1a\u201d \u2013 Festival de Huelva, 2005<br>\u2022 Pr\u00eamio especial do J\u00fari \u2013 Festival de Huelva, 2005<br>\u2022 Selecionado pelo Sindicato de Produtores para representar o Brasil no pr\u00eamio Luis Cam\u00f5es<br>\u2022 Melhor roteiro \u2013 Lucia Murat e Paulo Lins \u2013 Associa\u00e7\u00e3o Paulista de Cr\u00edticos de Arte<\/p>\n\n\n\n<h5 class=\"wp-block-heading\"><em><strong>Brava Gente Brasileira (2001)<\/strong><\/em><\/h5>\n\n\n\n<p>\u2022 Sele\u00e7\u00e3o Laborat\u00f3rio Sundance Institute, 1998<br>\u2022 Pr\u00eamio de roteiro do MINC, 1998<br>\u2022 Pr\u00eamio Avon, 2002<br>\u2022 Pr\u00eamio Dire\u00e7\u00e3o \u2013 San Francisco Latino Film Festival, 2002<br>\u2022 Melhor filme do p\u00fablico \u2013 Festival de Marseille, 2005<\/p>\n\n\n\n<h5 class=\"wp-block-heading\"><em><strong>Doces poderes (lan\u00e7amento comercial 1996, estreia em festivais 1995)<\/strong><\/em><\/h5>\n\n\n\n<p>\u2022 Pr\u00eamio da Funda\u00e7\u00e3o Rockfeller \u2013 Toronto Film Festival, 1996<\/p>\n\n\n\n<h5 class=\"wp-block-heading\"><em><strong>Que Bom Te Ver Viva (1989)<\/strong><\/em><\/h5>\n\n\n\n<p>\u2022 Melhor filme (j\u00fari popular, j\u00fari oficial, cr\u00edtica ) \u2013 Festival de Bras\u00edlia, 1989<br>\u2022 Melhor montagem e melhor atriz \u2013 Festival de Bras\u00edlia, 1989<br>\u2022 Pr\u00eamio Especial do J\u00fari e Pr\u00eamio Sambur\u00e1 \u2013 Festival Internacional do Rio, 1989<br>\u2022 Pr\u00eamio Coral, melhor filme da OCIC \u2013 Festival de Havana, 1989<br>\u2022 Pr\u00eamio \u00e0 dire\u00e7\u00e3o \u2013 Associa\u00e7\u00e3o de Atores \u2013 Festival de Havana, 1989<br>\u2022 Melhor atriz de cinema \u2013 Associa\u00e7\u00e3o de Cr\u00edticos Paulistas; Pr\u00eamio Moli\u00e8re; Golden Metais, 1990<br>\u2022 Melhor filme e Melhor atriz \u2013 Rio-Cine Festival, 1990<br>\u2022 Men\u00e7\u00e3o Margarida de Prata \u2013 CNBB<br>\u2022 Men\u00e7\u00f5es da Federa\u00e7\u00e3o Internacional de Cr\u00edticos e da OCIC \u2013 Fest-Rio<\/p>\n\n\n\n<h5 class=\"wp-block-heading\"><em><strong>O Pequeno Ex\u00e9rcito Louco (1984)<\/strong><\/em><\/h5>\n\n\n\n<p>\u2022 Melhor filme m\u00e9dia-metragem e Melhor montagem \u2013 Rio-Cine Festival, 1985<br>\u2022 Melhor montagem \u2013 XIV Jornada de Cinema na Bahia, 1985<\/p>\n\n\n\n<h5 class=\"wp-block-heading\">&nbsp;<\/h5>\n\n\n\n<h5 class=\"wp-block-heading\">&nbsp;<\/h5>\n\n\n\n<h5 class=\"wp-block-heading\">&nbsp;<\/h5>\n\n\n\n<h5 class=\"wp-block-heading\">&nbsp;<\/h5>\n\n\n\n<h5 class=\"wp-block-heading\">&nbsp;<\/h5>\n\n\n\n<h5 class=\"wp-block-heading\">&nbsp;<\/h5>\n\n\n\n<h5 class=\"wp-block-heading\">&nbsp;<\/h5>\n\n\n\n<h5 class=\"wp-block-heading\">&nbsp;<\/h5>\n","protected":false},"excerpt":{"rendered":"<p>Lucia Murat \u2022&nbsp;&nbsp;Pr\u00eamio Leila Diniz \u2013 Festival de Bras\u00edlia do Cinema Brasileiro (2025). Pr\u00eamio concedido a mulheres que marcaram a hist\u00f3ria do cinema nacional com coragem, sensibilidade e pot\u00eancia criativa. \u2022&nbsp;Chevalier des Arts et des Lettres (Cavaleiro das Artes e das Letras, 2012) \u2013 Condecora\u00e7\u00e3o concedida pelo Minist\u00e9rio da Cultura da Fran\u00e7a a pessoas que [&hellip;]<\/p>\n","protected":false},"author":1,"featured_media":0,"parent":4,"menu_order":0,"comment_status":"closed","ping_status":"open","template":"","meta":[],"_links":{"self":[{"href":"http:\/\/taigafilmes.com\/site\/wp-json\/wp\/v2\/pages\/26"}],"collection":[{"href":"http:\/\/taigafilmes.com\/site\/wp-json\/wp\/v2\/pages"}],"about":[{"href":"http:\/\/taigafilmes.com\/site\/wp-json\/wp\/v2\/types\/page"}],"author":[{"embeddable":true,"href":"http:\/\/taigafilmes.com\/site\/wp-json\/wp\/v2\/users\/1"}],"replies":[{"embeddable":true,"href":"http:\/\/taigafilmes.com\/site\/wp-json\/wp\/v2\/comments?post=26"}],"version-history":[{"count":60,"href":"http:\/\/taigafilmes.com\/site\/wp-json\/wp\/v2\/pages\/26\/revisions"}],"predecessor-version":[{"id":2309,"href":"http:\/\/taigafilmes.com\/site\/wp-json\/wp\/v2\/pages\/26\/revisions\/2309"}],"up":[{"embeddable":true,"href":"http:\/\/taigafilmes.com\/site\/wp-json\/wp\/v2\/pages\/4"}],"wp:attachment":[{"href":"http:\/\/taigafilmes.com\/site\/wp-json\/wp\/v2\/media?parent=26"}],"curies":[{"name":"wp","href":"https:\/\/api.w.org\/{rel}","templated":true}]}}