

{"id":352,"date":"2015-06-20T20:46:12","date_gmt":"2015-06-20T23:46:12","guid":{"rendered":"http:\/\/taigafilmes.com\/wp\/?page_id=352"},"modified":"2015-06-25T20:10:20","modified_gmt":"2015-06-25T23:10:20","slug":"the-company","status":"publish","type":"page","link":"http:\/\/taigafilmes.com\/site\/the-company\/","title":{"rendered":"The company"},"content":{"rendered":"<div id=\"attachment_459\" style=\"width: 310px\" class=\"wp-caption alignright\"><a href=\"http:\/\/taigafilmes.com\/wp\/wp-content\/uploads\/2015\/06\/produtora1_en.jpg\"><img aria-describedby=\"caption-attachment-459\" decoding=\"async\" loading=\"lazy\" class=\"size-medium wp-image-459\" src=\"http:\/\/taigafilmes.com\/wp\/wp-content\/uploads\/2015\/06\/produtora1_en-300x199.jpg\" alt=\"Lucia Murat\" width=\"300\" height=\"199\" srcset=\"http:\/\/taigafilmes.com\/site\/wp-content\/uploads\/2015\/06\/produtora1_en-300x199.jpg 300w, http:\/\/taigafilmes.com\/site\/wp-content\/uploads\/2015\/06\/produtora1_en.jpg 600w\" sizes=\"(max-width: 300px) 100vw, 300px\" \/><\/a><p id=\"caption-attachment-459\" class=\"wp-caption-text\">Lucia Murat<\/p><\/div>\n<p class=\"style4\">Taiga Filmes is a production company created by the journalist and filmmaker Lucia Murat in the early 80\u2019s. The company was responsible for innumerable videos for TV and publicity and the following films: \u201cO Pequeno Ex\u00e9rcito Louco\u201d (Little Mad Army), \u201cDaisy\u201d (Daisy), \u201cQue Bom Te Ver Viva\u201d (How Nice to See You Alive), \u201cDoces Poderes\u201d (Sweet Power), \u201cBrava Gente Brasileira\u201d (Brave New Land), \u201cQuase dois irm\u00e3os\u201d (Almost Brothers), \u201cOlhar Estrangeiro\u201d (Foreign Eye), \u201cMar\u00e9, Nossa Hist\u00f3ria de Amor\u201d(Another Love Story) and \u201cDia dos Pais\u201d (Father\u2019s day), &#8220;Hist\u00f3rias que s\u00f3 existem quando lembradas&#8221; (Found Memories), &#8220;Uma Longa Viagem&#8221; (A Long Journey) and &#8220;A mem\u00f3ria que me Contam&#8221; (Memories They Told Me).<\/p>\n<p class=\"style4\">Beside the feature films, Lucia Murat has been responsible for important series for educational TV (\u201cTestemunho\u201d, about important Brazilian History characters); \u201cO caso eu conto como o caso foi\u201d, short stories based in classics of Brazilian literature, and \u201cMulheres no cinema\u201d, about women in the Brazilian movies). The feature films from Taiga received innumerous prizes and are present in the most important international festivals.<\/p>\n<p>&nbsp;<\/p>\n","protected":false},"excerpt":{"rendered":"<p>Taiga Filmes is a production company created by the journalist and filmmaker Lucia Murat in the early 80\u2019s. The company was responsible for innumerable videos for TV and publicity and the following films: \u201cO Pequeno Ex\u00e9rcito Louco\u201d (Little Mad Army), \u201cDaisy\u201d (Daisy), \u201cQue Bom Te Ver Viva\u201d (How Nice to See You Alive), \u201cDoces Poderes\u201d [&hellip;]<\/p>\n","protected":false},"author":1,"featured_media":0,"parent":0,"menu_order":0,"comment_status":"closed","ping_status":"closed","template":"","meta":[],"_links":{"self":[{"href":"http:\/\/taigafilmes.com\/site\/wp-json\/wp\/v2\/pages\/352"}],"collection":[{"href":"http:\/\/taigafilmes.com\/site\/wp-json\/wp\/v2\/pages"}],"about":[{"href":"http:\/\/taigafilmes.com\/site\/wp-json\/wp\/v2\/types\/page"}],"author":[{"embeddable":true,"href":"http:\/\/taigafilmes.com\/site\/wp-json\/wp\/v2\/users\/1"}],"replies":[{"embeddable":true,"href":"http:\/\/taigafilmes.com\/site\/wp-json\/wp\/v2\/comments?post=352"}],"version-history":[{"count":10,"href":"http:\/\/taigafilmes.com\/site\/wp-json\/wp\/v2\/pages\/352\/revisions"}],"predecessor-version":[{"id":500,"href":"http:\/\/taigafilmes.com\/site\/wp-json\/wp\/v2\/pages\/352\/revisions\/500"}],"wp:attachment":[{"href":"http:\/\/taigafilmes.com\/site\/wp-json\/wp\/v2\/media?parent=352"}],"curies":[{"name":"wp","href":"https:\/\/api.w.org\/{rel}","templated":true}]}}