

{"id":374,"date":"2015-06-22T11:46:37","date_gmt":"2015-06-22T14:46:37","guid":{"rendered":"http:\/\/taigafilmes.com\/wp\/?page_id=374"},"modified":"2015-06-25T20:25:49","modified_gmt":"2015-06-25T23:25:49","slug":"international-presence","status":"publish","type":"page","link":"http:\/\/taigafilmes.com\/site\/the-company\/international-presence\/","title":{"rendered":"International participation"},"content":{"rendered":"<h5><em><a href=\"http:\/\/taigafilmes.com\/wp\/wp-content\/uploads\/2015\/06\/Lucia5.jpg\"><img decoding=\"async\" loading=\"lazy\" class=\" size-medium wp-image-479 alignright\" src=\"http:\/\/taigafilmes.com\/wp\/wp-content\/uploads\/2015\/06\/Lucia5-300x194.jpg\" alt=\"Lucia5\" width=\"300\" height=\"194\" srcset=\"http:\/\/taigafilmes.com\/site\/wp-content\/uploads\/2015\/06\/Lucia5-300x194.jpg 300w, http:\/\/taigafilmes.com\/site\/wp-content\/uploads\/2015\/06\/Lucia5.jpg 800w\" sizes=\"(max-width: 300px) 100vw, 300px\" \/><\/a>Dia dos Pais<\/em><\/h5>\n<p>\u2022 Cin\u00e9ma du R\u00e9el Festival Internacional de Document\u00e1rio (Fran\u00e7a) \u2013 2008<br \/>\n\u2022 \u00c9 Tudo Verdade Festival Internacional de Document\u00e1rio \u2013 2008<br \/>\n\u2022 Docknema Festival do Filme Document\u00e1rio de Mo\u00e7ambique \u2013 2008<\/p>\n<h5><em>Mar\u00e9, Nossa Hist\u00f3ria de Amor<\/em><\/h5>\n<p>\u2022 Festival do Rio \u2013 2007<br \/>\n\u2022 Mostra de S\u00e3o Paulo \u2013 2007<br \/>\n\u2022 Festival de Berlim \u2013 2008 (Panorama)<br \/>\n\u2022 Festival de Guadalajara \u2013 2008<br \/>\n\u2022 Festival Open Doek (B\u00e9lgica) \u2013 2008<br \/>\n\u2022 Festival de Toulouse (Filme de Abertura) \u2013 2008<br \/>\n\u2022 Festival de Cannes \u2013 2008 (Pavillon de Sud)<br \/>\n\u2022 Festival de Granada \u2013 2008<br \/>\n\u2022 Festival de Shangai \u2013 2008<br \/>\n\u2022 Open Doors Festival (Holanda) \u2013 2008<br \/>\n\u2022 Los Angeles Latino Film Festival \u2013 2008<br \/>\n\u2022 Barbican Centre, Londres \u2013 2008<br \/>\n\u2022 Festival Oslo Films from the South \u2013 2008<br \/>\n\u2022 Festival Filmar em Am\u00e9rica Latina (Sui\u00e7a) \u2013 2008<br \/>\n\u2022 International Latino Film Festival \u2013 San Francisco Bay Area \u2013 2008<\/p>\n<h5><em><img decoding=\"async\" loading=\"lazy\" class=\"margin-right: 10px; alignleft wp-image-486 size-medium\" src=\"http:\/\/taigafilmes.com\/wp\/wp-content\/uploads\/2015\/05\/Lucia0_br-208x300.jpg\" alt=\"Lucia0_br\" width=\"208\" height=\"300\" srcset=\"http:\/\/taigafilmes.com\/site\/wp-content\/uploads\/2015\/05\/Lucia0_br-208x300.jpg 208w, http:\/\/taigafilmes.com\/site\/wp-content\/uploads\/2015\/05\/Lucia0_br.jpg 554w\" sizes=\"(max-width: 208px) 100vw, 208px\" \/><\/em><\/h5>\n<h5><em>Olhar Estrangeiro<\/em><\/h5>\n<p>\u2022 Festival Internacional do Rio de Janeiro 2005<br \/>\n\u2022 Mostra Internacional de S\u00e3o Paulo 2005<br \/>\n\u2022 Festival Latino Americano de Los Angeles (EUA) 2006<br \/>\n\u2022 Brasil Plural (Alemanha) 2006<br \/>\n\u2022 Festival du Film Br\u00e9silien de Paris (Fran\u00e7a) 2006<br \/>\n\u2022 Cine Las Am\u00e9ricas (EUA) 2007<br \/>\n\u2022 Hot Docs (Canad\u00e1) 2007<br \/>\n\u2022 Festival du Film Br\u00e9silien de Montreal (Canad\u00e1) 2007<br \/>\n\u2022 Toronto Brazil Film Fest (Canad\u00e1) 2007<br \/>\n\u2022 Focus Brasil (Espanha) 2007<\/p>\n<h5><em>Almost Brothers<\/em><\/h5>\n<p>\u2022 Toronto Film Festival \u2013 2004<br \/>\n\u2022 Montreal Film festival \u2013 2004<br \/>\n\u2022 Festival do Rio \u2013 2004<br \/>\n\u2022 Mostra de S\u00e3o Paulo \u2013 2004<br \/>\n\u2022 Biarritz Film Festival \u2013 2004<br \/>\n\u2022 Havana Film Festival \u2013 2004<br \/>\n\u2022 Palm Springs Film Festival &#8211; 2005<br \/>\n\u2022 Cr\u00e9teil Film Festival \u2013 2005<br \/>\n\u2022 Marseille Film Festival \u2013 2005<br \/>\n\u2022 Mar Del Plata Film Festival \u2013 2005<br \/>\n\u2022 Huelva Film Festival \u2013 2005<br \/>\n\u2022 San Francisco Intl Film Festival \u2013 2005<br \/>\n\u2022 Seattle Intl Film Festival \u2013 2005<br \/>\n\u2022 Special Prize from jury \u2013 Festival de Huelva, 2005<br \/>\n\u2022 Valdivia Film Festival \u2013 2005<br \/>\n\u2022 Lima Film Festival \u2013 2005<br \/>\n\u2022 Quito Film Festival \u2013 2005<br \/>\n\u2022 London Film Festival \u2013 2005<br \/>\n\u2022 Helsink Film Festival \u2013 2005<br \/>\n\u2022 Meinheim Film Festival \u2013 2005<br \/>\n\u2022 Haifa Film Festival \u2013 2005<br \/>\n\u2022 Melbourne film Festival \u2013 2005<\/p>\n<h5><em>Brave New Land<\/em><\/h5>\n<p>\u2022 Toronto International Film Festival \u2013 2000<br \/>\n\u2022 Mostra BR do Rio \u2013 2000<br \/>\n\u2022 Mostra Internacional de S\u00e3o Paulo \u2013 2000<br \/>\n\u2022 Palm Springs International Film Festival \u2013 2001<br \/>\n\u2022 Festival Internacional de Mar del Plata \u2013 2001<br \/>\n\u2022 Encontros em Toulouse \u2013 Fran\u00e7a \u2013 2001<br \/>\n\u2022 Festival Bresilienne \u2013 Paris \u2013 Fran\u00e7a \u2013 2001<br \/>\n\u2022 Flaherty Seminar, NY \u2013 2001<br \/>\n\u2022 Taos Talking Ideas \u2013 New Mexico \u2013 EUA \u2013 2001<br \/>\n\u2022 Hong Kong International Film Festival \u2013 2001<br \/>\n\u2022 Chicago Latino Film Festival \u2013 2001<br \/>\n\u2022 Seattle International Film Festival \u2013 2001<br \/>\n\u2022 Calgary International Film Festival \u2013 Canada \u2013 2001<br \/>\n\u2022 London Latino Film Festival \u2013 2001<br \/>\n\u2022 Festival da OEA &#8211; Washington \u2013 2001<br \/>\n\u2022 Museu Guggenheim, NY \u2013 2001 \u2013 Abertura da Mostra Brasileira<br \/>\n\u2022 San Diego Latino Film Festival \u2013 2002<br \/>\n\u2022 Festival de Femmes de Creteil \u2013 2002 \u2013 Soir\u00e9e de Gala<br \/>\n\u2022 Festival Brasileiro de Estocolmo \u2013 2002<br \/>\n\u2022 San Francisco latino Film Festival \u2013 2002<\/p>\n<h5><em>Sweet power<\/em><\/h5>\n<p>\u2022 Sundance Film Festival \u2013 1997<br \/>\n\u2022 Film Forum -Festival de Berlim \u2013 1997<br \/>\n\u2022 Washington International Film Festival (USA \u2013 1997)<br \/>\n\u2022 Philadelphia World Cinema (USA &#8211; 1997)<br \/>\n\u2022 Brazilian Miami Festival (USA \u2013 1997)<br \/>\n\u2022 New England Latin American Film Festival ( Boston \u2013 USA\u2013 1997)<br \/>\n\u2022 London Latin Film Festival (Inglaterra \u2013 1997)<br \/>\n\u2022 Festival Internacional de Cine de Mar del Plata (Argentina \u2013 1997)<br \/>\n\u2022 Festival de Havana(Cuba \u2013 1997)<br \/>\n\u2022 Festival de Mulheres \u2013 Turim (It\u00e1lia) \u2013 1998<br \/>\n\u2022 Chicago Latino Film Festival ( USA \u2013 1998)<br \/>\n\u2022 Cruzando Fronteiras (Washington \u2013 1998)<br \/>\n\u2022 Festival da Serra da Estrela (Portugal \u2013 1998)<br \/>\n\u2022 Los Angeles Latino Film Festival (1998)<br \/>\n\u2022 San Diego Latino Film Festival (1999<\/p>\n<h5><i>Good to see you alive<\/i><\/h5>\n<p>\u2022 Festival of Festivals (Toronto, 1989)<br \/>\n\u2022 Festival de Mujeres (Buenos Aires, 1990)<br \/>\n\u2022 San Francisco Film Festival (1990)<br \/>\n\u2022 Muestra Internacional del Nuevo Cine (Pesaro, It\u00e1lia, 1990)<br \/>\n\u2022 Manheim Festival (Alemanha, 1990)<br \/>\n\u2022 Human Rights Festival (NY, EUA, 1991)<br \/>\n\u2022 Yamagata Film Festival (Jap\u00e3o, 1991)<\/p>\n<h5><strong><em>Foreign eye<\/em><\/strong><\/h5>\n<p>\u2022 Rio de Janeiro Int\u2019l Film Festival 2005<br \/>\n\u2022 S\u00e3o Paulo Int\u2019l Film Festival 2005<br \/>\n\u2022 Festival Latino Americano de Los Angeles 2006<br \/>\n\u2022 Brasil Plural (Germany) 2006<br \/>\n\u2022 Festival du Film Br\u00e9silien de Paris 2006<br \/>\n\u2022 Cine Las Am\u00e9ricas (USA) 2007<br \/>\n\u2022 Hot Docs (Canada) 2007<br \/>\n\u2022 Festival du Film Br\u00e9silien de Montreal 2007<br \/>\n\u2022 Toronto Brazil Film Fest 2007<br \/>\n\u2022 Focus Brasil (Spain) 2007<\/p>\n<h5>Father\u00b4s day<\/h5>\n<p>\u2022 Cin\u00e9ma du R\u00e9el \u2013 Internationall Documentary Film Festival (France) \u2013 2008<br \/>\n\u2022 It\u00b4s All True \u2013 International Documentary Film Festival \u2013 2008<br \/>\n\u2022 Dockanema Festival (Mo\u00e7ambique) \u2013 2008<\/p>\n<h5><\/h5>\n<h5><\/h5>\n<h5><\/h5>\n","protected":false},"excerpt":{"rendered":"<p>Dia dos Pais \u2022 Cin\u00e9ma du R\u00e9el Festival Internacional de Document\u00e1rio (Fran\u00e7a) \u2013 2008 \u2022 \u00c9 Tudo Verdade Festival Internacional de Document\u00e1rio \u2013 2008 \u2022 Docknema Festival do Filme Document\u00e1rio de Mo\u00e7ambique \u2013 2008 Mar\u00e9, Nossa Hist\u00f3ria de Amor \u2022 Festival do Rio \u2013 2007 \u2022 Mostra de S\u00e3o Paulo \u2013 2007 \u2022 Festival de [&hellip;]<\/p>\n","protected":false},"author":1,"featured_media":0,"parent":352,"menu_order":0,"comment_status":"closed","ping_status":"closed","template":"","meta":[],"_links":{"self":[{"href":"http:\/\/taigafilmes.com\/site\/wp-json\/wp\/v2\/pages\/374"}],"collection":[{"href":"http:\/\/taigafilmes.com\/site\/wp-json\/wp\/v2\/pages"}],"about":[{"href":"http:\/\/taigafilmes.com\/site\/wp-json\/wp\/v2\/types\/page"}],"author":[{"embeddable":true,"href":"http:\/\/taigafilmes.com\/site\/wp-json\/wp\/v2\/users\/1"}],"replies":[{"embeddable":true,"href":"http:\/\/taigafilmes.com\/site\/wp-json\/wp\/v2\/comments?post=374"}],"version-history":[{"count":6,"href":"http:\/\/taigafilmes.com\/site\/wp-json\/wp\/v2\/pages\/374\/revisions"}],"predecessor-version":[{"id":515,"href":"http:\/\/taigafilmes.com\/site\/wp-json\/wp\/v2\/pages\/374\/revisions\/515"}],"up":[{"embeddable":true,"href":"http:\/\/taigafilmes.com\/site\/wp-json\/wp\/v2\/pages\/352"}],"wp:attachment":[{"href":"http:\/\/taigafilmes.com\/site\/wp-json\/wp\/v2\/media?parent=374"}],"curies":[{"name":"wp","href":"https:\/\/api.w.org\/{rel}","templated":true}]}}