

{"id":422,"date":"2015-06-23T19:10:45","date_gmt":"2015-06-23T22:10:45","guid":{"rendered":"http:\/\/taigafilmes.com\/wp\/?page_id=422"},"modified":"2017-11-08T15:17:32","modified_gmt":"2017-11-08T17:17:32","slug":"good-to-see-you-alive","status":"publish","type":"page","link":"http:\/\/taigafilmes.com\/site\/films\/good-to-see-you-alive\/","title":{"rendered":"How nice to see you alive"},"content":{"rendered":"<div id=\"pl-422\"  class=\"panel-layout\" ><div id=\"pg-422-0\"  class=\"panel-grid panel-no-style\" ><div id=\"pgc-422-0-0\"  class=\"panel-grid-cell\" ><div id=\"panel-422-0-0-0\" class=\"so-panel widget widget_black-studio-tinymce widget_black_studio_tinymce panel-first-child panel-last-child\" data-index=\"0\" ><div class=\"textwidget\"><p><img class=\"alignnone wp-image-254 size-full\" src=\"http:\/\/taigafilmes.com\/site\/wp-content\/uploads\/2015\/05\/Que_bom_te_ver_viva_g.jpg\" alt=\"Que bom te ver viva, um filme de Lucia Murat\" width=\"1500\" height=\"639\" \/><\/p>\n<p>Four years after a military coup overthrew the Brazilian government in 1964, all civil rights were suspended and torture became a systematic practice. Using a mix of fiction and documentary this extraordinary film is a searing record of personal memory, political repression and the will to survive. Interviews with eight women who were political prisoners during the military dictatorship are framed by the fantasies and imaginings of an anonymous character, portrayed by actress Irene Ravache.<\/p>\n<p>Filmmaker Murat, like the interviewees, was herself tortured and imprisoned; her award-winning film shatters the silence imposed on the survivors and the collective will to forget.<\/p>\n<h4>Press comments<\/h4>\n<p>\"An extraordinary film .... Eight political prisoners, all women articulate the price of surviving an experience that even their friends, husbands and children wish to cushion in silence.\" Judy Block, Pacific film Archives<\/p>\n<p>\"Remarkably revealing... made with determination to break the rigid curtain of silence.\" Judy Stone,\u00a0SF Chronicle<\/p>\n<p>\"A fundamental film. A clear, exciting and true reflection about a universal theme: the fight for life in authoritarian regime.\"\u00a0JORNAL DO BRASIL<\/p>\n<p>\"Touching, clear and serene. A film that work with facts, memories and know how to do it in the direction of the future. Indispensable.\"\u00a0JORNAL DA TARDE<\/p>\n<p>\"In the same way than Marcel Ophuls and Claude Lanzmann, Lucia Murat did more than a historical documentary that dare to immerse in a tabu theme. She did one of the most humanistic work that I saw in the last times.\" FOLHA DE S. PAULO<\/p>\n<h4>Awards<\/h4>\n<p>Bras\u00edlia Festival (1989): The best film (official jury); The best film (popular jury); The best film (critical premium); The best actress; The best montage<br \/>\nFestival de La Habana (1989): Pr\u00eamio Coral; Pr\u00eamio Caracol (Associa\u00e7\u00e3o de Artistas); The best film (OCIC)<br \/>\nFestival Internacional\/Rio (1989): Special prize of the jury; Mention \u2013 OCIC; Mention \u2013 International critical; Pr\u00eamio Sambur\u00e1<br \/>\nOthers: Mention \u2013 CNBB; The best actress \u2013 Pr\u00eamio Air France; The best actress \u2013 Ass. Criticos \/ SP;<br \/>\n1990: The best actress \u2013 Pr\u00eamio Moliere; The best actress \u2013 Golden Metais; The best film and actress \u2013 Rio-Cine Festival<\/p>\n<h4>Internacional Festivals<\/h4>\n<p>Festival of Festivals (Toronto, 1989)<br \/>\nFestival de Mujeres (Buenos Aires, 1990)<br \/>\nSan Francisco Film Festival (USA,\u00a01990)<br \/>\nMuestra Internacional del Nuevo Cine (Pesaro, Italy, 1990)<br \/>\nManheim Festival (Alemnha, 1990) Human Rights Festval ( NY, EUA, 1991)<br \/>\nYamagata Film Festival (Japan, 1991)<\/p>\n<\/div><\/div><\/div><div id=\"pgc-422-0-1\"  class=\"panel-grid-cell\" ><div id=\"panel-422-0-1-0\" class=\"so-panel widget widget_black-studio-tinymce widget_black_studio_tinymce panel-first-child panel-last-child\" data-index=\"1\" ><div class=\"textwidget\"><p><img class=\"Que bom te ver viva, um filme de Lucia Murat alignnone wp-image-63 size-medium\" title=\"Que bom te ver viva, um filme de Lucia Murat\" src=\"http:\/\/taigafilmes.com\/site\/wp-content\/uploads\/2015\/06\/cartaz_quebomteverviva-201x300.jpg\" alt=\"cartaz_quebomteverviva\" width=\"201\" height=\"300\" \/><\/p>\n<h4>Cast<\/h4>\n<p>Irene Ravache<\/p>\n<h4>Credits<\/h4>\n<p>Script, direction\u00a0and executive production: Lucia Murat<br \/> Editing: Vera Freire<br \/> Photography: Walter Carvalho<br \/> Sound: Heron Alencar<br \/> Art director and Director-assistent:\u00a0Adolfo Orico Rosenthal<br \/> Production direction: K\u00e1tia Cop e Maria Helena Nascimento<br \/> Set decoration and costumes: Beatriz Salgado<br \/> Original music: Fernando Moura<br \/> Sound: A\u00e9cio Fl\u00e1vio<br \/> Production: Taiga Filmes e Video<br \/> Internacional Distributor\u00a0for the\u00a0EUA: Woman Make Movies<\/p>\n<\/div><\/div><\/div><\/div><\/div>","protected":false},"excerpt":{"rendered":"<p>Four years after a military coup overthrew the Brazilian government in 1964, all civil rights were suspended and torture became a systematic practice. Using a mix of fiction and documentary this extraordinary film is a searing record of personal memory, political repression and the will to survive. Interviews with eight women who were political prisoners [&hellip;]<\/p>\n","protected":false},"author":1,"featured_media":0,"parent":356,"menu_order":0,"comment_status":"closed","ping_status":"closed","template":"templates\/template-full.php","meta":[],"_links":{"self":[{"href":"http:\/\/taigafilmes.com\/site\/wp-json\/wp\/v2\/pages\/422"}],"collection":[{"href":"http:\/\/taigafilmes.com\/site\/wp-json\/wp\/v2\/pages"}],"about":[{"href":"http:\/\/taigafilmes.com\/site\/wp-json\/wp\/v2\/types\/page"}],"author":[{"embeddable":true,"href":"http:\/\/taigafilmes.com\/site\/wp-json\/wp\/v2\/users\/1"}],"replies":[{"embeddable":true,"href":"http:\/\/taigafilmes.com\/site\/wp-json\/wp\/v2\/comments?post=422"}],"version-history":[{"count":10,"href":"http:\/\/taigafilmes.com\/site\/wp-json\/wp\/v2\/pages\/422\/revisions"}],"predecessor-version":[{"id":1516,"href":"http:\/\/taigafilmes.com\/site\/wp-json\/wp\/v2\/pages\/422\/revisions\/1516"}],"up":[{"embeddable":true,"href":"http:\/\/taigafilmes.com\/site\/wp-json\/wp\/v2\/pages\/356"}],"wp:attachment":[{"href":"http:\/\/taigafilmes.com\/site\/wp-json\/wp\/v2\/media?parent=422"}],"curies":[{"name":"wp","href":"https:\/\/api.w.org\/{rel}","templated":true}]}}