

{"id":441,"date":"2015-06-23T20:16:43","date_gmt":"2015-06-23T23:16:43","guid":{"rendered":"http:\/\/taigafilmes.com\/wp\/?page_id=441"},"modified":"2021-03-18T15:15:44","modified_gmt":"2021-03-18T18:15:44","slug":"another-love-story","status":"publish","type":"page","link":"http:\/\/taigafilmes.com\/site\/films\/another-love-story\/","title":{"rendered":"Another Love Story"},"content":{"rendered":"<div id=\"pl-441\"  class=\"panel-layout\" ><div id=\"pg-441-0\"  class=\"panel-grid panel-no-style\" ><div id=\"pgc-441-0-0\"  class=\"panel-grid-cell\" ><div id=\"panel-441-0-0-0\" class=\"so-panel widget widget_black-studio-tinymce widget_black_studio_tinymce panel-first-child panel-last-child\" data-index=\"0\" ><div class=\"textwidget\"><p><img class=\"alignnone wp-image-209 size-full\" src=\"http:\/\/taigafilmes.com\/site\/wp-content\/uploads\/2015\/06\/mare_g.jpg\" alt=\"Mar\u00e9, nossa hist\u00f3ria de anor, um filme de Lucia Murat\" width=\"1500\" height=\"938\" \/><\/p>\n<p>Living in a slum divided between two rival gangs of drug traffickers, Anal\u00eddia is the daughter of one of the gangs\u2019 leaders and Jonatha is a childhood friend of the other. Both study in a dance group,directed by Fernanda, situated exactly in the middle of the two groups. Openly inspired by Romeo and Juliet, the film is a review of our strong sense of music, our contemporary dance as well as the strange mix we find in slum, where violence lives along side artistic possibility brought by social projects.<\/p>\n<p>Jonatha is the community MC and his dream is to record a CD. Divided between his older brothers \u2013 Paulo (Fl\u00e1vio Bauraqui), idealist, worker, with a passion for samba, and Dudu (Babu Santana), adopted brother and head of one of the gangs that control the drug trade in the favela, his dilemma is whether or not to accept help from Dudu, who promises to finance his career with drug money.<\/p>\n<p>The arrival of Anal\u00eddia, with her mother (Elisa Lucinda), alters the favela routine. Sent to Mar\u00e9, after Anal\u00eddia\u2019s father is jailed, they are under the protection of B\u00ea (Jefchander Lucas), Anal\u00eddia\u2019s cousin, and head of the gang opposing Dudu.<\/p>\n<p>The only place that Anal\u00eddia and Jonatha can meet is at the dance group, sponsored by an NGO, and coordinated by Fernanda, ex-ballerina. Neutral land in the favela, the shed where the group rehearses is the only space where residents of areas occupied by opposing powers in the drug war can get together in harmony.<\/p>\n<p>The shed and the dance provide a chance for all to get away from the daily violence, attracting even Anjo (Anjo Lopes), who belongs to B\u00ea\u2019s gang.<\/p>\n<p>Fernanda believes that she can create a real dance company. However little by little she gets involved with the personalities and the different factions that dominate the community. Impressed by Anal\u00eddia and Jonatha\u2019s determination to continue their love story, in spite of the risks and the pressure from both sides, she tries to help them. Her plan however encounters difficulties due to the growing violence in Mar\u00e9.<\/p>\n<p><a href=\"http:\/\/www.taigafilmes.com\/mare\/en\/index.html\" style=\"color: #ff6633;\">More information on the movie website \u00bb<\/a><\/p>\n<\/div><\/div><\/div><div id=\"pgc-441-0-1\"  class=\"panel-grid-cell\" ><div id=\"panel-441-0-1-0\" class=\"so-panel widget widget_black-studio-tinymce widget_black_studio_tinymce panel-first-child panel-last-child\" data-index=\"1\" ><div class=\"textwidget\"><p><img class=\"alignnone size-medium wp-image-56\" src=\"http:\/\/taigafilmes.com\/site\/wp-content\/uploads\/2015\/06\/cartaz_mare-201x300.jpg\" alt=\"cartaz_mare\" width=\"201\" height=\"300\" \/><\/p>\n<h4>Cast<\/h4>\n<p>Presenting:<br \/>\nCristina Lago<br \/>\nVinicius D\u2019Black<br \/>\nAnjo Lopes<br \/>\nNa\u00e7\u00e3o Mar\u00e9<\/p>\n<p>Marisa Orth<br \/>\nBabu Santana<br \/>\nJefchander Lucas<\/p>\n<p>Special role:<br \/>\nElisa Lucinda<br \/>\nFlavio Bauraqui<br \/>\nMalu Galli<\/p>\n<h4>Credits<\/h4>\n<p>Direction and production: Lucia Murat<br \/>\nProduction: Taiga Filmes<br \/>\nCo-production: Limite, Gloria Filmes, Lavor\u00e1gine Filmes<br \/>\nExecutive production: Luis Vidal, \u00a0Branca Murat, Daniel Lion<br \/>\nPhotography direction: Lucio Kodato<br \/>\nProduction direction: Martha Ferraris<br \/>\nChoreography: Graciela Figueroa<br \/>\nSound track: Fernando Moura and\u00a0Marcos Suzano<br \/>\nMixage: Emmanuel Croset<br \/>\nSound editing: Simone Petrillo<br \/>\nDirecto sound: Jos\u00e9 Louzeiro, Paulo Ricardo Nunes<br \/>\nCamera: Fabricio Tadeu<br \/>\nEditing: Mair Tavares and\u00a0Julia Murat<br \/>\nScreen play: Lucia Murat and\u00a0Paulo Lins<br \/>\nCostumes: In\u00eas Salgado<br \/>\nArt direction: Gringo Cardia<br \/>\nPhotography direction: Lucio Kodato<\/p>\n<\/div><\/div><\/div><\/div><\/div>","protected":false},"excerpt":{"rendered":"<p>Living in a slum divided between two rival gangs of drug traffickers, Anal\u00eddia is the daughter of one of the gangs\u2019 leaders and Jonatha is a childhood friend of the other. Both study in a dance group,directed by Fernanda, situated exactly in the middle of the two groups. Openly inspired by Romeo and Juliet, the [&hellip;]<\/p>\n","protected":false},"author":1,"featured_media":0,"parent":356,"menu_order":0,"comment_status":"closed","ping_status":"closed","template":"templates\/template-full.php","meta":[],"_links":{"self":[{"href":"http:\/\/taigafilmes.com\/site\/wp-json\/wp\/v2\/pages\/441"}],"collection":[{"href":"http:\/\/taigafilmes.com\/site\/wp-json\/wp\/v2\/pages"}],"about":[{"href":"http:\/\/taigafilmes.com\/site\/wp-json\/wp\/v2\/types\/page"}],"author":[{"embeddable":true,"href":"http:\/\/taigafilmes.com\/site\/wp-json\/wp\/v2\/users\/1"}],"replies":[{"embeddable":true,"href":"http:\/\/taigafilmes.com\/site\/wp-json\/wp\/v2\/comments?post=441"}],"version-history":[{"count":6,"href":"http:\/\/taigafilmes.com\/site\/wp-json\/wp\/v2\/pages\/441\/revisions"}],"predecessor-version":[{"id":1907,"href":"http:\/\/taigafilmes.com\/site\/wp-json\/wp\/v2\/pages\/441\/revisions\/1907"}],"up":[{"embeddable":true,"href":"http:\/\/taigafilmes.com\/site\/wp-json\/wp\/v2\/pages\/356"}],"wp:attachment":[{"href":"http:\/\/taigafilmes.com\/site\/wp-json\/wp\/v2\/media?parent=441"}],"curies":[{"name":"wp","href":"https:\/\/api.w.org\/{rel}","templated":true}]}}