

{"id":455,"date":"2015-06-23T20:50:54","date_gmt":"2015-06-23T23:50:54","guid":{"rendered":"http:\/\/taigafilmes.com\/wp\/?page_id=455"},"modified":"2017-11-08T15:18:34","modified_gmt":"2017-11-08T17:18:34","slug":"memories-they-told-me","status":"publish","type":"page","link":"http:\/\/taigafilmes.com\/site\/films\/memories-they-told-me\/","title":{"rendered":"Memories they told me"},"content":{"rendered":"<div id=\"pl-455\"  class=\"panel-layout\" ><div id=\"pg-455-0\"  class=\"panel-grid panel-no-style\" ><div id=\"pgc-455-0-0\"  class=\"panel-grid-cell\" ><div id=\"panel-455-0-0-0\" class=\"so-panel widget widget_black-studio-tinymce widget_black_studio_tinymce panel-first-child panel-last-child\" data-index=\"0\" ><div class=\"textwidget\"><p><img class=\"aligncenter wp-image-187 size-full\" src=\"http:\/\/taigafilmes.com\/site\/wp-content\/uploads\/2015\/06\/memoria-que-me-contam1.jpg\" alt=\"\" width=\"1500\" height=\"938\" \/><\/p>\n<p>An ironic drama about defeated utopias, terrorism, sexual behavior and the creation of a myth. A group of friends, who resisted the military dictatorship, and their children will face the conflict between the daily life of today and the past when one of them is dying.<\/p>\n<p><a style=\"color: #ff6633;\" href=\"http:\/\/www.taigafilmes.com\/memoria\/en\/index.htm\">More information on the movie website \u00bb<\/a><\/p>\n<h4>Argument<\/h4>\n<p>ANA is dying. Ex-guerrilla, icon of the Left, she is the last link of a group of friends that resisted the military dictatorship in Brazil. On the waiting room of a health clinic they meet again. Unsuccessful utopias, terrorism and sexual liberation from the point of view of two generations, a group of ex-guerrillas and their children, are the themes of this film. Narrated as a puzzle, in a sequence of emotions and sensations that do not obey a classic narrative, the film shows ANA only when young, as she had never left the 1960s. She is young, beautiful and dangerously fragile.<\/p>\n<p>As background for these issues, <strong><em>A mem\u00f3ria que me contam [Memories they told me] <\/em><\/strong>followsthe daily lives of the main characters today. IRENE, film maker, is working on a film related to the 1960s. The couple, Henrique, plastic artist, and ZEZ\u00c9, a contemporary art curator. EDUARDO, IRENE\u2019s son, is a young rising artist and is involved in a romantic relationship with GABRIEL, RICARDO\u2019s son, an ex-militant, today a professor, who, from the behavioral point of view is extremely conservative.<\/p>\n<p>Each of the characters in the waiting room brings an issue that connects the 1960s to current issues. PAOLO, refugee in Brazil, accused of belonging to an armed group in Italy of the 1970s, he brings the discussion of terrorism to current days. Why is he still seen as a criminal and the Brazilian characters are heroes? What else distinguished the reality of guerrilla warfare in Brazil, which lived under a dictatorship, from Italy in the 1970s?<\/p>\n<p>IRENE and PAOLO had an affair in the past. The triangle formed one day by PAOLO, IRENE and ANA surfaces. But today, facing the possibility of losing ANA, what is important to all of the friends gathered there is the affection that unites them. A request of extradition done by Italy takes PAOLO to prison in Brazil. All the discussions worsen, including with Z\u00c9 CARLOS, current Minister of the Government.<\/p>\n<p>At the same time, the young generation, children of the ex-militant, gets into conflict with the elders. They all have a deep admiration for their parents, due to the myth around the resistant to the dictatorship, they even have a little jealousy of this \u201cheroic\u201d past. However, the contradictions in the professional and behavioral life will emphasize the differences. The arrival of Chlo\u00e9, Ana\u2019s niece that lives in Paris, is another motivation to this conflict.<\/p>\n<p>ANA\u2019s death reunites the friends.\u00a0At the cemetery, anteroom of the cremation, they are all present for a last homage. On the big screen, this homage is more than perfect. It is a beautiful and perfect cinematographic scene in which ANA has the farewell her friends wished her to have. IRENE is happy to have made a beautiful film about her friend.<\/p>\n<p>The spectator understands IRENE\u2019s film is about ANA. The cinema as the possible dream.<\/p>\n<p>&nbsp;<\/p>\n<\/div><\/div><\/div><div id=\"pgc-455-0-1\"  class=\"panel-grid-cell\" ><div id=\"panel-455-0-1-0\" class=\"so-panel widget widget_black-studio-tinymce widget_black_studio_tinymce panel-first-child panel-last-child\" data-index=\"1\" ><div class=\"textwidget\"><p><img class=\"alignnone wp-image-539 size-medium\" src=\"http:\/\/taigafilmes.com\/site\/wp-content\/uploads\/2015\/06\/cartaz_memoria1_en1-203x300.jpg\" alt=\"Memories they told me\" width=\"203\" height=\"300\" \/><\/p>\n<h4>Cast<\/h4>\n<p>(by entrance order)<br \/> Irene Ravache (Irene)<br \/> Simone Spoladore (Ana)<br \/> Franco Nero (Paolo)<br \/> Clarisse Abujamra (Zez\u00e9)<br \/> Hamilton Vaz Pereira (Henrique)<br \/> M\u00e1rio Jos\u00e9 Paz (Dr. Guillermo)<br \/> Miguel Thir\u00e9 (Eduardo)<br \/> Patrick Sampaio (Gabriel)<br \/> Juliana Helcer (Irene jovem)<br \/> Z\u00e9carlos Machado (Ministro Jos\u00e9 Carlos)<br \/> Ricardo Dantas (assessor do ministro)<br \/> Pablo Uranga (rep\u00f3rter argentino)<br \/> Hugo Gon\u00e7alves (dubl\u00ea de ministro)<br \/> Ot\u00e1vio Augusto (Ricardo)<br \/> Elaine Vilela (enfermeira)<br \/> Pablo San\u00e1bio (jovem empres\u00e1rio)<br \/> Nath\u00e1lia Murat (menina na instala\u00e7\u00e3o)<br \/> Oswaldo Mendes (Cacalo)<br \/> Val\u00e9ria Monteiro (apresentadora do telejornal)<br \/> Fernando Bezerra (M\u00e1rio Azeredo, militar)<br \/> Nat\u00e1lia Lorda (amiga da Ana)<br \/> Ovidici Puscalau (homem das bolhas)<br \/> Naruna Kaplan de Macedo (Chlo\u00e9)<br \/> Eduardo Estrela (Alberto)<br \/> Rodrigo Oliveira (acompanhante de Alberto)<br \/> Bianca Joy (rep\u00f3rter da TV)<br \/> Eduardo Cravo (taxista)<br \/> Babu Santana (Jo\u00e3o Tavares)<\/p>\n<h4>Credits<\/h4>\n<p>Direction: Lucia Murat<br \/> Production: Adrian Solar, Felicitas Raffo Julia Solomonoff e Lucia Murat<br \/> Executive production: Daniel Lion, Denis Feij\u00e3o e Martha Ferraris<br \/> Screen play: Lucia Murat e Tatiana Salem Levy<br \/> Photography: Guillermo Nieto<br \/> Editing: Mair Tavares<br \/> Production direction: Daniela Santos<br \/> Art direction: Ana Rita Bueno<br \/> Costume design: In\u00eas Salgado<br \/> Direct sound: Jos\u00e9 Moreau Louzeiro<br \/> Sound editing: Simone Petrillo<br \/> Mixing: Emmanuel Croset<br \/> Music: Diego Fontecilla<br \/> Coproducers: Bonfilm, Elixir Entretenimento, Locall, Universo Imagem<\/p>\n<\/div><\/div><\/div><\/div><\/div>","protected":false},"excerpt":{"rendered":"<p>An ironic drama about defeated utopias, terrorism, sexual behavior and the creation of a myth. A group of friends, who resisted the military dictatorship, and their children will face the conflict between the daily life of today and the past when one of them is dying. More information on the movie website \u00bb Argument ANA [&hellip;]<\/p>\n","protected":false},"author":1,"featured_media":0,"parent":356,"menu_order":0,"comment_status":"closed","ping_status":"closed","template":"templates\/template-full.php","meta":[],"_links":{"self":[{"href":"http:\/\/taigafilmes.com\/site\/wp-json\/wp\/v2\/pages\/455"}],"collection":[{"href":"http:\/\/taigafilmes.com\/site\/wp-json\/wp\/v2\/pages"}],"about":[{"href":"http:\/\/taigafilmes.com\/site\/wp-json\/wp\/v2\/types\/page"}],"author":[{"embeddable":true,"href":"http:\/\/taigafilmes.com\/site\/wp-json\/wp\/v2\/users\/1"}],"replies":[{"embeddable":true,"href":"http:\/\/taigafilmes.com\/site\/wp-json\/wp\/v2\/comments?post=455"}],"version-history":[{"count":5,"href":"http:\/\/taigafilmes.com\/site\/wp-json\/wp\/v2\/pages\/455\/revisions"}],"predecessor-version":[{"id":1518,"href":"http:\/\/taigafilmes.com\/site\/wp-json\/wp\/v2\/pages\/455\/revisions\/1518"}],"up":[{"embeddable":true,"href":"http:\/\/taigafilmes.com\/site\/wp-json\/wp\/v2\/pages\/356"}],"wp:attachment":[{"href":"http:\/\/taigafilmes.com\/site\/wp-json\/wp\/v2\/media?parent=455"}],"curies":[{"name":"wp","href":"https:\/\/api.w.org\/{rel}","templated":true}]}}