

{"id":457,"date":"2015-06-23T20:59:24","date_gmt":"2015-06-23T23:59:24","guid":{"rendered":"http:\/\/taigafilmes.com\/wp\/?page_id=457"},"modified":"2018-02-28T12:18:40","modified_gmt":"2018-02-28T15:18:40","slug":"the-nation-that-didnt-wait-for-god","status":"publish","type":"page","link":"http:\/\/taigafilmes.com\/site\/films\/the-nation-that-didnt-wait-for-god\/","title":{"rendered":"The Nation That Didn&#8217;t Wait for God"},"content":{"rendered":"<div id=\"pl-457\"  class=\"panel-layout\" ><div id=\"pg-457-0\"  class=\"panel-grid panel-no-style\" ><div id=\"pgc-457-0-0\"  class=\"panel-grid-cell\" ><div id=\"panel-457-0-0-0\" class=\"so-panel widget widget_black-studio-tinymce widget_black_studio_tinymce panel-first-child panel-last-child\" data-index=\"0\" ><div class=\"textwidget\"><p><img class=\"alignnone wp-image-543 size-full\" src=\"http:\/\/taigafilmes.com\/site\/wp-content\/uploads\/2015\/06\/anacao_g1_en.jpg\" alt=\"A na\u00e7\u00e3o que n\u00e3o esperou por Deus, um filme de Lucia Murat\" width=\"1100\" height=\"619\" \/><\/p>\n<p>In 1999 Lucia Murat wrote, produced and directed the feature film \"Brave New Land\u201d where the Kadiw\u00e9u people \u2013 native Brazilian Indians who live in the West of Brazil \u2013 were characters. \u201cThe Nation That Didn\u2019t Wait For God\u201d is a documentary shot in 2013\/2014 about this same tribe, by the same director, co-directed by Rodrigo Hinrichsen, the assistant director of \u201cBrave New Land\u201d.<\/p>\n<p>Throughout these 15 years, electricity has arrived to the reservation and with it so did television, soap operas, etc. Five protestant churches were settled in their village, and all of them have Kadiw\u00e9u pastors. But in keeping with their warrior tradition, they have gone back to fighting for their land that the white cattle breeder men have invaded.<\/p>\n<p>This documentary shows us the different paths that the Kadiw\u00e9u tribe has taken.<\/p>\n<p><a style=\"color: #ff6633;\" href=\"http:\/\/www.taigafilmes.com\/anacao\/index.html\">More information on the movie website \u00bb<\/a><\/p>\n<h4>Statement<\/h4>\n<p>The Kadiw\u00e9u people were studied by the anthropologist Levi Strauss and Darcy Ribeiro during the 30\u2019s. So during the production of \u201cBrave New Land\u201d we had a great deal of iconographic material from the \u201cwhite world\u201d that was very useful. Levi Strauss once said that it was a privilege to have access to another culture. That was exactly how I felt in 1999 when I finished shooting \u201cBrave New Land\u201d, and it was because of that feeling that I never again became disconnected to the tribe. I kept track of the transformations that occurred in the tribe throughout the years, as well as the individual transformations of those \u201ccharacters\u201d that we got to know the most. That is how I came to see a little indian boy become a \u201cwhite\u201d man living in the city, and a young timid boy become a charismatic important leader at the reservation.<\/p>\n<p>The meeting that we shot between the Kadiw\u00e9u leaders and the cattle headers representatives was about the division of land issue. These meetings were very revealing not only relatively to the current Kadiw\u00e9u situation, but also in a way that exposes the prejudices that accumulated due to, and ever since, the white imposed colonization.<\/p>\n<p>What makes this project unique is the fact that we shot it in 3 different moments in time throughout 17 years. This permitted us to accompany this tribe\u2019s story during a period of great transformations, when the contact with the white man culture intensified. The film \u201cBrave New Land\u201d gave us a view of the XVIII century history of the tribe, as well. It was based on cross-references between the stories told by the older tribe members, and white man literature on the subject.<\/p>\n<\/div><\/div><\/div><div id=\"pgc-457-0-1\"  class=\"panel-grid-cell\" ><div id=\"panel-457-0-1-0\" class=\"so-panel widget widget_black-studio-tinymce widget_black_studio_tinymce panel-first-child panel-last-child\" data-index=\"1\" ><div class=\"textwidget\"><p><img class=\"alignnone size-medium wp-image-46\" src=\"http:\/\/taigafilmes.com\/site\/wp-content\/uploads\/2015\/06\/cartaz_anacao-204x300.jpg\" alt=\"A na\u00e7\u00e3o que n\u00e3o esperou por Deus, um filme de Lucia Murat\" width=\"204\" height=\"300\" \/><\/p>\n<h4>Cr\u00e9ditos<\/h4>\n<p>Direction: Lucia Murat and\u00a0 Rodrigo Hinrichsen<br \/>\nProduction: Lucia Murat and\u00a0 Paulo Trancoso<br \/>\nSript: Lucia Murat<br \/>\nCamera\u00a0and\u00a0photography: Leonardo Bittencourt<br \/>\nProduction direction: Tiago Salom\u00e9 and\u00a0 Rita Saloio<br \/>\nEditing: Mair Tavares edt and\u00a0 Lucas Ces\u00e1rio edt<br \/>\nMusic: Livio Tragtenberg<br \/>\nDirect sound: Marcos Manna<br \/>\nSound editing: Simone Petrillo<br \/>\nMixage: Blanko Neskov c.a.s.<br \/>\nFoley: Loudness Films<br \/>\nColor adjusments: Fabio Souza<br \/>\nCoproduction: Bonfilm<\/p>\n<\/div><\/div><\/div><\/div><\/div>","protected":false},"excerpt":{"rendered":"<p>In 1999 Lucia Murat wrote, produced and directed the feature film &#8220;Brave New Land\u201d where the Kadiw\u00e9u people \u2013 native Brazilian Indians who live in the West of Brazil \u2013 were characters. \u201cThe Nation That Didn\u2019t Wait For God\u201d is a documentary shot in 2013\/2014 about this same tribe, by the same director, co-directed by [&hellip;]<\/p>\n","protected":false},"author":1,"featured_media":0,"parent":356,"menu_order":0,"comment_status":"closed","ping_status":"closed","template":"templates\/template-full.php","meta":[],"_links":{"self":[{"href":"http:\/\/taigafilmes.com\/site\/wp-json\/wp\/v2\/pages\/457"}],"collection":[{"href":"http:\/\/taigafilmes.com\/site\/wp-json\/wp\/v2\/pages"}],"about":[{"href":"http:\/\/taigafilmes.com\/site\/wp-json\/wp\/v2\/types\/page"}],"author":[{"embeddable":true,"href":"http:\/\/taigafilmes.com\/site\/wp-json\/wp\/v2\/users\/1"}],"replies":[{"embeddable":true,"href":"http:\/\/taigafilmes.com\/site\/wp-json\/wp\/v2\/comments?post=457"}],"version-history":[{"count":8,"href":"http:\/\/taigafilmes.com\/site\/wp-json\/wp\/v2\/pages\/457\/revisions"}],"predecessor-version":[{"id":1591,"href":"http:\/\/taigafilmes.com\/site\/wp-json\/wp\/v2\/pages\/457\/revisions\/1591"}],"up":[{"embeddable":true,"href":"http:\/\/taigafilmes.com\/site\/wp-json\/wp\/v2\/pages\/356"}],"wp:attachment":[{"href":"http:\/\/taigafilmes.com\/site\/wp-json\/wp\/v2\/media?parent=457"}],"curies":[{"name":"wp","href":"https:\/\/api.w.org\/{rel}","templated":true}]}}