

{"id":6,"date":"2015-05-27T16:17:21","date_gmt":"2015-05-27T19:17:21","guid":{"rendered":"http:\/\/taigafilmes.com\/wp\/?page_id=6"},"modified":"2025-01-29T16:38:38","modified_gmt":"2025-01-29T19:38:38","slug":"filmes-realizados","status":"publish","type":"page","link":"http:\/\/taigafilmes.com\/site\/filmes-realizados\/","title":{"rendered":"Filmes"},"content":{"rendered":"<div id=\"pl-6\"  class=\"panel-layout\" ><div id=\"pg-6-0\"  class=\"panel-grid panel-no-style\" ><div id=\"pgc-6-0-0\"  class=\"panel-grid-cell\" ><div id=\"panel-6-0-0-0\" class=\"so-panel widget widget_black-studio-tinymce widget_black_studio_tinymce panel-first-child panel-last-child\" data-index=\"0\" ><div class=\"textwidget\"><p>\n\t\t<style type=\"text\/css\">\n\t\t\t#gallery-2 {\n\t\t\t\tmargin: auto;\n\t\t\t}\n\t\t\t#gallery-2 .gallery-item {\n\t\t\t\tfloat: left;\n\t\t\t\tmargin-top: 10px;\n\t\t\t\ttext-align: center;\n\t\t\t\twidth: 33%;\n\t\t\t}\n\t\t\t#gallery-2 img {\n\t\t\t\tborder: 2px solid #cfcfcf;\n\t\t\t}\n\t\t\t#gallery-2 .gallery-caption {\n\t\t\t\tmargin-left: 0;\n\t\t\t}\n\t\t\t\/* see gallery_shortcode() in wp-includes\/media.php *\/\n\t\t<\/style>\n\t\t<div id='gallery-2' class='gallery galleryid-6 gallery-columns-3 gallery-size-medium'><dl class='gallery-item'>\n\t\t\t<dt class='gallery-icon landscape'>\n\t\t\t\t<a href=\"http:\/\/taigafilmes.com\/site\/hora-do-recreio-2\/\" class=\"no-lightbox\"><img width=\"300\" height=\"225\" src=\"http:\/\/taigafilmes.com\/site\/wp-content\/uploads\/2025\/01\/thumb_hora_filmes1-300x225.jpg\" class=\"attachment-medium size-medium\" alt=\"\" decoding=\"async\" loading=\"lazy\" aria-describedby=\"gallery-2-2077\" srcset=\"http:\/\/taigafilmes.com\/site\/wp-content\/uploads\/2025\/01\/thumb_hora_filmes1-300x225.jpg 300w, http:\/\/taigafilmes.com\/site\/wp-content\/uploads\/2025\/01\/thumb_hora_filmes1-768x575.jpg 768w, http:\/\/taigafilmes.com\/site\/wp-content\/uploads\/2025\/01\/thumb_hora_filmes1.jpg 823w\" sizes=\"(max-width: 300px) 100vw, 300px\" \/><\/a>\n\t\t\t<\/dt>\n\t\t\t\t<dd class='wp-caption-text gallery-caption' id='gallery-2-2077'>\n\t\t\t\tHora do recreio\n\t\t\t\t<\/dd><\/dl><dl class='gallery-item'>\n\t\t\t<dt class='gallery-icon landscape'>\n\t\t\t\t<a href=\"http:\/\/taigafilmes.com\/site\/o-mensageiro\/\" class=\"no-lightbox\"><img width=\"300\" height=\"237\" src=\"http:\/\/taigafilmes.com\/site\/wp-content\/uploads\/2022\/12\/pag_omensageiro_chamada_filmes1-300x237.jpg\" class=\"attachment-medium size-medium\" alt=\"\" decoding=\"async\" loading=\"lazy\" aria-describedby=\"gallery-2-2022\" srcset=\"http:\/\/taigafilmes.com\/site\/wp-content\/uploads\/2022\/12\/pag_omensageiro_chamada_filmes1-300x237.jpg 300w, http:\/\/taigafilmes.com\/site\/wp-content\/uploads\/2022\/12\/pag_omensageiro_chamada_filmes1-768x607.jpg 768w, http:\/\/taigafilmes.com\/site\/wp-content\/uploads\/2022\/12\/pag_omensageiro_chamada_filmes1.jpg 823w\" sizes=\"(max-width: 300px) 100vw, 300px\" \/><\/a>\n\t\t\t<\/dt>\n\t\t\t\t<dd class='wp-caption-text gallery-caption' id='gallery-2-2022'>\n\t\t\t\tO mensageiro\n\t\t\t\t<\/dd><\/dl><dl class='gallery-item'>\n\t\t\t<dt class='gallery-icon landscape'>\n\t\t\t\t<a href=\"http:\/\/taigafilmes.com\/site\/ana\/\" class=\"no-lightbox\"><img width=\"300\" height=\"224\" src=\"http:\/\/taigafilmes.com\/site\/wp-content\/uploads\/2020\/01\/Ana_STELLA_CONCEPCION4-300x224.jpg\" class=\"attachment-medium size-medium\" alt=\"\" decoding=\"async\" loading=\"lazy\" aria-describedby=\"gallery-2-1843\" srcset=\"http:\/\/taigafilmes.com\/site\/wp-content\/uploads\/2020\/01\/Ana_STELLA_CONCEPCION4-300x224.jpg 300w, http:\/\/taigafilmes.com\/site\/wp-content\/uploads\/2020\/01\/Ana_STELLA_CONCEPCION4-1024x766.jpg 1024w, http:\/\/taigafilmes.com\/site\/wp-content\/uploads\/2020\/01\/Ana_STELLA_CONCEPCION4-768x574.jpg 768w, http:\/\/taigafilmes.com\/site\/wp-content\/uploads\/2020\/01\/Ana_STELLA_CONCEPCION4.jpg 1129w\" sizes=\"(max-width: 300px) 100vw, 300px\" \/><\/a>\n\t\t\t<\/dt>\n\t\t\t\t<dd class='wp-caption-text gallery-caption' id='gallery-2-1843'>\n\t\t\t\tAna &#8211; sem t\u00edtulo\n\t\t\t\t<\/dd><\/dl><br style=\"clear: both\" \/><dl class='gallery-item'>\n\t\t\t<dt class='gallery-icon landscape'>\n\t\t\t\t<a href=\"http:\/\/taigafilmes.com\/site\/1790-2\/\" target=\"_self\" class=\"no-lightbox\"><img width=\"300\" height=\"224\" src=\"http:\/\/taigafilmes.com\/site\/wp-content\/uploads\/2019\/06\/vestigios_trailer2_jun19-300x224.jpg\" class=\"attachment-medium size-medium\" alt=\"\" decoding=\"async\" loading=\"lazy\" aria-describedby=\"gallery-2-1787\" srcset=\"http:\/\/taigafilmes.com\/site\/wp-content\/uploads\/2019\/06\/vestigios_trailer2_jun19-300x224.jpg 300w, http:\/\/taigafilmes.com\/site\/wp-content\/uploads\/2019\/06\/vestigios_trailer2_jun19-768x574.jpg 768w, http:\/\/taigafilmes.com\/site\/wp-content\/uploads\/2019\/06\/vestigios_trailer2_jun19-1024x765.jpg 1024w, http:\/\/taigafilmes.com\/site\/wp-content\/uploads\/2019\/06\/vestigios_trailer2_jun19.jpg 1076w\" sizes=\"(max-width: 300px) 100vw, 300px\" \/><\/a>\n\t\t\t<\/dt>\n\t\t\t\t<dd class='wp-caption-text gallery-caption' id='gallery-2-1787'>\n\t\t\t\tVest\u00edgios do Brasil\n\t\t\t\t<\/dd><\/dl><dl class='gallery-item'>\n\t\t\t<dt class='gallery-icon landscape'>\n\t\t\t\t<a href=\"http:\/\/taigafilmes.com\/site\/pracaparis\/\" class=\"no-lightbox\"><img width=\"300\" height=\"224\" src=\"http:\/\/taigafilmes.com\/site\/wp-content\/uploads\/2017\/09\/pracaParis_pagina-300x224.jpg\" class=\"attachment-medium size-medium\" alt=\"Pra\u00e7a Paris, um filme de Lucia Murat\" decoding=\"async\" loading=\"lazy\" aria-describedby=\"gallery-2-1259\" srcset=\"http:\/\/taigafilmes.com\/site\/wp-content\/uploads\/2017\/09\/pracaParis_pagina-300x224.jpg 300w, http:\/\/taigafilmes.com\/site\/wp-content\/uploads\/2017\/09\/pracaParis_pagina-768x574.jpg 768w, http:\/\/taigafilmes.com\/site\/wp-content\/uploads\/2017\/09\/pracaParis_pagina-1024x766.jpg 1024w, http:\/\/taigafilmes.com\/site\/wp-content\/uploads\/2017\/09\/pracaParis_pagina.jpg 1050w\" sizes=\"(max-width: 300px) 100vw, 300px\" \/><\/a>\n\t\t\t<\/dt>\n\t\t\t\t<dd class='wp-caption-text gallery-caption' id='gallery-2-1259'>\n\t\t\t\tPra\u00e7a Paris\n\t\t\t\t<\/dd><\/dl><dl class='gallery-item'>\n\t\t\t<dt class='gallery-icon landscape'>\n\t\t\t\t<a href=\"http:\/\/taigafilmes.com\/site\/filmes-realizados\/el-impossible-olvido\/\" class=\"http:\/\/taigafilmes.com\/site\/pt\/filmes-realizados\/el-impossible-olvido no-lightbox\"><img width=\"300\" height=\"225\" src=\"http:\/\/taigafilmes.com\/site\/wp-content\/uploads\/2015\/05\/pt_impossible_olvido-300x225.jpg\" class=\"attachment-medium size-medium\" alt=\"\" decoding=\"async\" loading=\"lazy\" aria-describedby=\"gallery-2-963\" srcset=\"http:\/\/taigafilmes.com\/site\/wp-content\/uploads\/2015\/05\/pt_impossible_olvido-300x225.jpg 300w, http:\/\/taigafilmes.com\/site\/wp-content\/uploads\/2015\/05\/pt_impossible_olvido.jpg 727w\" sizes=\"(max-width: 300px) 100vw, 300px\" \/><\/a>\n\t\t\t<\/dt>\n\t\t\t\t<dd class='wp-caption-text gallery-caption' id='gallery-2-963'>\n\t\t\t\tO esquecimento imposs\u00edvel\n\t\t\t\t<\/dd><\/dl><br style=\"clear: both\" \/><dl class='gallery-item'>\n\t\t\t<dt class='gallery-icon landscape'>\n\t\t\t\t<a href=\"http:\/\/taigafilmes.com\/site\/filmes-realizados\/ninguem-esta-olhando\/ \" class=\"no-lightbox\"><img width=\"300\" height=\"225\" src=\"http:\/\/taigafilmes.com\/site\/wp-content\/uploads\/2015\/05\/nadienosmira_thumb1-300x225.jpg\" class=\"attachment-medium size-medium\" alt=\"\" decoding=\"async\" loading=\"lazy\" aria-describedby=\"gallery-2-948\" \/><\/a>\n\t\t\t<\/dt>\n\t\t\t\t<dd class='wp-caption-text gallery-caption' id='gallery-2-948'>\n\t\t\t\tNingu\u00e9m est\u00e1 olhando\n\t\t\t\t<\/dd><\/dl><dl class='gallery-item'>\n\t\t\t<dt class='gallery-icon landscape'>\n\t\t\t\t<a href=\"http:\/\/taigafilmes.com\/site\/filmes-realizados\/em-tres-atos\/\" class=\"no-lightbox\"><img width=\"300\" height=\"225\" src=\"http:\/\/taigafilmes.com\/site\/wp-content\/uploads\/2015\/05\/EmTresAtos_AngelViana_thumb1-300x225.jpg\" class=\"attachment-medium size-medium\" alt=\"Em tr\u00eas atos\" decoding=\"async\" loading=\"lazy\" aria-describedby=\"gallery-2-694\" srcset=\"http:\/\/taigafilmes.com\/site\/wp-content\/uploads\/2015\/05\/EmTresAtos_AngelViana_thumb1-300x225.jpg 300w, http:\/\/taigafilmes.com\/site\/wp-content\/uploads\/2015\/05\/EmTresAtos_AngelViana_thumb1.jpg 800w\" sizes=\"(max-width: 300px) 100vw, 300px\" \/><\/a>\n\t\t\t<\/dt>\n\t\t\t\t<dd class='wp-caption-text gallery-caption' id='gallery-2-694'>\n\t\t\t\tEm tr\u00eas atos\n\t\t\t\t<\/dd><\/dl><dl class='gallery-item'>\n\t\t\t<dt class='gallery-icon landscape'>\n\t\t\t\t<a href=\"http:\/\/taigafilmes.com\/site\/filmes-realizados\/a-nacao-que-nao-esperou-por-deus\/\" class=\"no-lightbox\"><img width=\"300\" height=\"225\" src=\"http:\/\/taigafilmes.com\/site\/wp-content\/uploads\/2015\/05\/anacao_g3-300x225.jpg\" class=\"attachment-medium size-medium\" alt=\"A na\u00e7\u00e3o que n\u00e3o esperou por Deus, um filme de Lucia Murat\" decoding=\"async\" loading=\"lazy\" aria-describedby=\"gallery-2-95\" srcset=\"http:\/\/taigafilmes.com\/site\/wp-content\/uploads\/2015\/05\/anacao_g3-300x225.jpg 300w, http:\/\/taigafilmes.com\/site\/wp-content\/uploads\/2015\/05\/anacao_g3.jpg 800w\" sizes=\"(max-width: 300px) 100vw, 300px\" \/><\/a>\n\t\t\t<\/dt>\n\t\t\t\t<dd class='wp-caption-text gallery-caption' id='gallery-2-95'>\n\t\t\t\tA na\u00e7\u00e3o que n\u00e3o esperou por Deus, 2015\n\t\t\t\t<\/dd><\/dl><br style=\"clear: both\" \/><dl class='gallery-item'>\n\t\t\t<dt class='gallery-icon landscape'>\n\t\t\t\t<a href=\"http:\/\/taigafilmes.com\/site\/filmes-realizados\/a-memoria-que-me-contam\/\" class=\"no-lightbox\"><img width=\"300\" height=\"225\" src=\"http:\/\/taigafilmes.com\/site\/wp-content\/uploads\/2015\/05\/memoria-que-me-contam-Ana-300x225.jpg\" class=\"attachment-medium size-medium\" alt=\"A mem\u00f3ria que me contam, um filme de Lucia Murat\" decoding=\"async\" loading=\"lazy\" aria-describedby=\"gallery-2-93\" srcset=\"http:\/\/taigafilmes.com\/site\/wp-content\/uploads\/2015\/05\/memoria-que-me-contam-Ana-300x225.jpg 300w, http:\/\/taigafilmes.com\/site\/wp-content\/uploads\/2015\/05\/memoria-que-me-contam-Ana.jpg 800w\" sizes=\"(max-width: 300px) 100vw, 300px\" \/><\/a>\n\t\t\t<\/dt>\n\t\t\t\t<dd class='wp-caption-text gallery-caption' id='gallery-2-93'>\n\t\t\t\tA mem\u00f3ria que me contam, 2012\n\t\t\t\t<\/dd><\/dl><dl class='gallery-item'>\n\t\t\t<dt class='gallery-icon landscape'>\n\t\t\t\t<a href=\"http:\/\/taigafilmes.com\/site\/filmes-realizados\/uma-longa-viagem\/\" class=\"no-lightbox\"><img width=\"300\" height=\"225\" src=\"http:\/\/taigafilmes.com\/site\/wp-content\/uploads\/2015\/06\/longaViagem1-300x225.jpg\" class=\"attachment-medium size-medium\" alt=\"Uma longa viagem, um filme de Lucia Murat\" decoding=\"async\" loading=\"lazy\" aria-describedby=\"gallery-2-89\" srcset=\"http:\/\/taigafilmes.com\/site\/wp-content\/uploads\/2015\/06\/longaViagem1-300x225.jpg 300w, http:\/\/taigafilmes.com\/site\/wp-content\/uploads\/2015\/06\/longaViagem1.jpg 800w\" sizes=\"(max-width: 300px) 100vw, 300px\" \/><\/a>\n\t\t\t<\/dt>\n\t\t\t\t<dd class='wp-caption-text gallery-caption' id='gallery-2-89'>\n\t\t\t\tUma longa viagem, 2011\n\t\t\t\t<\/dd><\/dl><dl class='gallery-item'>\n\t\t\t<dt class='gallery-icon landscape'>\n\t\t\t\t<a href=\"http:\/\/taigafilmes.com\/site\/filmes-realizados\/historias-que-so-existem-quando-contadas\/\" class=\"no-lightbox\"><img width=\"300\" height=\"225\" src=\"http:\/\/taigafilmes.com\/site\/wp-content\/uploads\/2015\/06\/historias_3-300x225.jpg\" class=\"attachment-medium size-medium\" alt=\"Hist\u00f3rias que s\u00f3 existem quando contadas, um filme de Julia Murat\" decoding=\"async\" loading=\"lazy\" aria-describedby=\"gallery-2-90\" srcset=\"http:\/\/taigafilmes.com\/site\/wp-content\/uploads\/2015\/06\/historias_3-300x225.jpg 300w, http:\/\/taigafilmes.com\/site\/wp-content\/uploads\/2015\/06\/historias_3.jpg 800w\" sizes=\"(max-width: 300px) 100vw, 300px\" \/><\/a>\n\t\t\t<\/dt>\n\t\t\t\t<dd class='wp-caption-text gallery-caption' id='gallery-2-90'>\n\t\t\t\tHist\u00f3rias que s\u00f3 existem quando lembradas, 2011\n\t\t\t\t<\/dd><\/dl><br style=\"clear: both\" \/><dl class='gallery-item'>\n\t\t\t<dt class='gallery-icon landscape'>\n\t\t\t\t<a href=\"http:\/\/taigafilmes.com\/site\/filmes-realizados\/dia-dos-pais\/\" class=\"no-lightbox\"><img width=\"300\" height=\"225\" src=\"http:\/\/taigafilmes.com\/site\/wp-content\/uploads\/2015\/05\/DiadosPais_Thumb-300x225.jpg\" class=\"attachment-medium size-medium\" alt=\"Dia dos Pais, um filme de Lucia Murat\" decoding=\"async\" loading=\"lazy\" aria-describedby=\"gallery-2-397\" srcset=\"http:\/\/taigafilmes.com\/site\/wp-content\/uploads\/2015\/05\/DiadosPais_Thumb-300x225.jpg 300w, http:\/\/taigafilmes.com\/site\/wp-content\/uploads\/2015\/05\/DiadosPais_Thumb.jpg 800w\" sizes=\"(max-width: 300px) 100vw, 300px\" \/><\/a>\n\t\t\t<\/dt>\n\t\t\t\t<dd class='wp-caption-text gallery-caption' id='gallery-2-397'>\n\t\t\t\tDia dos Pais, 2008\n\t\t\t\t<\/dd><\/dl><dl class='gallery-item'>\n\t\t\t<dt class='gallery-icon landscape'>\n\t\t\t\t<a href=\"http:\/\/taigafilmes.com\/site\/filmes-realizados\/mare-nossa-historia-de-amor\/\" class=\"no-lightbox\"><img width=\"300\" height=\"225\" src=\"http:\/\/taigafilmes.com\/site\/wp-content\/uploads\/2015\/05\/mare_img_01-300x225.jpg\" class=\"attachment-medium size-medium\" alt=\"Mar\u00e9, nossa hist\u00f3ria de amor, um filme de Lucia Murat\" decoding=\"async\" loading=\"lazy\" aria-describedby=\"gallery-2-96\" srcset=\"http:\/\/taigafilmes.com\/site\/wp-content\/uploads\/2015\/05\/mare_img_01-300x225.jpg 300w, http:\/\/taigafilmes.com\/site\/wp-content\/uploads\/2015\/05\/mare_img_01.jpg 800w\" sizes=\"(max-width: 300px) 100vw, 300px\" \/><\/a>\n\t\t\t<\/dt>\n\t\t\t\t<dd class='wp-caption-text gallery-caption' id='gallery-2-96'>\n\t\t\t\tMar\u00e9, nossa hist\u00f3ria de amor, 2007\n\t\t\t\t<\/dd><\/dl><dl class='gallery-item'>\n\t\t\t<dt class='gallery-icon landscape'>\n\t\t\t\t<a href=\"http:\/\/taigafilmes.com\/site\/filmes-realizados\/olhar-estrangeiro\/\" class=\"no-lightbox\"><img width=\"300\" height=\"225\" src=\"http:\/\/taigafilmes.com\/site\/wp-content\/uploads\/2015\/06\/olhar_michel-300x225.jpg\" class=\"attachment-medium size-medium\" alt=\"Olhar estrangeiro, um filme de Lucia Murat\" decoding=\"async\" loading=\"lazy\" aria-describedby=\"gallery-2-91\" srcset=\"http:\/\/taigafilmes.com\/site\/wp-content\/uploads\/2015\/06\/olhar_michel-300x225.jpg 300w, http:\/\/taigafilmes.com\/site\/wp-content\/uploads\/2015\/06\/olhar_michel.jpg 800w\" sizes=\"(max-width: 300px) 100vw, 300px\" \/><\/a>\n\t\t\t<\/dt>\n\t\t\t\t<dd class='wp-caption-text gallery-caption' id='gallery-2-91'>\n\t\t\t\tOlhar estrangeiro, 2005\n\t\t\t\t<\/dd><\/dl><br style=\"clear: both\" \/><dl class='gallery-item'>\n\t\t\t<dt class='gallery-icon landscape'>\n\t\t\t\t<a href=\"http:\/\/taigafilmes.com\/site\/filmes-realizados\/quase-dois-irmaos\/\" class=\"no-lightbox\"><img width=\"300\" height=\"225\" src=\"http:\/\/taigafilmes.com\/site\/wp-content\/uploads\/2015\/06\/quasedois-irmaos-300x225.jpg\" class=\"attachment-medium size-medium\" alt=\"Quase dois irm\u00e3os, um filme de Lucia Murat\" decoding=\"async\" loading=\"lazy\" aria-describedby=\"gallery-2-92\" srcset=\"http:\/\/taigafilmes.com\/site\/wp-content\/uploads\/2015\/06\/quasedois-irmaos-300x225.jpg 300w, http:\/\/taigafilmes.com\/site\/wp-content\/uploads\/2015\/06\/quasedois-irmaos.jpg 800w\" sizes=\"(max-width: 300px) 100vw, 300px\" \/><\/a>\n\t\t\t<\/dt>\n\t\t\t\t<dd class='wp-caption-text gallery-caption' id='gallery-2-92'>\n\t\t\t\tQuase dois irm\u00e3os, 2004\n\t\t\t\t<\/dd><\/dl><dl class='gallery-item'>\n\t\t\t<dt class='gallery-icon landscape'>\n\t\t\t\t<a href=\"http:\/\/taigafilmes.com\/site\/filmes-realizados\/brava-gente-brasileira\/\" class=\"no-lightbox\"><img width=\"300\" height=\"225\" src=\"http:\/\/taigafilmes.com\/site\/wp-content\/uploads\/2015\/06\/brava_gente_foto1-300x225.jpg\" class=\"attachment-medium size-medium\" alt=\"Brava gente brasileira, um filme de Lucia Murat\" decoding=\"async\" loading=\"lazy\" aria-describedby=\"gallery-2-85\" srcset=\"http:\/\/taigafilmes.com\/site\/wp-content\/uploads\/2015\/06\/brava_gente_foto1-300x225.jpg 300w, http:\/\/taigafilmes.com\/site\/wp-content\/uploads\/2015\/06\/brava_gente_foto1.jpg 800w\" sizes=\"(max-width: 300px) 100vw, 300px\" \/><\/a>\n\t\t\t<\/dt>\n\t\t\t\t<dd class='wp-caption-text gallery-caption' id='gallery-2-85'>\n\t\t\t\tBrava gente brasileira, 2000\n\t\t\t\t<\/dd><\/dl><dl class='gallery-item'>\n\t\t\t<dt class='gallery-icon landscape'>\n\t\t\t\t<a href=\"http:\/\/taigafilmes.com\/site\/filmes-realizados\/doces-poderes\/\" class=\"no-lightbox\"><img width=\"300\" height=\"225\" src=\"http:\/\/taigafilmes.com\/site\/wp-content\/uploads\/2015\/05\/doces_poderes-300x225.jpg\" class=\"attachment-medium size-medium\" alt=\"Doces poderes, um filme de Lucia Murat\" decoding=\"async\" loading=\"lazy\" aria-describedby=\"gallery-2-97\" srcset=\"http:\/\/taigafilmes.com\/site\/wp-content\/uploads\/2015\/05\/doces_poderes-300x225.jpg 300w, http:\/\/taigafilmes.com\/site\/wp-content\/uploads\/2015\/05\/doces_poderes.jpg 800w\" sizes=\"(max-width: 300px) 100vw, 300px\" \/><\/a>\n\t\t\t<\/dt>\n\t\t\t\t<dd class='wp-caption-text gallery-caption' id='gallery-2-97'>\n\t\t\t\tDoces poderes, 1997\n\t\t\t\t<\/dd><\/dl><br style=\"clear: both\" \/><dl class='gallery-item'>\n\t\t\t<dt class='gallery-icon landscape'>\n\t\t\t\t<a href=\"http:\/\/taigafilmes.com\/site\/filmes-realizados\/quem-bom-te-ver-viva\/\" target=\"_self\" class=\"no-lightbox\"><img width=\"300\" height=\"225\" src=\"http:\/\/taigafilmes.com\/site\/wp-content\/uploads\/2015\/06\/que_bom_te_ver-300x225.jpg\" class=\"attachment-medium size-medium\" alt=\"Que bom te ver viva, um filme de Lucia Murat\" decoding=\"async\" loading=\"lazy\" aria-describedby=\"gallery-2-87\" srcset=\"http:\/\/taigafilmes.com\/site\/wp-content\/uploads\/2015\/06\/que_bom_te_ver-300x225.jpg 300w, http:\/\/taigafilmes.com\/site\/wp-content\/uploads\/2015\/06\/que_bom_te_ver.jpg 800w\" sizes=\"(max-width: 300px) 100vw, 300px\" \/><\/a>\n\t\t\t<\/dt>\n\t\t\t\t<dd class='wp-caption-text gallery-caption' id='gallery-2-87'>\n\t\t\t\tQue bom te ver viva, 1989\n\t\t\t\t<\/dd><\/dl>\n\t\t\t<br style='clear: both' \/>\n\t\t<\/div>\n<\/p>\n<\/div><\/div><\/div><\/div><\/div>","protected":false},"excerpt":{"rendered":"<p>Hora do recreio O mensageiro Ana &#8211; sem t\u00edtulo Vest\u00edgios do Brasil Pra\u00e7a Paris O esquecimento imposs\u00edvel Ningu\u00e9m est\u00e1 olhando Em tr\u00eas atos A na\u00e7\u00e3o que n\u00e3o esperou por Deus, 2015 A mem\u00f3ria que me contam, 2012 Uma longa viagem, 2011 Hist\u00f3rias que s\u00f3 existem quando lembradas, 2011 Dia dos Pais, 2008 Mar\u00e9, nossa hist\u00f3ria [&hellip;]<\/p>\n","protected":false},"author":1,"featured_media":0,"parent":0,"menu_order":0,"comment_status":"closed","ping_status":"closed","template":"templates\/template-full.php","meta":[],"_links":{"self":[{"href":"http:\/\/taigafilmes.com\/site\/wp-json\/wp\/v2\/pages\/6"}],"collection":[{"href":"http:\/\/taigafilmes.com\/site\/wp-json\/wp\/v2\/pages"}],"about":[{"href":"http:\/\/taigafilmes.com\/site\/wp-json\/wp\/v2\/types\/page"}],"author":[{"embeddable":true,"href":"http:\/\/taigafilmes.com\/site\/wp-json\/wp\/v2\/users\/1"}],"replies":[{"embeddable":true,"href":"http:\/\/taigafilmes.com\/site\/wp-json\/wp\/v2\/comments?post=6"}],"version-history":[{"count":59,"href":"http:\/\/taigafilmes.com\/site\/wp-json\/wp\/v2\/pages\/6\/revisions"}],"predecessor-version":[{"id":2099,"href":"http:\/\/taigafilmes.com\/site\/wp-json\/wp\/v2\/pages\/6\/revisions\/2099"}],"wp:attachment":[{"href":"http:\/\/taigafilmes.com\/site\/wp-json\/wp\/v2\/media?parent=6"}],"curies":[{"name":"wp","href":"https:\/\/api.w.org\/{rel}","templated":true}]}}