

{"id":940,"date":"2017-03-09T18:19:20","date_gmt":"2017-03-09T21:19:20","guid":{"rendered":"http:\/\/taigafilmes.com\/wp\/?page_id=940"},"modified":"2017-11-08T14:34:34","modified_gmt":"2017-11-08T16:34:34","slug":"ninguem-esta-olhando","status":"publish","type":"page","link":"http:\/\/taigafilmes.com\/site\/filmes-realizados\/ninguem-esta-olhando\/","title":{"rendered":"Ningu\u00e9m est\u00e1 olhando &#8211; Nadie nos mira"},"content":{"rendered":"<div id=\"pl-940\"  class=\"panel-layout\" ><div id=\"pg-940-0\"  class=\"panel-grid panel-no-style\" ><div id=\"pgc-940-0-0\"  class=\"panel-grid-cell\" ><div id=\"panel-940-0-0-0\" class=\"so-panel widget widget_black-studio-tinymce widget_black_studio_tinymce panel-first-child panel-last-child\" data-index=\"0\" ><div class=\"textwidget\"><p><img class=\"alignnone wp-image-953 size-full\" src=\"http:\/\/taigafilmes.com\/site\/wp-content\/uploads\/2017\/03\/nadienosmira-2_1500x9381.jpg\" alt=\"\" width=\"1500\" height=\"798\" \/><\/p>\n<p>Nico, um ator argentino, tenta a sua sorte em Nova York, e logo descobre que \u00e9 \"muito louro de olhar latino\", com sotaque muito grosso para o olhar americano. Sua boa apar\u00eancia o ajuda a esconder o que \u00e9 a vida prec\u00e1ria e solit\u00e1ria. Por meio de Theo, ele encontra um grupo de bab\u00e1s latinas no parque que frequenta. Entra em contato com as experi\u00eancias dos imigrantes, muito mais dif\u00edcil que o confronto com a natureza destrutiva de seu ex\u00edlio auto-imposto.<\/p>\n<p><strong>Sobre a diretora<\/strong><\/p>\n<p>Julia Solomonoff \u00e9 diretora, roteirista, atriz e produtora. Nascida em Ros\u00e1rio, Argentina, formou-se pela Enerc e obteve uma bolsa para fazer mestrado em cinema na Columbia University de Nova York, onde atualmente ministra oficinas de dire\u00e7\u00e3o. Seu primeiro trabalho, Hermanas (2005), participou de oficinas no Sundance, estreou no Festival de Toronto e participou de v\u00e1rios festivais internacionais. Foi premiada no Cine Cear\u00e1 por seu segundo longa El \u00faltimo verano de la boyita.<\/p>\n<p>Filmografia: El \u00faltimo verano de la boyita (2009), longa-metragem \u2013 dire\u00e7\u00e3o e roteiro; Ahora (2005), curta-metragem \u2013 dire\u00e7\u00e3o e roteiro; Hermanas (2005), dire\u00e7\u00e3o e roteiro; Scratch (2005), curta-metragem \u2013 dire\u00e7\u00e3o e roteiro; Siesta (1998), curta-metragem \u2013 dire\u00e7\u00e3o e roteiro; Un d\u00eda con \u00c1ngela (1993), curta-metragem \u2013 dire\u00e7\u00e3o e roteiro; Octavo (1992), curta-metragem \u2013 dire\u00e7\u00e3o e roteiro.<\/p>\n<p><strong>Sobre a Vitrine Filmes<\/strong><\/p>\n<p>Em sete anos, a Vitrine Filmes distribuiu mais de 70 filmes. Entre seus maiores sucessos est\u00e3o Hoje Eu Quero Voltar Sozinho, que alcan\u00e7ou mais de 200 mil espectadores; O Som ao Redor, de Kleber Mendon\u00e7a Filho, considerado pelo New York Times um dos melhores filmes de 2012; o americano Frances Ha, indicado ao Globo de Ouro em 2014; Calif\u00f3rnia, filme de estreia de Marina Person, selecionado para o Festival de Tribeca; M\u00e3e S\u00f3 H\u00e1 Uma, de Anna Muylaert, diretora do premiado Que Horas Ela Volta?; Aquarius, segundo longa de Kleber Mendon\u00e7a Filho que competiu no Festival de Cannes e j\u00e1 levou 350 mil espectadores aos cinemas; e o document\u00e1rio Cinema Novo, de Eryk Rocha, tamb\u00e9m selecionado para o festival.<\/p>\n<p>\u00a0<\/p>\n<p><strong>Fotos para download<\/strong> (clique sobre a imagem e abra em tela separada; clique sobre a imagem com o lado direito do mouse e salve o arquivo)<\/p>\n<p>\n\t\t<style type=\"text\/css\">\n\t\t\t#gallery-2 {\n\t\t\t\tmargin: auto;\n\t\t\t}\n\t\t\t#gallery-2 .gallery-item {\n\t\t\t\tfloat: left;\n\t\t\t\tmargin-top: 10px;\n\t\t\t\ttext-align: center;\n\t\t\t\twidth: 33%;\n\t\t\t}\n\t\t\t#gallery-2 img {\n\t\t\t\tborder: 2px solid #cfcfcf;\n\t\t\t}\n\t\t\t#gallery-2 .gallery-caption {\n\t\t\t\tmargin-left: 0;\n\t\t\t}\n\t\t\t\/* see gallery_shortcode() in wp-includes\/media.php *\/\n\t\t<\/style>\n\t\t<div id='gallery-2' class='gallery galleryid-940 gallery-columns-3 gallery-size-medium'><dl class='gallery-item'>\n\t\t\t<dt class='gallery-icon landscape'>\n\t\t\t\t<a href='http:\/\/taigafilmes.com\/site\/a233_c015_1219xy\/'><img width=\"300\" height=\"158\" src=\"http:\/\/taigafilmes.com\/site\/wp-content\/uploads\/2017\/08\/NMartingrassWide-300x158.jpg\" class=\"attachment-medium size-medium\" alt=\"\" decoding=\"async\" loading=\"lazy\" srcset=\"http:\/\/taigafilmes.com\/site\/wp-content\/uploads\/2017\/08\/NMartingrassWide-300x158.jpg 300w, http:\/\/taigafilmes.com\/site\/wp-content\/uploads\/2017\/08\/NMartingrassWide-768x405.jpg 768w, http:\/\/taigafilmes.com\/site\/wp-content\/uploads\/2017\/08\/NMartingrassWide-1024x540.jpg 1024w, http:\/\/taigafilmes.com\/site\/wp-content\/uploads\/2017\/08\/NMartingrassWide-330x174.jpg 330w, http:\/\/taigafilmes.com\/site\/wp-content\/uploads\/2017\/08\/NMartingrassWide-720x380.jpg 720w, http:\/\/taigafilmes.com\/site\/wp-content\/uploads\/2017\/08\/NMartingrassWide.jpg 1984w\" sizes=\"(max-width: 300px) 100vw, 300px\" \/><\/a>\n\t\t\t<\/dt><\/dl><dl class='gallery-item'>\n\t\t\t<dt class='gallery-icon landscape'>\n\t\t\t\t<a href='http:\/\/taigafilmes.com\/site\/a060_c012_1103dq\/'><img width=\"300\" height=\"158\" src=\"http:\/\/taigafilmes.com\/site\/wp-content\/uploads\/2017\/08\/NicoTheopensive-300x158.jpg\" class=\"attachment-medium size-medium\" alt=\"\" decoding=\"async\" loading=\"lazy\" srcset=\"http:\/\/taigafilmes.com\/site\/wp-content\/uploads\/2017\/08\/NicoTheopensive-300x158.jpg 300w, http:\/\/taigafilmes.com\/site\/wp-content\/uploads\/2017\/08\/NicoTheopensive-768x405.jpg 768w, http:\/\/taigafilmes.com\/site\/wp-content\/uploads\/2017\/08\/NicoTheopensive-1024x540.jpg 1024w, http:\/\/taigafilmes.com\/site\/wp-content\/uploads\/2017\/08\/NicoTheopensive-330x174.jpg 330w, http:\/\/taigafilmes.com\/site\/wp-content\/uploads\/2017\/08\/NicoTheopensive-720x380.jpg 720w\" sizes=\"(max-width: 300px) 100vw, 300px\" \/><\/a>\n\t\t\t<\/dt><\/dl><dl class='gallery-item'>\n\t\t\t<dt class='gallery-icon landscape'>\n\t\t\t\t<a href='http:\/\/taigafilmes.com\/site\/a026_c002_1022fv-2\/'><img width=\"300\" height=\"158\" src=\"http:\/\/taigafilmes.com\/site\/wp-content\/uploads\/2017\/08\/NicoTheoPascal1-300x158.jpg\" class=\"attachment-medium size-medium\" alt=\"\" decoding=\"async\" loading=\"lazy\" srcset=\"http:\/\/taigafilmes.com\/site\/wp-content\/uploads\/2017\/08\/NicoTheoPascal1-300x158.jpg 300w, http:\/\/taigafilmes.com\/site\/wp-content\/uploads\/2017\/08\/NicoTheoPascal1-768x405.jpg 768w, http:\/\/taigafilmes.com\/site\/wp-content\/uploads\/2017\/08\/NicoTheoPascal1-1024x540.jpg 1024w, http:\/\/taigafilmes.com\/site\/wp-content\/uploads\/2017\/08\/NicoTheoPascal1-330x174.jpg 330w, http:\/\/taigafilmes.com\/site\/wp-content\/uploads\/2017\/08\/NicoTheoPascal1-720x380.jpg 720w\" sizes=\"(max-width: 300px) 100vw, 300px\" \/><\/a>\n\t\t\t<\/dt><\/dl><br style=\"clear: both\" \/><dl class='gallery-item'>\n\t\t\t<dt class='gallery-icon landscape'>\n\t\t\t\t<a href='http:\/\/taigafilmes.com\/site\/a026_c002_1022fv\/'><img width=\"300\" height=\"158\" src=\"http:\/\/taigafilmes.com\/site\/wp-content\/uploads\/2017\/08\/NicoTheoPascal-300x158.jpg\" class=\"attachment-medium size-medium\" alt=\"\" decoding=\"async\" loading=\"lazy\" srcset=\"http:\/\/taigafilmes.com\/site\/wp-content\/uploads\/2017\/08\/NicoTheoPascal-300x158.jpg 300w, http:\/\/taigafilmes.com\/site\/wp-content\/uploads\/2017\/08\/NicoTheoPascal-768x405.jpg 768w, http:\/\/taigafilmes.com\/site\/wp-content\/uploads\/2017\/08\/NicoTheoPascal-1024x540.jpg 1024w, http:\/\/taigafilmes.com\/site\/wp-content\/uploads\/2017\/08\/NicoTheoPascal-330x174.jpg 330w, http:\/\/taigafilmes.com\/site\/wp-content\/uploads\/2017\/08\/NicoTheoPascal-720x380.jpg 720w\" sizes=\"(max-width: 300px) 100vw, 300px\" \/><\/a>\n\t\t\t<\/dt><\/dl><dl class='gallery-item'>\n\t\t\t<dt class='gallery-icon landscape'>\n\t\t\t\t<a href='http:\/\/taigafilmes.com\/site\/a060_c011_1103vz\/'><img width=\"300\" height=\"158\" src=\"http:\/\/taigafilmes.com\/site\/wp-content\/uploads\/2017\/08\/NicoTheo2-300x158.jpg\" class=\"attachment-medium size-medium\" alt=\"\" decoding=\"async\" loading=\"lazy\" srcset=\"http:\/\/taigafilmes.com\/site\/wp-content\/uploads\/2017\/08\/NicoTheo2-300x158.jpg 300w, http:\/\/taigafilmes.com\/site\/wp-content\/uploads\/2017\/08\/NicoTheo2-768x405.jpg 768w, http:\/\/taigafilmes.com\/site\/wp-content\/uploads\/2017\/08\/NicoTheo2-1024x540.jpg 1024w, http:\/\/taigafilmes.com\/site\/wp-content\/uploads\/2017\/08\/NicoTheo2-330x174.jpg 330w, http:\/\/taigafilmes.com\/site\/wp-content\/uploads\/2017\/08\/NicoTheo2-720x380.jpg 720w\" sizes=\"(max-width: 300px) 100vw, 300px\" \/><\/a>\n\t\t\t<\/dt><\/dl><dl class='gallery-item'>\n\t\t\t<dt class='gallery-icon landscape'>\n\t\t\t\t<a href='http:\/\/taigafilmes.com\/site\/a060_c004_1103di\/'><img width=\"300\" height=\"158\" src=\"http:\/\/taigafilmes.com\/site\/wp-content\/uploads\/2017\/08\/NicoTheo-300x158.jpg\" class=\"attachment-medium size-medium\" alt=\"\" decoding=\"async\" loading=\"lazy\" srcset=\"http:\/\/taigafilmes.com\/site\/wp-content\/uploads\/2017\/08\/NicoTheo-300x158.jpg 300w, http:\/\/taigafilmes.com\/site\/wp-content\/uploads\/2017\/08\/NicoTheo-768x405.jpg 768w, http:\/\/taigafilmes.com\/site\/wp-content\/uploads\/2017\/08\/NicoTheo-1024x540.jpg 1024w, http:\/\/taigafilmes.com\/site\/wp-content\/uploads\/2017\/08\/NicoTheo-330x174.jpg 330w, http:\/\/taigafilmes.com\/site\/wp-content\/uploads\/2017\/08\/NicoTheo-720x380.jpg 720w\" sizes=\"(max-width: 300px) 100vw, 300px\" \/><\/a>\n\t\t\t<\/dt><\/dl><br style=\"clear: both\" \/><dl class='gallery-item'>\n\t\t\t<dt class='gallery-icon landscape'>\n\t\t\t\t<a href='http:\/\/taigafilmes.com\/site\/a202_c006_1211cq-2\/'><img width=\"300\" height=\"158\" src=\"http:\/\/taigafilmes.com\/site\/wp-content\/uploads\/2017\/08\/NicoMartin-300x158.jpg\" class=\"attachment-medium size-medium\" alt=\"\" decoding=\"async\" loading=\"lazy\" srcset=\"http:\/\/taigafilmes.com\/site\/wp-content\/uploads\/2017\/08\/NicoMartin-300x158.jpg 300w, http:\/\/taigafilmes.com\/site\/wp-content\/uploads\/2017\/08\/NicoMartin-768x405.jpg 768w, http:\/\/taigafilmes.com\/site\/wp-content\/uploads\/2017\/08\/NicoMartin-1024x540.jpg 1024w, http:\/\/taigafilmes.com\/site\/wp-content\/uploads\/2017\/08\/NicoMartin-330x174.jpg 330w, http:\/\/taigafilmes.com\/site\/wp-content\/uploads\/2017\/08\/NicoMartin-720x380.jpg 720w\" sizes=\"(max-width: 300px) 100vw, 300px\" \/><\/a>\n\t\t\t<\/dt><\/dl><dl class='gallery-item'>\n\t\t\t<dt class='gallery-icon landscape'>\n\t\t\t\t<a href='http:\/\/taigafilmes.com\/site\/a202_c006_1211cq\/'><img width=\"300\" height=\"158\" src=\"http:\/\/taigafilmes.com\/site\/wp-content\/uploads\/2017\/08\/Hug-300x158.jpg\" class=\"attachment-medium size-medium\" alt=\"\" decoding=\"async\" loading=\"lazy\" srcset=\"http:\/\/taigafilmes.com\/site\/wp-content\/uploads\/2017\/08\/Hug-300x158.jpg 300w, http:\/\/taigafilmes.com\/site\/wp-content\/uploads\/2017\/08\/Hug-768x405.jpg 768w, http:\/\/taigafilmes.com\/site\/wp-content\/uploads\/2017\/08\/Hug-1024x540.jpg 1024w, http:\/\/taigafilmes.com\/site\/wp-content\/uploads\/2017\/08\/Hug-330x174.jpg 330w, http:\/\/taigafilmes.com\/site\/wp-content\/uploads\/2017\/08\/Hug-720x380.jpg 720w\" sizes=\"(max-width: 300px) 100vw, 300px\" \/><\/a>\n\t\t\t<\/dt><\/dl><dl class='gallery-item'>\n\t\t\t<dt class='gallery-icon landscape'>\n\t\t\t\t<a href='http:\/\/taigafilmes.com\/site\/a234_c002_1219ae\/'><img width=\"300\" height=\"158\" src=\"http:\/\/taigafilmes.com\/site\/wp-content\/uploads\/2017\/08\/NicoMartingrass-300x158.jpg\" class=\"attachment-medium size-medium\" alt=\"\" decoding=\"async\" loading=\"lazy\" srcset=\"http:\/\/taigafilmes.com\/site\/wp-content\/uploads\/2017\/08\/NicoMartingrass-300x158.jpg 300w, http:\/\/taigafilmes.com\/site\/wp-content\/uploads\/2017\/08\/NicoMartingrass-768x405.jpg 768w, http:\/\/taigafilmes.com\/site\/wp-content\/uploads\/2017\/08\/NicoMartingrass-1024x540.jpg 1024w, http:\/\/taigafilmes.com\/site\/wp-content\/uploads\/2017\/08\/NicoMartingrass-330x174.jpg 330w, http:\/\/taigafilmes.com\/site\/wp-content\/uploads\/2017\/08\/NicoMartingrass-720x380.jpg 720w, http:\/\/taigafilmes.com\/site\/wp-content\/uploads\/2017\/08\/NicoMartingrass.jpg 1984w\" sizes=\"(max-width: 300px) 100vw, 300px\" \/><\/a>\n\t\t\t<\/dt><\/dl><br style=\"clear: both\" \/>\n\t\t<\/div>\n<\/p>\n<\/div><\/div><\/div><div id=\"pgc-940-0-1\"  class=\"panel-grid-cell\" ><div id=\"panel-940-0-1-0\" class=\"so-panel widget widget_black-studio-tinymce widget_black_studio_tinymce panel-first-child panel-last-child\" data-index=\"1\" ><div class=\"textwidget\"><h4>Cr\u00e9ditos<\/h4>\n<p>Dire\u00e7\u00e3o:\u00a0Julia Solomonoff<br \/> Produ\u00e7\u00e3o: Argentina\/Brasil\/Col\u00f4mbia<br \/> Ano: 2017<br \/> Dura\u00e7\u00e3o: 102 minutos<br \/> Roteiro: Christina Lazaridi, Julia Solomonoff<br \/> Produ\u00e7\u00e3o executiva: Felicitas Raffo, Andres Longares, Natalia Agudelo Campillo - Nicolas Herre\u00f1o Leal, Lucia Murat, Jaime Mateus-Tique, Elisa Lleras<br \/> Coprodu\u00e7\u00e3o: Isabel Coixet, Juan Perdomo, Georges Schoucair, Bogdan Apetri, Daniel Chabannes<br \/> Dire\u00e7\u00e3o de fotografia: Lucio Bonelli, ADF<br \/> Som direto: Alejandro F\u00e1bregas<br \/> Desenho de som: Lena Esquenazi<br \/> M\u00fasica: Sacha Amback<br \/> Edi\u00e7\u00e3o: Andres Tamborino, Karen Sztanjberg, Pablo Barbieri<br \/> Dire\u00e7\u00e3o de arte: Maite P\u00e9rez \u2013 Nievas<br \/> Figurino: Bego\u00e3 Berges<br \/> Desenho de produ\u00e7\u00e3o: Maite Perez-Nievas e Mariela Ripodas<br \/> Produtoras: Cepa Audiovisual, MadLove Film Factory, Taiga Filmes e V\u00eddeo, Aleph, La Panda, Travesia Producciones<br \/> Coprodutoras: Miss Wasabi, Perdomo, Shortcuts International, Epicentre.<br \/> Elenco: Guillermo Pfening, Elena Roger, Rafael Ferro, Marco Antonio Caponi, Paola Baldion, Mayte Montero, Cristina Morrison, Petra Costa.<\/p>\n<\/div><\/div><\/div><\/div><\/div>","protected":false},"excerpt":{"rendered":"<p>Nico, um ator argentino, tenta a sua sorte em Nova York, e logo descobre que \u00e9 &#8220;muito louro de olhar latino&#8221;, com sotaque muito grosso para o olhar americano. Sua boa apar\u00eancia o ajuda a esconder o que \u00e9 a vida prec\u00e1ria e solit\u00e1ria. Por meio de Theo, ele encontra um grupo de bab\u00e1s latinas [&hellip;]<\/p>\n","protected":false},"author":1,"featured_media":0,"parent":6,"menu_order":0,"comment_status":"closed","ping_status":"closed","template":"templates\/template-full.php","meta":[],"_links":{"self":[{"href":"http:\/\/taigafilmes.com\/site\/wp-json\/wp\/v2\/pages\/940"}],"collection":[{"href":"http:\/\/taigafilmes.com\/site\/wp-json\/wp\/v2\/pages"}],"about":[{"href":"http:\/\/taigafilmes.com\/site\/wp-json\/wp\/v2\/types\/page"}],"author":[{"embeddable":true,"href":"http:\/\/taigafilmes.com\/site\/wp-json\/wp\/v2\/users\/1"}],"replies":[{"embeddable":true,"href":"http:\/\/taigafilmes.com\/site\/wp-json\/wp\/v2\/comments?post=940"}],"version-history":[{"count":52,"href":"http:\/\/taigafilmes.com\/site\/wp-json\/wp\/v2\/pages\/940\/revisions"}],"predecessor-version":[{"id":1465,"href":"http:\/\/taigafilmes.com\/site\/wp-json\/wp\/v2\/pages\/940\/revisions\/1465"}],"up":[{"embeddable":true,"href":"http:\/\/taigafilmes.com\/site\/wp-json\/wp\/v2\/pages\/6"}],"wp:attachment":[{"href":"http:\/\/taigafilmes.com\/site\/wp-json\/wp\/v2\/media?parent=940"}],"curies":[{"name":"wp","href":"https:\/\/api.w.org\/{rel}","templated":true}]}}