

{"id":957,"date":"2017-03-09T21:45:13","date_gmt":"2017-03-10T00:45:13","guid":{"rendered":"http:\/\/taigafilmes.com\/wp\/?page_id=957"},"modified":"2018-07-20T15:10:16","modified_gmt":"2018-07-20T18:10:16","slug":"el-impossible-olvido","status":"publish","type":"page","link":"http:\/\/taigafilmes.com\/site\/filmes-realizados\/el-impossible-olvido\/","title":{"rendered":"O esquecimento imposs\u00edvel"},"content":{"rendered":"<div id=\"pl-957\"  class=\"panel-layout\" ><div id=\"pg-957-0\"  class=\"panel-grid panel-no-style\" ><div id=\"pgc-957-0-0\"  class=\"panel-grid-cell\" ><div id=\"panel-957-0-0-0\" class=\"so-panel widget widget_black-studio-tinymce widget_black_studio_tinymce panel-first-child panel-last-child\" data-index=\"0\" ><div class=\"textwidget\"><p><iframe src=\"https:\/\/player.vimeo.com\/video\/185077618\" width=\"213\" height=\"120\" frameborder=\"0\" allowfullscreen=\"allowfullscreen\"><\/iframe><\/p>\n<p><img class=\"alignright wp-image-958 size-medium\" src=\"http:\/\/taigafilmes.com\/wp\/wp-content\/uploads\/2017\/03\/pt_impossible_olvido_1500-300x158.jpg\" alt=\"\" width=\"300\" height=\"158\" \/><\/p>\n<p>Uma crian\u00e7a vai em busca de seu pai. Um pai desapareceu h\u00e1 35 anos e se tornou p\u00f3. Um p\u00f3 cobrindo o horizonte. Um passado cheio de descuidos e uma tentativa de recuperar momentos, situa\u00e7\u00f5es, gestos e objetos. Um desejo de saber o que aconteceu, acusa\u00e7\u00e3o e pretende completar a hist\u00f3ria da hist\u00f3ria inacabada.<\/p>\n<div>Esse document\u00e1rio trata da hist\u00f3ria de Norberto Harbegg, militante peronista sequestrado no aeroporto do Gale\u00e3o no Rio de Janeiro , em 1978, e at\u00e9 hoje desaparecido, no \u00e2mbito da Opera\u00e7\u00e3o Condor, que reuniu a repress\u00e3o das ditaduras do Chile, Argentina e Brasil.<\/div>\n<\/div><\/div><\/div><div id=\"pgc-957-0-1\"  class=\"panel-grid-cell\" ><div id=\"panel-957-0-1-0\" class=\"so-panel widget widget_black-studio-tinymce widget_black_studio_tinymce panel-first-child panel-last-child\" data-index=\"1\" ><div class=\"textwidget\"><h4>Cr\u00e9ditos<\/h4>\n<p>Dire\u00e7\u00e3o e Roteiro: Andr\u00e9s Habegger (Argentina)<br \/>Produ\u00e7\u00e3o: Felicitas Raffo, Andr\u00e9s Longares, Andr\u00e9s Habegger (Argentina)<br \/>Dire\u00e7\u00e3o de Fotografia e C\u00e2mera: Melina Terribili (Argentina)<br \/>Som Direto: Paula Ram\u00edrez, Joaqu\u00edn Rajadel (Argentina)<br \/>Montagem: Alejandro Brodersohn (Argentina)<br \/>M\u00fasica: Jorge Aliaga (Chile)<br \/>Dire\u00e7\u00e3o de Produ\u00e7\u00e3o: Agustina Lumi (Argentina)<br \/>Assist\u00eancia de Produ\u00e7\u00e3o: Dar\u00edo Doria (Argentina)<\/p>\n<p><strong>Cepa Audiovisual (Argentina)<\/strong><br \/>Produ\u00e7\u00e3o e Administra\u00e7\u00e3o Geral: Pamela Livia Delgado<br \/>Administra\u00e7\u00e3o: Gabriela Delgado<br \/>Auxiliar Administrativa: Mar\u00eda Emilia Bridi<\/p>\n<p><strong>Taiga Filmes e V\u00eddeo (Brasil)<\/strong><br \/>Produtora L\u00facia Murat<br \/>Produtora\/ Som Direto Isabel d\u2019Escragnolle-Taunay<br \/>Assistente de Produ\u00e7\u00e3o Gabriela Amadei<br \/>Assistente de C\u00e2mera Felipe Quintelas<br \/>Eletricista Rodrigo Cabral<\/p>\n<p><strong>La Sand\u00eda Digital. Laboratorio de Cultura Audiovisual (M\u00e9xico)<\/strong><br \/>Produ\u00e7\u00e3o Lorena Salazar Ocampo<br \/>Som Direto Elo\u00edsa Diez<br \/>Assistente de Produ\u00e7\u00e3o Olga Enr\u00edquez<\/p>\n<\/div><\/div><\/div><\/div><\/div>","protected":false},"excerpt":{"rendered":"<p>Uma crian\u00e7a vai em busca de seu pai. Um pai desapareceu h\u00e1 35 anos e se tornou p\u00f3. Um p\u00f3 cobrindo o horizonte. Um passado cheio de descuidos e uma tentativa de recuperar momentos, situa\u00e7\u00f5es, gestos e objetos. Um desejo de saber o que aconteceu, acusa\u00e7\u00e3o e pretende completar a hist\u00f3ria da hist\u00f3ria inacabada.Esse document\u00e1rio [&hellip;]<\/p>\n","protected":false},"author":1,"featured_media":0,"parent":6,"menu_order":0,"comment_status":"closed","ping_status":"closed","template":"templates\/template-full.php","meta":[],"_links":{"self":[{"href":"http:\/\/taigafilmes.com\/site\/wp-json\/wp\/v2\/pages\/957"}],"collection":[{"href":"http:\/\/taigafilmes.com\/site\/wp-json\/wp\/v2\/pages"}],"about":[{"href":"http:\/\/taigafilmes.com\/site\/wp-json\/wp\/v2\/types\/page"}],"author":[{"embeddable":true,"href":"http:\/\/taigafilmes.com\/site\/wp-json\/wp\/v2\/users\/1"}],"replies":[{"embeddable":true,"href":"http:\/\/taigafilmes.com\/site\/wp-json\/wp\/v2\/comments?post=957"}],"version-history":[{"count":11,"href":"http:\/\/taigafilmes.com\/site\/wp-json\/wp\/v2\/pages\/957\/revisions"}],"predecessor-version":[{"id":1713,"href":"http:\/\/taigafilmes.com\/site\/wp-json\/wp\/v2\/pages\/957\/revisions\/1713"}],"up":[{"embeddable":true,"href":"http:\/\/taigafilmes.com\/site\/wp-json\/wp\/v2\/pages\/6"}],"wp:attachment":[{"href":"http:\/\/taigafilmes.com\/site\/wp-json\/wp\/v2\/media?parent=957"}],"curies":[{"name":"wp","href":"https:\/\/api.w.org\/{rel}","templated":true}]}}