

{"id":1652,"date":"2018-02-28T17:20:06","date_gmt":"2018-02-28T20:20:06","guid":{"rendered":"http:\/\/taigafilmes.com\/site\/?page_id=1652"},"modified":"2025-07-31T09:56:09","modified_gmt":"2025-07-31T12:56:09","slug":"main","status":"publish","type":"page","link":"https:\/\/taigafilmes.com\/site\/main\/","title":{"rendered":"Main"},"content":{"rendered":"<div id=\"pl-1652\"  class=\"panel-layout\" ><div id=\"pg-1652-0\"  class=\"panel-grid panel-no-style\" ><div id=\"pgc-1652-0-0\"  class=\"panel-grid-cell\" ><div id=\"panel-1652-0-0-0\" class=\"so-panel widget widget_black-studio-tinymce widget_black_studio_tinymce panel-first-child panel-last-child\" data-index=\"0\" ><div class=\"textwidget\"><p><div id=\"metaslider-id-30\" style=\"max-width: 1080px; margin: 0 auto;\" class=\"ml-slider-3-106-0 metaslider metaslider-flex metaslider-30 ml-slider ms-theme-default nav-hidden\" role=\"region\" aria-label=\"Principal\" data-height=\"420\" data-width=\"1080\">\n    <div id=\"metaslider_container_30\">\n        <div id=\"metaslider_30\">\n            <ul class='slides'>\n                <li style=\"display: block; width: 100%;\" class=\"slide-1716 ms-image \" aria-roledescription=\"slide\" data-date=\"2018-07-31 11:19:01\" data-filename=\"ESCOLA4_13_home_logo1-1080x420.jpg\" data-slide-type=\"image\"><a href=\"http:\/\/taigafilmes.com\/site\/1790-2\/\" target=\"_blank\" aria-label=\"View Slide Details\" class=\"metaslider_image_link\"><img src=\"https:\/\/taigafilmes.com\/site\/wp-content\/uploads\/2025\/01\/ESCOLA4_13_home_logo1-1080x420.jpg\" height=\"420\" width=\"1080\" alt=\"\" class=\"slider-30 slide-1716 msDefaultImage\" title=\"ESCOLA4_13_home_logo1\" \/><\/a><\/li>\n            <\/ul>\n        <\/div>\n        \n    <\/div>\n<\/div><\/p>\n<\/div><\/div><\/div><\/div><div id=\"pg-1652-1\"  class=\"panel-grid panel-no-style\" ><div id=\"pgc-1652-1-0\"  class=\"panel-grid-cell\" ><div id=\"panel-1652-1-0-0\" class=\"so-panel widget widget_black-studio-tinymce widget_black_studio_tinymce panel-first-child panel-last-child\" data-index=\"1\" ><div class=\"textwidget\"><div id=\"KnM9nf\" class=\"PZPZlf\" data-attrid=\"tw-sourceArea\" data-entityname=\"Google Translate\">\n<div id=\"tw-smenu\" class=\"tw-menu\"><span style=\"font-family: Consolas, Monaco, monospace;\">Taiga Filmes will release its most recent feature film, <em>Hora do Recreio<\/em>, in 2025, a story that deals with the issue of education in Brazil through both a documentary and fictional approach. The film was nominated for the Generation 14 plus competition<\/span><\/div>\n<\/div>\n<\/div><\/div><\/div><div id=\"pgc-1652-1-1\"  class=\"panel-grid-cell\" ><div id=\"panel-1652-1-1-0\" class=\"so-panel widget widget_black-studio-tinymce widget_black_studio_tinymce panel-first-child panel-last-child\" data-index=\"2\" ><div class=\"textwidget\"><p><iframe src=\"https:\/\/www.youtube.com\/embed\/IRtjlcD_0qI\" width=\"640\" height=\"360\" frameborder=\"0\" webkitallowfullscreen mozallowfullscreen allowfullscreen><\/iframe><\/p>\n<\/div><\/div><\/div><\/div><div id=\"pg-1652-2\"  class=\"panel-grid panel-has-style\" ><div class=\"siteorigin-panels-stretch panel-row-style-full-width panel-row-style panel-row-style-for-1652-2\" style=\"background-color: #ffbe39; \" data-stretch-type=\"full\" ><div id=\"pgc-1652-2-0\"  class=\"panel-grid-cell\" ><div id=\"panel-1652-2-0-0\" class=\"so-panel widget widget_black-studio-tinymce widget_black_studio_tinymce panel-first-child panel-last-child\" data-index=\"3\" ><div class=\"panel-widget-style panel-widget-style-for-1652-2-0-0\" ><h3 class=\"widget-title\">New production<\/h3><div class=\"textwidget\"><p>Taiga Filmes will be shooting the feature film \u201cThe Messenger\u201d this year. The film won the Edital for Culture of Niter\u00f3i and was also awarded in the contest for \u201cScripts\u2019 in Portugal, being chosen best screenplay by an international jury<\/p>\n<\/div><\/div><\/div><\/div><div id=\"pgc-1652-2-1\"  class=\"panel-grid-cell\" ><div id=\"panel-1652-2-1-0\" class=\"so-panel widget widget_black-studio-tinymce widget_black_studio_tinymce panel-first-child panel-last-child\" data-index=\"4\" ><div class=\"panel-widget-style panel-widget-style-for-1652-2-1-0\" ><h3 class=\"widget-title\">Premiere of Traces of Brazil<\/h3><div class=\"textwidget\"><p>The series <strong>Traces of Brasil<\/strong>, Taiga's latest production, which deals in 12 episodes with violations of indigenous rights, a co-production with Cine Brasil TV, can now also be found at Tamandu\u00e1 and SP Cine.<\/p>\n<\/div><\/div><\/div><\/div><div id=\"pgc-1652-2-2\"  class=\"panel-grid-cell\" ><div id=\"panel-1652-2-2-0\" class=\"so-panel widget widget_black-studio-tinymce widget_black_studio_tinymce panel-first-child panel-last-child\" data-index=\"5\" ><div class=\"panel-widget-style panel-widget-style-for-1652-2-2-0\" ><h3 class=\"widget-title\">New projects<\/h3><div class=\"textwidget\"><p>Taiga enters 2021 in full swing. See in films in production what we are preparing for the next few years.<\/p>\n<\/div><\/div><\/div><\/div><\/div><\/div><div id=\"pg-1652-3\"  class=\"panel-grid panel-no-style\" ><div id=\"pgc-1652-3-0\"  class=\"panel-grid-cell\" ><div id=\"panel-1652-3-0-0\" class=\"so-panel widget widget_black-studio-tinymce widget_black_studio_tinymce panel-first-child panel-last-child\" data-index=\"6\" ><h3 class=\"widget-title\">TAIGA FILMS<\/h3><div class=\"textwidget\"><p><style type='text\/css' media='screen'>\r\n\t\t\t\t\t#tchsp { height: 1%; overflow:hidden; position: relative; padding: 0 50px 10px;   }\r\n\t\t\t\t\t#tchsp .viewport { height: 354px; overflow: hidden; position: relative; }\r\n\t\t\t\t\t#tchsp .buttons { background: #C01313; border-radius: 35px; display: block; position: absolute;\r\n\t\t\t\t\ttop: 40%; left: 0; width: 35px; height: 35px; color: #fff; font-weight: bold; text-align: center; line-height: 35px; text-decoration: none;\r\n\t\t\t\t\tfont-size: 22px; }\r\n\t\t\t\t\t#tchsp .next { right: 0; left: auto;top: 40%; }\r\n\t\t\t\t\t#tchsp .buttons:hover{ color: #C01313;background: #fff; }\r\n\t\t\t\t\t#tchsp .disable { visibility: hidden; }\r\n\t\t\t\t\t#tchsp .overview { list-style: none; position: absolute; padding: 0; margin: 0; width: 241px; left: 0 top: 0; }\r\n\t\t\t\t\t#tchsp .overview li{ float: left; margin: 0 20px 0 0; padding: 1px; height: 350px; border: 1px solid #dcdcdc; width: 237px;}\r\n\t\t\t\t\t<\/style><div id=\"tchsp\"><a class=\"buttons prev\" href=\"#\">&#60;<\/a><div class=\"viewport\"><ul class=\"overview\"><li><a href=\"http:\/\/taigafilmes.com\/site\/pt\/filmes-realizados\/el-impossible-olvido\/\" target=\"_target\"><img alt=\"El (im)possible olvido\" src=\"http:\/\/taigafilmes.com\/site\/wp-content\/uploads\/2017\/03\/elimpossibleolvidocartaz_home.jpg\" \/><\/a><\/li><li><a href=\"http:\/\/taigafilmes.com\/site\/pt\/filmes-realizados\/ninguem-esta-olhando\/\" target=\"_target\"><img alt=\"Ningu\u00e9m est\u00e1 olhando\" src=\"http:\/\/taigafilmes.com\/site\/wp-content\/uploads\/2017\/03\/nadienosmira_pe_home_cartaz4.jpg\" \/><\/a><\/li><li><a href=\"http:\/\/taigafilmes.com\/site\/pt\/filmes-realizados\/a-nacao-que-nao-esperou-por-deus\/\" target=\"_target\"><img alt=\"A na\u00e7\u00e3o que n\u00e3o esperou por Deus\" src=\"http:\/\/taigafilmes.com\/site\/wp-content\/uploads\/2015\/06\/cartaz_anacao.jpg\" \/><\/a><\/li><li><a href=\"http:\/\/taigafilmes.com\/site\/pt\/filmes-realizados\/a-memoria-que-me-contam\/\" target=\"_target\"><img alt=\"A mem\u00f3ria que me contam\" src=\"http:\/\/taigafilmes.com\/site\/wp-content\/uploads\/2015\/06\/cartaz_memoria1_br.jpg\" \/><\/a><\/li><li><a href=\"http:\/\/taigafilmes.com\/site\/pt\/filmes-realizados\/historias-que-so-existem-quando-contadas\/\" target=\"_target\"><img alt=\"Hist\u00f3rias que s\u00f3 existem quando contadas\" src=\"http:\/\/taigafilmes.com\/site\/wp-content\/uploads\/2015\/06\/cartaz_historias.jpg\" \/><\/a><\/li><li><a href=\"http:\/\/taigafilmes.com\/site\/pt\/filmes-realizados\/uma-longa-viagem\/\" target=\"_target\"><img alt=\"Uma longa viagem\" src=\"http:\/\/taigafilmes.com\/site\/wp-content\/uploads\/2015\/06\/cartas_longaViagem.jpg\" \/><\/a><\/li><li><a href=\"http:\/\/taigafilmes.com\/site\/pt\/filmes-realizados\/dia-dos-pais\/\" target=\"_target\"><img alt=\"Dia dos pais\" src=\"http:\/\/taigafilmes.com\/site\/wp-content\/uploads\/2015\/06\/cartaz_diadospais.jpg\" \/><\/a><\/li><li><a href=\"http:\/\/taigafilmes.com\/site\/pt\/filmes-realizados\/mare-nossa-historia-de-amor\/\" target=\"_target\"><img alt=\"Mar\u00e9, uma hist\u00f3ria de amor\" src=\"http:\/\/taigafilmes.com\/site\/wp-content\/uploads\/2015\/06\/cartaz_mare.jpg\" \/><\/a><\/li><li><a href=\"http:\/\/taigafilmes.com\/site\/pt\/filmes-realizados\/olhar-estrangeiro\/\" target=\"_target\"><img alt=\"Olhar estrangeiro\" src=\"http:\/\/taigafilmes.com\/site\/wp-content\/uploads\/2015\/06\/cartaz_olharestrangeiro.jpg\" \/><\/a><\/li><li><a href=\"http:\/\/taigafilmes.com\/site\/pt\/filmes-realizados\/quase-dois-irmaos\/\" target=\"_target\"><img alt=\"Quase dois irm\u00e3os\" src=\"http:\/\/taigafilmes.com\/site\/wp-content\/uploads\/2015\/06\/cartaz_quasedoisirmaos1.jpg\" \/><\/a><\/li><li><a href=\"http:\/\/taigafilmes.com\/site\/pt\/filmes-realizados\/brava-gente-brasileira\/\" target=\"_target\"><img alt=\"Brava gente brasileira\" src=\"http:\/\/taigafilmes.com\/site\/wp-content\/uploads\/2015\/06\/cartaz_bravagente.jpg\" \/><\/a><\/li><li><a href=\"http:\/\/taigafilmes.com\/site\/pt\/filmes-realizados\/doces-poderes\/\" target=\"_target\"><img alt=\"Doces poderes\" src=\"http:\/\/taigafilmes.com\/site\/wp-content\/uploads\/2015\/06\/cartaz_docespoderes.jpg\" \/><\/a><\/li><li><a href=\"http:\/\/taigafilmes.com\/site\/pt\/filmes-realizados\/quem-bom-te-ver-viva\/\" target=\"_target\"><img alt=\"Que bom te ver viva\" src=\"http:\/\/taigafilmes.com\/site\/wp-content\/uploads\/2015\/06\/cartaz_quebomteverviva.jpg\" \/><\/a><\/li><li><a href=\"http:\/\/taigafilmes.com\/pracaparis\/\" target=\"_target\"><img alt=\"Ana. Sem t\u00edtulo\" src=\"http:\/\/taigafilmes.com\/site\/wp-content\/uploads\/2021\/09\/Ana_cartaz_p.jpg\" \/><\/a><\/li><li><a href=\"http:\/\/taigafilmes.com\/pracaparis\/\" target=\"_target\"><img alt=\"Pra\u00e7a Paris\" src=\"http:\/\/taigafilmes.com\/site\/wp-content\/uploads\/2021\/09\/praca_paris.jpg\" \/><\/a><\/li><\/ul><\/div><a class=\"buttons next\" href=\"#\">&#62;<\/a><\/div><script type=\"text\/javascript\">jQuery(document).ready(function(){jQuery('#tchsp').tinycarousel({ buttons: true, interval: true, intervalTime: 1000, animationTime: 1000 });});<\/script><\/p>\n<\/div><\/div><\/div><\/div><\/div>","protected":false},"excerpt":{"rendered":"<p>Taiga Filmes will release its most recent feature film, Hora do Recreio, in 2025, a story that deals with the issue of education in Brazil through both a documentary and fictional approach. The film was nominated for the Generation 14 plus competition<\/p>\n","protected":false},"author":1,"featured_media":0,"parent":0,"menu_order":0,"comment_status":"closed","ping_status":"open","template":"home-panels.php","meta":[],"_links":{"self":[{"href":"https:\/\/taigafilmes.com\/site\/wp-json\/wp\/v2\/pages\/1652"}],"collection":[{"href":"https:\/\/taigafilmes.com\/site\/wp-json\/wp\/v2\/pages"}],"about":[{"href":"https:\/\/taigafilmes.com\/site\/wp-json\/wp\/v2\/types\/page"}],"author":[{"embeddable":true,"href":"https:\/\/taigafilmes.com\/site\/wp-json\/wp\/v2\/users\/1"}],"replies":[{"embeddable":true,"href":"https:\/\/taigafilmes.com\/site\/wp-json\/wp\/v2\/comments?post=1652"}],"version-history":[{"count":29,"href":"https:\/\/taigafilmes.com\/site\/wp-json\/wp\/v2\/pages\/1652\/revisions"}],"predecessor-version":[{"id":2211,"href":"https:\/\/taigafilmes.com\/site\/wp-json\/wp\/v2\/pages\/1652\/revisions\/2211"}],"wp:attachment":[{"href":"https:\/\/taigafilmes.com\/site\/wp-json\/wp\/v2\/media?parent=1652"}],"curies":[{"name":"wp","href":"https:\/\/api.w.org\/{rel}","templated":true}]}}