

{"id":349,"date":"2015-06-20T20:06:29","date_gmt":"2015-06-20T23:06:29","guid":{"rendered":"http:\/\/taigafilmes.com\/wp\/?page_id=349"},"modified":"2026-03-03T11:42:59","modified_gmt":"2026-03-03T14:42:59","slug":"inicial","status":"publish","type":"page","link":"https:\/\/taigafilmes.com\/site\/inicial\/","title":{"rendered":"In\u00edcio"},"content":{"rendered":"<div id=\"pl-349\"  class=\"panel-layout\" ><div id=\"pg-349-0\"  class=\"panel-grid panel-no-style\" ><div id=\"pgc-349-0-0\"  class=\"panel-grid-cell\" ><div id=\"panel-349-0-0-0\" class=\"so-panel widget widget_black-studio-tinymce widget_black_studio_tinymce panel-first-child panel-last-child\" data-index=\"0\" ><div class=\"textwidget\"><p><div id=\"metaslider-id-30\" style=\"max-width: 1080px; margin: 0 auto;\" class=\"ml-slider-3-106-0 metaslider metaslider-flex metaslider-30 ml-slider ms-theme-default nav-hidden\" role=\"region\" aria-label=\"Principal\" data-height=\"420\" data-width=\"1080\">\n    <div id=\"metaslider_container_30\">\n        <div id=\"metaslider_30\">\n            <ul class='slides'>\n                <li style=\"display: block; width: 100%;\" class=\"slide-1716 ms-image \" aria-roledescription=\"slide\" data-date=\"2018-07-31 11:19:01\" data-filename=\"ESCOLA4_13_home_logo1-1080x420.jpg\" data-slide-type=\"image\"><a href=\"http:\/\/taigafilmes.com\/site\/1790-2\/\" target=\"_blank\" aria-label=\"View Slide Details\" class=\"metaslider_image_link\"><img src=\"https:\/\/taigafilmes.com\/site\/wp-content\/uploads\/2025\/01\/ESCOLA4_13_home_logo1-1080x420.jpg\" height=\"420\" width=\"1080\" alt=\"\" class=\"slider-30 slide-1716 msDefaultImage\" title=\"ESCOLA4_13_home_logo1\" \/><\/a><\/li>\n            <\/ul>\n        <\/div>\n        \n    <\/div>\n<\/div><\/p>\n<\/div><\/div><\/div><\/div><div id=\"pg-349-1\"  class=\"panel-grid panel-no-style\" ><div id=\"pgc-349-1-0\"  class=\"panel-grid-cell\" ><div id=\"panel-349-1-0-0\" class=\"so-panel widget widget_black-studio-tinymce widget_black_studio_tinymce panel-first-child panel-last-child\" data-index=\"1\" ><div class=\"textwidget\"><p>A Taiga Filmes vai lan\u00e7ar em 12 de mar\u00e7o de 2026 seu mais recente filme de longa-metragem, <em>Hora do Recreio<\/em>, uma hist\u00f3ria que trata a quest\u00e3o da educa\u00e7\u00e3o no Brasil tanto atrav\u00e9s de uma abordagem documental quanto ficcional.<\/p>\n<p><em>Hora do recreio<\/em> foi apresentado com excelente repercuss\u00e3o em Berlim, ganhando men\u00e7\u00e3o especial do j\u00fari jovem da Generation plus no \u00e2mbito de melhor filme.<\/p>\n<\/div><\/div><\/div><div id=\"pgc-349-1-1\"  class=\"panel-grid-cell\" ><div id=\"panel-349-1-1-0\" class=\"so-panel widget widget_black-studio-tinymce widget_black_studio_tinymce panel-first-child panel-last-child\" data-index=\"2\" ><div class=\"textwidget\"><p><iframe src=\"https:\/\/player.vimeo.com\/video\/985782814?h=1f41f65d33\" width=\"640\" height=\"360\" frameborder=\"0\" fullscreen; picture-in-picture\" allowfullscreen><\/iframe><\/p>\n<p><a href=\"https:\/\/vimeo.com\/985782814\">O Mensageiro (Trailer)<\/a> from <a href=\"https:\/\/vimeo.com\/taigafilmes\">Taiga Filmes<\/a> on <a href=\"https:\/\/vimeo.com\">Vimeo<\/a>.<\/p>\n<\/div><\/div><\/div><\/div><div id=\"pg-349-2\"  class=\"panel-grid panel-has-style\" ><div class=\"siteorigin-panels-stretch panel-row-style-full-width panel-row-style panel-row-style-for-349-2\" style=\"background-color: #ffbe39; \" data-stretch-type=\"full\" ><div id=\"pgc-349-2-0\"  class=\"panel-grid-cell\" ><div id=\"panel-349-2-0-0\" class=\"so-panel widget widget_black-studio-tinymce widget_black_studio_tinymce panel-first-child panel-last-child\" data-index=\"3\" ><div class=\"panel-widget-style panel-widget-style-for-349-2-0-0\" ><h3 class=\"widget-title\">Mostra Cinema de Resist\u00eancia<\/h3><div class=\"textwidget\"><p style=\"font-weight: 400;\">A mostra Cinema de Resist\u00eancia. Um olhar sobre o Brasil invis\u00edvel que durante um m\u00eas faz uma retrospectiva de 34 obras da cineasta Lucia Murat ocuparam o CCBB de S\u00e3o Paulo de 04\/06 a 29\/06 de 2025 e do Rio de Janeiro de 04\/05 a 23\/06 de 2025.<\/p>\n<\/div><\/div><\/div><\/div><div id=\"pgc-349-2-1\"  class=\"panel-grid-cell\" ><div id=\"panel-349-2-1-0\" class=\"so-panel widget widget_black-studio-tinymce widget_black_studio_tinymce panel-first-child panel-last-child\" data-index=\"4\" ><div class=\"panel-widget-style panel-widget-style-for-349-2-1-0\" ><h3 class=\"widget-title\">V\u00eddeos dos debates<\/h3><div class=\"textwidget\"><p>Publicamos uma <a href=\"http:\/\/taigafilmes.com\/site\/mostra-cinema-de-resistencia-videos\/\">p\u00e1gina com os links do Youtube<\/a> para os v\u00eddeos dos debates com especialistas, t\u00e9cnicos e atores dos filmes de Lucia Murat, realizados em junho de 2025 nos CCBB do Rio e de S\u00e3o Paulo<\/p>\n<\/div><\/div><\/div><\/div><div id=\"pgc-349-2-2\"  class=\"panel-grid-cell\" ><div id=\"panel-349-2-2-0\" class=\"so-panel widget widget_black-studio-tinymce widget_black_studio_tinymce panel-first-child panel-last-child\" data-index=\"5\" ><div class=\"panel-widget-style panel-widget-style-for-349-2-2-0\" ><h3 class=\"widget-title\">&nbsp;<\/h3><div class=\"textwidget\"><p>&nbsp;<\/p>\n<\/div><\/div><\/div><\/div><\/div><\/div><div id=\"pg-349-3\"  class=\"panel-grid panel-no-style\" ><div id=\"pgc-349-3-0\"  class=\"panel-grid-cell\" ><div id=\"panel-349-3-0-0\" class=\"so-panel widget widget_black-studio-tinymce widget_black_studio_tinymce panel-first-child\" data-index=\"6\" ><h3 class=\"widget-title\">FILMES DA TAIGA<\/h3><div class=\"textwidget\"><p><style type='text\/css' media='screen'>\r\n\t\t\t\t\t#tchsp { height: 1%; overflow:hidden; position: relative; padding: 0 50px 10px;   }\r\n\t\t\t\t\t#tchsp .viewport { height: 354px; overflow: hidden; position: relative; }\r\n\t\t\t\t\t#tchsp .buttons { background: #C01313; border-radius: 35px; display: block; position: absolute;\r\n\t\t\t\t\ttop: 40%; left: 0; width: 35px; height: 35px; color: #fff; font-weight: bold; text-align: center; line-height: 35px; text-decoration: none;\r\n\t\t\t\t\tfont-size: 22px; }\r\n\t\t\t\t\t#tchsp .next { right: 0; left: auto;top: 40%; }\r\n\t\t\t\t\t#tchsp .buttons:hover{ color: #C01313;background: #fff; }\r\n\t\t\t\t\t#tchsp .disable { visibility: hidden; }\r\n\t\t\t\t\t#tchsp .overview { list-style: none; position: absolute; padding: 0; margin: 0; width: 241px; left: 0 top: 0; }\r\n\t\t\t\t\t#tchsp .overview li{ float: left; margin: 0 20px 0 0; padding: 1px; height: 350px; border: 1px solid #dcdcdc; width: 237px;}\r\n\t\t\t\t\t<\/style><div id=\"tchsp\"><a class=\"buttons prev\" href=\"#\">&#60;<\/a><div class=\"viewport\"><ul class=\"overview\"><li><a href=\"http:\/\/taigafilmes.com\/site\/pt\/filmes-realizados\/el-impossible-olvido\/\" target=\"_target\"><img alt=\"El (im)possible olvido\" src=\"http:\/\/taigafilmes.com\/site\/wp-content\/uploads\/2017\/03\/elimpossibleolvidocartaz_home.jpg\" \/><\/a><\/li><li><a href=\"http:\/\/taigafilmes.com\/site\/pt\/filmes-realizados\/ninguem-esta-olhando\/\" target=\"_target\"><img alt=\"Ningu\u00e9m est\u00e1 olhando\" src=\"http:\/\/taigafilmes.com\/site\/wp-content\/uploads\/2017\/03\/nadienosmira_pe_home_cartaz4.jpg\" \/><\/a><\/li><li><a href=\"http:\/\/taigafilmes.com\/site\/pt\/filmes-realizados\/a-nacao-que-nao-esperou-por-deus\/\" target=\"_target\"><img alt=\"A na\u00e7\u00e3o que n\u00e3o esperou por Deus\" src=\"http:\/\/taigafilmes.com\/site\/wp-content\/uploads\/2015\/06\/cartaz_anacao.jpg\" \/><\/a><\/li><li><a href=\"http:\/\/taigafilmes.com\/site\/pt\/filmes-realizados\/a-memoria-que-me-contam\/\" target=\"_target\"><img alt=\"A mem\u00f3ria que me contam\" src=\"http:\/\/taigafilmes.com\/site\/wp-content\/uploads\/2015\/06\/cartaz_memoria1_br.jpg\" \/><\/a><\/li><li><a href=\"http:\/\/taigafilmes.com\/site\/pt\/filmes-realizados\/historias-que-so-existem-quando-contadas\/\" target=\"_target\"><img alt=\"Hist\u00f3rias que s\u00f3 existem quando contadas\" src=\"http:\/\/taigafilmes.com\/site\/wp-content\/uploads\/2015\/06\/cartaz_historias.jpg\" \/><\/a><\/li><li><a href=\"http:\/\/taigafilmes.com\/site\/pt\/filmes-realizados\/uma-longa-viagem\/\" target=\"_target\"><img alt=\"Uma longa viagem\" src=\"http:\/\/taigafilmes.com\/site\/wp-content\/uploads\/2015\/06\/cartas_longaViagem.jpg\" \/><\/a><\/li><li><a href=\"http:\/\/taigafilmes.com\/site\/pt\/filmes-realizados\/dia-dos-pais\/\" target=\"_target\"><img alt=\"Dia dos pais\" src=\"http:\/\/taigafilmes.com\/site\/wp-content\/uploads\/2015\/06\/cartaz_diadospais.jpg\" \/><\/a><\/li><li><a href=\"http:\/\/taigafilmes.com\/site\/pt\/filmes-realizados\/mare-nossa-historia-de-amor\/\" target=\"_target\"><img alt=\"Mar\u00e9, uma hist\u00f3ria de amor\" src=\"http:\/\/taigafilmes.com\/site\/wp-content\/uploads\/2015\/06\/cartaz_mare.jpg\" \/><\/a><\/li><li><a href=\"http:\/\/taigafilmes.com\/site\/pt\/filmes-realizados\/olhar-estrangeiro\/\" target=\"_target\"><img alt=\"Olhar estrangeiro\" src=\"http:\/\/taigafilmes.com\/site\/wp-content\/uploads\/2015\/06\/cartaz_olharestrangeiro.jpg\" \/><\/a><\/li><li><a href=\"http:\/\/taigafilmes.com\/site\/pt\/filmes-realizados\/quase-dois-irmaos\/\" target=\"_target\"><img alt=\"Quase dois irm\u00e3os\" src=\"http:\/\/taigafilmes.com\/site\/wp-content\/uploads\/2015\/06\/cartaz_quasedoisirmaos1.jpg\" \/><\/a><\/li><li><a href=\"http:\/\/taigafilmes.com\/site\/pt\/filmes-realizados\/brava-gente-brasileira\/\" target=\"_target\"><img alt=\"Brava gente brasileira\" src=\"http:\/\/taigafilmes.com\/site\/wp-content\/uploads\/2015\/06\/cartaz_bravagente.jpg\" \/><\/a><\/li><li><a href=\"http:\/\/taigafilmes.com\/site\/pt\/filmes-realizados\/doces-poderes\/\" target=\"_target\"><img alt=\"Doces poderes\" src=\"http:\/\/taigafilmes.com\/site\/wp-content\/uploads\/2015\/06\/cartaz_docespoderes.jpg\" \/><\/a><\/li><li><a href=\"http:\/\/taigafilmes.com\/site\/pt\/filmes-realizados\/quem-bom-te-ver-viva\/\" target=\"_target\"><img alt=\"Que bom te ver viva\" src=\"http:\/\/taigafilmes.com\/site\/wp-content\/uploads\/2015\/06\/cartaz_quebomteverviva.jpg\" \/><\/a><\/li><li><a href=\"http:\/\/taigafilmes.com\/pracaparis\/\" target=\"_target\"><img alt=\"Ana. Sem t\u00edtulo\" src=\"http:\/\/taigafilmes.com\/site\/wp-content\/uploads\/2021\/09\/Ana_cartaz_p.jpg\" \/><\/a><\/li><li><a href=\"http:\/\/taigafilmes.com\/pracaparis\/\" target=\"_target\"><img alt=\"Pra\u00e7a Paris\" src=\"http:\/\/taigafilmes.com\/site\/wp-content\/uploads\/2021\/09\/praca_paris.jpg\" \/><\/a><\/li><\/ul><\/div><a class=\"buttons next\" href=\"#\">&#62;<\/a><\/div><script type=\"text\/javascript\">jQuery(document).ready(function(){jQuery('#tchsp').tinycarousel({ buttons: true, interval: true, intervalTime: 1000, animationTime: 1000 });});<\/script><\/p>\n<\/div><\/div><div id=\"panel-349-3-0-1\" class=\"so-panel widget widget_vantage-social-media panel-last-child\" data-index=\"7\" ><a class=\"social-media-icon social-media-icon-facebook social-media-icon-size-medium\" href=\"https:\/\/www.facebook.com\/taiga.filmes\/\" title=\"Taiga Filmes e V\u00eddeo Facebook\" ><span class=\"fa fa-facebook\"><\/span><\/a><a class=\"social-media-icon social-media-icon-instagram social-media-icon-size-medium\" href=\"https:\/\/www.instagram.com\/taigafilmes\/?hl=en\" title=\"Taiga Filmes e V\u00eddeo Instagram\" ><span class=\"fa fa-instagram\"><\/span><\/a><a class=\"social-media-icon social-media-icon-youtube social-media-icon-size-medium\" href=\"https:\/\/www.youtube.com\/channel\/UCpWpi-7uSlmXytgpsQAWYtg?view_as=subscriber\" title=\"Taiga Filmes e V\u00eddeo YouTube\" ><span class=\"fa fa-youtube\"><\/span><\/a><\/div><\/div><\/div><\/div>","protected":false},"excerpt":{"rendered":"<p>A Taiga Filmes vai lan\u00e7ar em 12 de mar\u00e7o de 2026 seu mais recente filme de longa-metragem, Hora do Recreio, uma hist\u00f3ria que trata a quest\u00e3o da educa\u00e7\u00e3o no Brasil tanto atrav\u00e9s de uma abordagem documental quanto ficcional. Hora do recreio foi apresentado com excelente repercuss\u00e3o em Berlim, ganhando men\u00e7\u00e3o especial do j\u00fari jovem da [&hellip;]<\/p>\n","protected":false},"author":1,"featured_media":0,"parent":0,"menu_order":0,"comment_status":"closed","ping_status":"open","template":"home-panels.php","meta":[],"_links":{"self":[{"href":"https:\/\/taigafilmes.com\/site\/wp-json\/wp\/v2\/pages\/349"}],"collection":[{"href":"https:\/\/taigafilmes.com\/site\/wp-json\/wp\/v2\/pages"}],"about":[{"href":"https:\/\/taigafilmes.com\/site\/wp-json\/wp\/v2\/types\/page"}],"author":[{"embeddable":true,"href":"https:\/\/taigafilmes.com\/site\/wp-json\/wp\/v2\/users\/1"}],"replies":[{"embeddable":true,"href":"https:\/\/taigafilmes.com\/site\/wp-json\/wp\/v2\/comments?post=349"}],"version-history":[{"count":242,"href":"https:\/\/taigafilmes.com\/site\/wp-json\/wp\/v2\/pages\/349\/revisions"}],"predecessor-version":[{"id":2318,"href":"https:\/\/taigafilmes.com\/site\/wp-json\/wp\/v2\/pages\/349\/revisions\/2318"}],"wp:attachment":[{"href":"https:\/\/taigafilmes.com\/site\/wp-json\/wp\/v2\/media?parent=349"}],"curies":[{"name":"wp","href":"https:\/\/api.w.org\/{rel}","templated":true}]}}